{"id":24122,"date":"2023-03-16T21:31:19","date_gmt":"2023-03-16T21:31:19","guid":{"rendered":"https:\/\/deluxevibe.nl\/?page_id=24122"},"modified":"2025-04-03T03:40:13","modified_gmt":"2025-04-03T01:40:13","slug":"over-ons","status":"publish","type":"page","link":"https:\/\/deluxevibe.nl\/de\/over-ons\/","title":{"rendered":"\u00dcber uns"},"content":{"rendered":"<div data-elementor-type=\"wp-page\" data-elementor-id=\"24122\" class=\"elementor elementor-24122\">\n\t\t\t\t\t\t<section class=\"elementor-section elementor-top-section elementor-element elementor-element-0d312cd elementor-section-boxed elementor-section-gap-beside-yes elementor-section-height-default elementor-section-height-default elementor-section-column-vertical-align-stretch\" data-id=\"0d312cd\" data-element_type=\"section\" data-e-type=\"section\">\n\t\t\t\t\t\t<div class=\"elementor-container elementor-column-gap-extended\">\n\t\t\t\t\t<div class=\"elementor-column elementor-col-50 elementor-top-column elementor-element elementor-element-dd4a724\" data-id=\"dd4a724\" data-element_type=\"column\" data-e-type=\"column\">\n\t\t\t<div class=\"elementor-widget-wrap elementor-element-populated\">\n\t\t\t\t\t\t<div class=\"elementor-element elementor-element-039504d elementor-widget elementor-widget-tm-heading\" data-id=\"039504d\" data-element_type=\"widget\" data-e-type=\"widget\" data-widget_type=\"tm-heading.default\">\n\t\t\t\t<div class=\"elementor-widget-container\">\n\t\t\t\t\t\t\t<div class=\"tm-modern-heading tm-modern-heading--style-01 tm-modern-heading--highlight-style-01\">\n\t\t\t\n\t\t\t\t\t<div class=\"heading-primary-wrap\">\n\t\t\t<h2 class=\"heading-primary elementor-heading-title\">Unsere Geschichte<\/h2>\t\t<\/div>\n\t\t\n\t\t\t\n\t\t\t\t\t<\/div>\n\t\t\t\t\t\t<\/div>\n\t\t\t\t<\/div>\n\t\t\t\t<div class=\"elementor-element elementor-element-2571ed3 elementor-widget elementor-widget-spacer\" data-id=\"2571ed3\" data-element_type=\"widget\" data-e-type=\"widget\" data-widget_type=\"spacer.default\">\n\t\t\t\t<div class=\"elementor-widget-container\">\n\t\t\t\t\t\t\t<div class=\"elementor-spacer\">\n\t\t\t<div class=\"elementor-spacer-inner\"><\/div>\n\t\t<\/div>\n\t\t\t\t\t\t<\/div>\n\t\t\t\t<\/div>\n\t\t\t\t<div class=\"elementor-element elementor-element-46ed868 elementor-widget elementor-widget-text-editor\" data-id=\"46ed868\" data-element_type=\"widget\" data-e-type=\"widget\" data-widget_type=\"text-editor.default\">\n\t\t\t\t<div class=\"elementor-widget-container\">\n\t\t\t\t\t\t\t\t\tBei De Luxe Vibe verkaufen wir nur Sonnenbrillen von h\u00f6chster Qualit\u00e4t! Unsere Produkte und unsere Kunden liegen uns am Herzen. Deshalb stellen wir sicher, dass unsere Sonnenbrillen nur aus den besten Materialien hergestellt werden. Wir m\u00f6chten auch, dass unsere Kunden mit dem Produkt zufrieden sind und bieten deshalb auf alle unsere Produkte eine Zufriedenheitsgarantie. Wir stellen immer sicher, dass Sie mit Ihrer Bestellung 100% zufrieden sind! Gute Qualit\u00e4t muss jedoch nicht teuer sein. Deshalb sind alle Sonnenbrillen bei De Luxe Vibe sehr erschwinglich. So kommt jeder in den Genuss einer hochwertigen Sonnenbrille!\n<ul class=\"pl-0 list-style-none\">\n \t<li>Vervollst\u00e4ndigen Sie Ihr Outfit mit einer luxuri\u00f6sen Sonnenbrille.<\/li>\n \t<li>Alle Produkte wurden von uns vorab getestet!<\/li>\n \t<li>Wir garantieren Ihnen Qualit\u00e4tssonnenbrillen.<\/li>\n<\/ul>\t\t\t\t\t\t\t\t<\/div>\n\t\t\t\t<\/div>\n\t\t\t\t\t<\/div>\n\t\t<\/div>\n\t\t\t\t<div class=\"elementor-column elementor-col-50 elementor-top-column elementor-element elementor-element-27afad5\" data-id=\"27afad5\" data-element_type=\"column\" data-e-type=\"column\">\n\t\t\t<div class=\"elementor-widget-wrap elementor-element-populated\">\n\t\t\t\t\t\t<div class=\"elementor-element elementor-element-600f875 elementor-widget elementor-widget-tm-heading\" data-id=\"600f875\" data-element_type=\"widget\" data-e-type=\"widget\" data-widget_type=\"tm-heading.default\">\n\t\t\t\t<div class=\"elementor-widget-container\">\n\t\t\t\t\t\t\t<div class=\"tm-modern-heading tm-modern-heading--style-01 tm-modern-heading--highlight-style-01\">\n\t\t\t\n\t\t\t\t\t<div class=\"heading-primary-wrap\">\n\t\t\t<h2 class=\"heading-primary elementor-heading-title\">Warum De Luxe Vibe?<\/h2>\t\t<\/div>\n\t\t\n\t\t\t\n\t\t\t\t\t<\/div>\n\t\t\t\t\t\t<\/div>\n\t\t\t\t<\/div>\n\t\t\t\t<div class=\"elementor-element elementor-element-2a6606d elementor-widget elementor-widget-spacer\" data-id=\"2a6606d\" data-element_type=\"widget\" data-e-type=\"widget\" data-widget_type=\"spacer.default\">\n\t\t\t\t<div class=\"elementor-widget-container\">\n\t\t\t\t\t\t\t<div class=\"elementor-spacer\">\n\t\t\t<div class=\"elementor-spacer-inner\"><\/div>\n\t\t<\/div>\n\t\t\t\t\t\t<\/div>\n\t\t\t\t<\/div>\n\t\t\t\t<div class=\"elementor-element elementor-element-25e816d elementor-widget elementor-widget-text-editor\" data-id=\"25e816d\" data-element_type=\"widget\" data-e-type=\"widget\" data-widget_type=\"text-editor.default\">\n\t\t\t\t<div class=\"elementor-widget-container\">\n\t\t\t\t\t\t\t\t\tWir sorgen daf\u00fcr, dass Sie Ihr Outfit auf luxuri\u00f6se Weise vervollst\u00e4ndigen. Dar\u00fcber hinaus garantieren wir Ihnen Sonnenbrillen in Top-Qualit\u00e4t zum g\u00fcnstigen Preis! Sie k\u00f6nnen bei uns per Vorkasse oder im Nachhinein bezahlen. Wir sorgen daf\u00fcr, dass Ihre Bestellung ordnungsgem\u00e4\u00df verpackt und schnellstm\u00f6glich geliefert wird. Bei uns erhalten Sie nicht nur eine Luxus-Sonnenbrille, sondern auch ein Luxus-Brillenetui, ein Brillenputztuch und ein Brillenetui. Vorteile\n<ul>\n \t<li>\n\nBezahlen Sie sicher im Voraus oder im Nachhinein.<\/li>\n \t<li>\n\nLuxus-Sonnenbrillen f\u00fcr Damen und Herren.<\/li>\n \t<li>\n\nIhre Bestellung wird schnell und kostenlos geliefert.<\/li>\n \t<li>\n\n100% Zufriedenheitsgarantie.<\/li>\n \t<li>\n\nTop Qualit\u00e4t.<\/li>\n<\/ul>\t\t\t\t\t\t\t\t<\/div>\n\t\t\t\t<\/div>\n\t\t\t\t\t<\/div>\n\t\t<\/div>\n\t\t\t\t\t<\/div>\n\t\t<\/section>\n\t\t\t\t<section class=\"elementor-section elementor-top-section elementor-element elementor-element-1d449b7 elementor-section-boxed elementor-section-gap-beside-yes elementor-section-height-default elementor-section-height-default elementor-section-content-align-center elementor-section-column-vertical-align-stretch\" data-id=\"1d449b7\" data-element_type=\"section\" data-e-type=\"section\">\n\t\t\t\t\t\t<div class=\"elementor-container elementor-column-gap-extended\">\n\t\t\t\t\t<div class=\"elementor-column elementor-col-100 elementor-top-column elementor-element elementor-element-4739dc2\" data-id=\"4739dc2\" data-element_type=\"column\" data-e-type=\"column\">\n\t\t\t<div class=\"elementor-widget-wrap elementor-element-populated\">\n\t\t\t\t\t\t<div class=\"elementor-element elementor-element-a8ec65f elementor-widget__width-initial elementor-widget elementor-widget-html\" data-id=\"a8ec65f\" data-element_type=\"widget\" data-e-type=\"widget\" data-widget_type=\"html.default\">\n\t\t\t\t<div class=\"elementor-widget-container\">\n\t\t\t\t\t<valued-widget layout=\"reviews\" size=\"big\" align=\"center\" theme=\"dark\" amount=\"6\" width=\"1350px\"><\/valued-widget>\t\t\t\t<\/div>\n\t\t\t\t<\/div>\n\t\t\t\t\t<\/div>\n\t\t<\/div>\n\t\t\t\t\t<\/div>\n\t\t<\/section>\n\t\t\t\t<\/div>","protected":false},"excerpt":{"rendered":"<p>Ons verhaal Bij De Luxe Vibe verkopen we alleen maar zonnebrillen van de hoogste kwaliteit! Wij geven namelijk om onze producten en om de klant en daarom zorgen wij ervoor dat onze zonnebrillen alleen van het beste materiaal worden gemaakt. We willen ook graag dat onze klant tevreden is over het product en daarom hebben wij een tevredenheidsgarantie op al onze producten. Wij zullen er altijd voor zorgen dat jij 100% tevreden bent met jouw bestelling! Goede kwaliteit hoeft echter niet duur te zijn. Daarom zijn alle zonnebrillen bij De Luxe Vibe goed betaalbaar. Zo kan iedereen genieten van een zonnebril van hoogwaardige kwaliteit! Maak je outfit compleet met een luxe zonnebril. Alle producten zijn eerder door ons getest! Wij garanderen je kwaliteit zonnebrillen. Waarom De Luxe Vibe? Wij zorgen ervoor dat je je outfit op een luxe manier compleet maakt. Daarnaast garanderen wij je topkwaliteit zonnebrillen tegen een betaalbare prijs! Je kunt bij ons vooraf en achteraf betalen. Wij zorgen ervoor dat jouw bestelling goed verpakt is en z.s.m wordt geleverd. Bij ons krijg je niet alleen een luxe zonnebril, maar ook een luxe brillenkoker, brillendoekje en brillenhoesje. Voordelen Veilig vooraf of achteraf betalen. Luxe zonnebrillen voor dames en heren. Je bestelling wordt snel en gratis geleverd. 100% tevredenheidsgarantie. Topkwaliteit.<\/p>","protected":false},"author":1,"featured_media":0,"parent":0,"menu_order":0,"comment_status":"closed","ping_status":"closed","template":"","meta":{"footnotes":""},"class_list":["post-24122","page","type-page","status-publish","hentry","post-no-thumbnail"],"yoast_head":"<!-- This site is optimized with the Yoast SEO Premium plugin v20.12 (Yoast SEO v27.4) - https:\/\/yoast.com\/product\/yoast-seo-premium-wordpress\/ -->\n<title>Over ons - deluxevibe.nl<\/title>\n<meta name=\"robots\" content=\"index, follow, max-snippet:-1, max-image-preview:large, max-video-preview:-1\" \/>\n<link rel=\"canonical\" href=\"https:\/\/deluxevibe.nl\/de\/over-ons\/\" \/>\n<meta property=\"og:locale\" content=\"de_DE\" \/>\n<meta property=\"og:type\" content=\"article\" \/>\n<meta property=\"og:title\" content=\"Over ons\" \/>\n<meta property=\"og:description\" content=\"Ons verhaal Bij De Luxe Vibe verkopen we alleen maar zonnebrillen van de hoogste kwaliteit! Wij geven namelijk om onze producten en om de klant en daarom zorgen wij ervoor dat onze zonnebrillen alleen van het beste materiaal worden gemaakt. We willen ook graag dat onze klant tevreden is over het product en daarom hebben wij een tevredenheidsgarantie op al onze producten. Wij zullen er altijd voor zorgen dat jij 100% tevreden bent met jouw bestelling! Goede kwaliteit hoeft echter niet duur te zijn. Daarom zijn alle zonnebrillen bij De Luxe Vibe goed betaalbaar. Zo kan iedereen genieten van een zonnebril van hoogwaardige kwaliteit! Maak je outfit compleet met een luxe zonnebril. Alle producten zijn eerder door ons getest! Wij garanderen je kwaliteit zonnebrillen. Waarom De Luxe Vibe? Wij zorgen ervoor dat je je outfit op een luxe manier compleet maakt. Daarnaast garanderen wij je topkwaliteit zonnebrillen tegen een betaalbare prijs! Je kunt bij ons vooraf en achteraf betalen. Wij zorgen ervoor dat jouw bestelling goed verpakt is en z.s.m wordt geleverd. Bij ons krijg je niet alleen een luxe zonnebril, maar ook een luxe brillenkoker, brillendoekje en brillenhoesje. Voordelen Veilig vooraf of achteraf betalen. Luxe zonnebrillen voor dames en heren. Je bestelling wordt snel en gratis geleverd. 100% tevredenheidsgarantie. Topkwaliteit.\" \/>\n<meta property=\"og:url\" content=\"https:\/\/deluxevibe.nl\/de\/over-ons\/\" \/>\n<meta property=\"og:site_name\" content=\"deluxevibe.nl\" \/>\n<meta property=\"article:modified_time\" content=\"2025-04-03T01:40:13+00:00\" \/>\n<meta name=\"twitter:card\" content=\"summary_large_image\" \/>\n<meta name=\"twitter:label1\" content=\"Gesch\u00e4tzte Lesezeit\" \/>\n\t<meta name=\"twitter:data1\" content=\"2\u00a0Minuten\" \/>\n<script type=\"application\/ld+json\" class=\"yoast-schema-graph\">{\"@context\":\"https:\\\/\\\/schema.org\",\"@graph\":[{\"@type\":\"WebPage\",\"@id\":\"https:\\\/\\\/deluxevibe.nl\\\/over-ons\\\/\",\"url\":\"https:\\\/\\\/deluxevibe.nl\\\/over-ons\\\/\",\"name\":\"Over ons - deluxevibe.nl\",\"isPartOf\":{\"@id\":\"https:\\\/\\\/deluxevibe.nl\\\/#website\"},\"datePublished\":\"2023-03-16T21:31:19+00:00\",\"dateModified\":\"2025-04-03T01:40:13+00:00\",\"breadcrumb\":{\"@id\":\"https:\\\/\\\/deluxevibe.nl\\\/over-ons\\\/#breadcrumb\"},\"inLanguage\":\"de\",\"potentialAction\":[{\"@type\":\"ReadAction\",\"target\":[\"https:\\\/\\\/deluxevibe.nl\\\/over-ons\\\/\"]}]},{\"@type\":\"BreadcrumbList\",\"@id\":\"https:\\\/\\\/deluxevibe.nl\\\/over-ons\\\/#breadcrumb\",\"itemListElement\":[{\"@type\":\"ListItem\",\"position\":1,\"name\":\"Home\",\"item\":\"https:\\\/\\\/deluxevibe.nl\\\/\"},{\"@type\":\"ListItem\",\"position\":2,\"name\":\"Over ons\"}]},{\"@type\":\"WebSite\",\"@id\":\"https:\\\/\\\/deluxevibe.nl\\\/#website\",\"url\":\"https:\\\/\\\/deluxevibe.nl\\\/\",\"name\":\"deluxevibe.nl\",\"description\":\"Luxe zonnebrillen voor dames en heren\",\"potentialAction\":[{\"@type\":\"SearchAction\",\"target\":{\"@type\":\"EntryPoint\",\"urlTemplate\":\"https:\\\/\\\/deluxevibe.nl\\\/?s={search_term_string}\"},\"query-input\":{\"@type\":\"PropertyValueSpecification\",\"valueRequired\":true,\"valueName\":\"search_term_string\"}}],\"inLanguage\":\"de\"}]}<\/script>\n<!-- \/ Yoast SEO Premium plugin. -->","yoast_head_json":{"title":"Over ons - deluxevibe.nl","robots":{"index":"index","follow":"follow","max-snippet":"max-snippet:-1","max-image-preview":"max-image-preview:large","max-video-preview":"max-video-preview:-1"},"canonical":"https:\/\/deluxevibe.nl\/de\/over-ons\/","og_locale":"de_DE","og_type":"article","og_title":"Over ons","og_description":"Ons verhaal Bij De Luxe Vibe verkopen we alleen maar zonnebrillen van de hoogste kwaliteit! Wij geven namelijk om onze producten en om de klant en daarom zorgen wij ervoor dat onze zonnebrillen alleen van het beste materiaal worden gemaakt. We willen ook graag dat onze klant tevreden is over het product en daarom hebben wij een tevredenheidsgarantie op al onze producten. Wij zullen er altijd voor zorgen dat jij 100% tevreden bent met jouw bestelling! Goede kwaliteit hoeft echter niet duur te zijn. Daarom zijn alle zonnebrillen bij De Luxe Vibe goed betaalbaar. Zo kan iedereen genieten van een zonnebril van hoogwaardige kwaliteit! Maak je outfit compleet met een luxe zonnebril. Alle producten zijn eerder door ons getest! Wij garanderen je kwaliteit zonnebrillen. Waarom De Luxe Vibe? Wij zorgen ervoor dat je je outfit op een luxe manier compleet maakt. Daarnaast garanderen wij je topkwaliteit zonnebrillen tegen een betaalbare prijs! Je kunt bij ons vooraf en achteraf betalen. Wij zorgen ervoor dat jouw bestelling goed verpakt is en z.s.m wordt geleverd. Bij ons krijg je niet alleen een luxe zonnebril, maar ook een luxe brillenkoker, brillendoekje en brillenhoesje. Voordelen Veilig vooraf of achteraf betalen. Luxe zonnebrillen voor dames en heren. Je bestelling wordt snel en gratis geleverd. 100% tevredenheidsgarantie. Topkwaliteit.","og_url":"https:\/\/deluxevibe.nl\/de\/over-ons\/","og_site_name":"deluxevibe.nl","article_modified_time":"2025-04-03T01:40:13+00:00","twitter_card":"summary_large_image","twitter_misc":{"Gesch\u00e4tzte Lesezeit":"2\u00a0Minuten"},"schema":{"@context":"https:\/\/schema.org","@graph":[{"@type":"WebPage","@id":"https:\/\/deluxevibe.nl\/over-ons\/","url":"https:\/\/deluxevibe.nl\/over-ons\/","name":"Over ons - deluxevibe.nl","isPartOf":{"@id":"https:\/\/deluxevibe.nl\/#website"},"datePublished":"2023-03-16T21:31:19+00:00","dateModified":"2025-04-03T01:40:13+00:00","breadcrumb":{"@id":"https:\/\/deluxevibe.nl\/over-ons\/#breadcrumb"},"inLanguage":"de","potentialAction":[{"@type":"ReadAction","target":["https:\/\/deluxevibe.nl\/over-ons\/"]}]},{"@type":"BreadcrumbList","@id":"https:\/\/deluxevibe.nl\/over-ons\/#breadcrumb","itemListElement":[{"@type":"ListItem","position":1,"name":"Home","item":"https:\/\/deluxevibe.nl\/"},{"@type":"ListItem","position":2,"name":"Over ons"}]},{"@type":"WebSite","@id":"https:\/\/deluxevibe.nl\/#website","url":"https:\/\/deluxevibe.nl\/","name":"deluxevibe.nl","description":"Luxe zonnebrillen voor dames en heren","potentialAction":[{"@type":"SearchAction","target":{"@type":"EntryPoint","urlTemplate":"https:\/\/deluxevibe.nl\/?s={search_term_string}"},"query-input":{"@type":"PropertyValueSpecification","valueRequired":true,"valueName":"search_term_string"}}],"inLanguage":"de"}]}},"_links":{"self":[{"href":"https:\/\/deluxevibe.nl\/de\/wp-json\/wp\/v2\/pages\/24122","targetHints":{"allow":["GET"]}}],"collection":[{"href":"https:\/\/deluxevibe.nl\/de\/wp-json\/wp\/v2\/pages"}],"about":[{"href":"https:\/\/deluxevibe.nl\/de\/wp-json\/wp\/v2\/types\/page"}],"author":[{"embeddable":true,"href":"https:\/\/deluxevibe.nl\/de\/wp-json\/wp\/v2\/users\/1"}],"replies":[{"embeddable":true,"href":"https:\/\/deluxevibe.nl\/de\/wp-json\/wp\/v2\/comments?post=24122"}],"version-history":[{"count":15,"href":"https:\/\/deluxevibe.nl\/de\/wp-json\/wp\/v2\/pages\/24122\/revisions"}],"predecessor-version":[{"id":27374,"href":"https:\/\/deluxevibe.nl\/de\/wp-json\/wp\/v2\/pages\/24122\/revisions\/27374"}],"wp:attachment":[{"href":"https:\/\/deluxevibe.nl\/de\/wp-json\/wp\/v2\/media?parent=24122"}],"curies":[{"name":"wp","href":"https:\/\/api.w.org\/{rel}","templated":true}]}}