{"id":24195,"date":"2023-03-16T22:03:30","date_gmt":"2023-03-16T22:03:30","guid":{"rendered":"https:\/\/deluxevibe.nl\/?page_id=24195"},"modified":"2025-04-03T03:46:26","modified_gmt":"2025-04-03T01:46:26","slug":"bedenktijd-retour","status":"publish","type":"page","link":"https:\/\/deluxevibe.nl\/de\/bedenktijd-retour\/","title":{"rendered":"Widerrufsrecht\/R\u00fcckgabe"},"content":{"rendered":"<div data-elementor-type=\"wp-page\" data-elementor-id=\"24195\" class=\"elementor elementor-24195\">\n\t\t\t\t\t\t<section class=\"elementor-section elementor-top-section elementor-element elementor-element-0a40362 elementor-section-boxed elementor-section-gap-beside-yes elementor-section-height-default elementor-section-height-default elementor-section-column-vertical-align-stretch\" data-id=\"0a40362\" data-element_type=\"section\" data-e-type=\"section\">\n\t\t\t\t\t\t<div class=\"elementor-container elementor-column-gap-extended\">\n\t\t\t\t\t<div class=\"elementor-column elementor-col-100 elementor-top-column elementor-element elementor-element-14d6e33\" data-id=\"14d6e33\" data-element_type=\"column\" data-e-type=\"column\">\n\t\t\t<div class=\"elementor-widget-wrap elementor-element-populated\">\n\t\t\t\t\t\t<div class=\"elementor-element elementor-element-cc6fce0 elementor-widget elementor-widget-tm-heading\" data-id=\"cc6fce0\" data-element_type=\"widget\" data-e-type=\"widget\" data-widget_type=\"tm-heading.default\">\n\t\t\t\t<div class=\"elementor-widget-container\">\n\t\t\t\t\t\t\t<div class=\"tm-modern-heading tm-modern-heading--style-01 tm-modern-heading--highlight-style-01\">\n\t\t\t\n\t\t\t\t\t<div class=\"heading-primary-wrap\">\n\t\t\t<h2 class=\"heading-primary elementor-heading-title\">Widerrufsrecht\/R\u00fcckgabe\n<\/h2>\t\t<\/div>\n\t\t\n\t\t\t\n\t\t\t\t\t<\/div>\n\t\t\t\t\t\t<\/div>\n\t\t\t\t<\/div>\n\t\t\t\t<div class=\"elementor-element elementor-element-b04cc25 elementor-widget elementor-widget-spacer\" data-id=\"b04cc25\" data-element_type=\"widget\" data-e-type=\"widget\" data-widget_type=\"spacer.default\">\n\t\t\t\t<div class=\"elementor-widget-container\">\n\t\t\t\t\t\t\t<div class=\"elementor-spacer\">\n\t\t\t<div class=\"elementor-spacer-inner\"><\/div>\n\t\t<\/div>\n\t\t\t\t\t\t<\/div>\n\t\t\t\t<\/div>\n\t\t\t\t<div class=\"elementor-element elementor-element-da5e513 elementor-widget elementor-widget-text-editor\" data-id=\"da5e513\" data-element_type=\"widget\" data-e-type=\"widget\" data-widget_type=\"text-editor.default\">\n\t\t\t\t<div class=\"elementor-widget-container\">\n\t\t\t\t\t\t\t\t\t<p>Es kann vorkommen, dass Sie eine Bestellung zur\u00fccksenden m\u00f6chten. Vielleicht, weil Ihnen das Produkt nicht gef\u00e4llt oder vielleicht gibt es einen anderen Grund, warum Sie die Bestellung nicht m\u00f6chten. Unabh\u00e4ngig vom Grund haben Sie das Recht, Ihre Bestellung bis zu 14 Tage nach Erhalt ohne Angabe von Gr\u00fcnden zu widerrufen.<\/p><p>Nach der Stornierung haben Sie weitere 14 Tage Zeit, Ihr Produkt zur\u00fcckzugeben. Ihnen wird dann der volle Bestellbetrag inklusive Versandkosten gutgeschrieben. Lediglich die Kosten f\u00fcr die R\u00fccksendung des Artikels von Ihrem Wohnsitz zum Webshop gehen zu Ihren Lasten. Diese Kosten belaufen sich auf ca. 4,10 \u20ac pro Paket. Die genauen Preise erfahren Sie auf der Website Ihres Mobilfunkanbieters. Wenn Sie von Ihrem Widerrufsrecht Gebrauch machen, wird das Produkt mit s\u00e4mtlichem gelieferten Zubeh\u00f6r und \u2013 soweit m\u00f6glich \u2013 im Originalzustand und in der Originalverpackung an den Unternehmer zur\u00fcckgesandt.<br \/>Um dieses Recht auszu\u00fcben, k\u00f6nnen Sie uns unter info@deluxevibe.nl kontaktieren. Wir erstatten Ihnen dann innerhalb von 14 Tagen nach der Benachrichtigung \u00fcber Ihre R\u00fccksendung den f\u00e4lligen Bestellbetrag zur\u00fcck, sofern das Produkt bereits in einwandfreiem Zustand zur\u00fcckgesendet wurde.<\/p><p>Wenn das Produkt besch\u00e4digt ist oder die Verpackung st\u00e4rker besch\u00e4digt ist als zum Ausprobieren des Produkts erforderlich, k\u00f6nnen wir diese Wertminderung des Produkts an Sie weitergeben. Behandeln Sie das Produkt daher sorgf\u00e4ltig und sorgen Sie f\u00fcr eine ordnungsgem\u00e4\u00dfe Verpackung bei der R\u00fccksendung.<br \/><br \/>Produkt umtauschen?<br \/>M\u00f6chten Sie Ihr Produkt umtauschen? Das ist \u00fcberhaupt kein Problem. Hierzu k\u00f6nnen Sie sich an info@deluxevibe.nl wenden. Sie tragen jedoch die Kosten f\u00fcr die R\u00fccksendung des Produkts.\u201c<\/p><p>Ich habe eine falsche Lieferadresse angegeben!<br \/>Versehentlich die falsche Lieferadresse angegeben? Bitte kontaktieren Sie uns so schnell wie m\u00f6glich. Wir werden dann versuchen, die Bestellung f\u00fcr Sie zu \u00e4ndern.<\/p>\t\t\t\t\t\t\t\t<\/div>\n\t\t\t\t<\/div>\n\t\t\t\t\t<\/div>\n\t\t<\/div>\n\t\t\t\t\t<\/div>\n\t\t<\/section>\n\t\t\t\t<\/div>","protected":false},"excerpt":{"rendered":"<p>Bedenktijd\/Retour Het kan wel eens voorkomen dat u een bestelling retour wilt sturen. Wellicht omdat het product toch niet bevalt of misschien is er een andere reden is waarom u de bestelling toch niet zou willen hebben. Wat de reden ook is, u heeft het recht uw bestelling tot 14 dagen na ontvangst zonder opgave van reden te annuleren. U heeft na annulering nogmaals 14 dagen om uw product retour te sturen. U krijgt dan het volledige orderbedrag inclusief verzendkosten gecrediteerd. Enkel de kosten voor retour van u thuis naar de webwinkel zijn voor eigen rekening. Deze kosten bedragen circa \u20ac4.10 per pakket, raadpleeg voor de exacte tarieven de website van uw vervoerder. Indien u gebruik maakt van uw herroepingsrecht, zal het product met alle geleverde toebehoren en \u2013 indien redelijkerwijze mogelijk \u2013 in de originele staat en verpakking aan de ondernemer geretourneerd worden.Om gebruik te maken van dit recht kunt u contact met ons opnemen via info@deluxevibe.nl. Wij zullen vervolgens het verschuldigde orderbedrag binnen 14 dagen na aanmelding van uw retour terugstorten mits het product reeds in goede orde retour ontvangen is. Mocht het product beschadigd of de verpakking meer beschadigd zijn dan nodig is om het product te proberen, dan kunnen we deze waardevermindering van het product aan u doorberekenen. Behandel het product dus met zorg en zorg ervoor dat deze bij een retour goed verpakt is. Product ruilen?Wilt u uw product ruilen? Dat is helemaal geen probleem. U kunt hiervoor contact opnemen met info@deluxevibe.nl. Wel draagt u zelf de kosten voor terugzending van het product.\u201d Ik heb een verkeerd bezorgadres doorgegeven!Per ongeluk een verkeerd bezorgadres doorgegeven? Neem dan zo snel mogelijk contact met ons op. We proberen dan de bestelling nog voor u te wijzigen.<\/p>","protected":false},"author":1,"featured_media":0,"parent":0,"menu_order":0,"comment_status":"closed","ping_status":"closed","template":"","meta":{"footnotes":""},"class_list":["post-24195","page","type-page","status-publish","hentry","post-no-thumbnail"],"yoast_head":"<!-- This site is optimized with the Yoast SEO Premium plugin v20.12 (Yoast SEO v27.4) - https:\/\/yoast.com\/product\/yoast-seo-premium-wordpress\/ -->\n<title>Bedenktijd\/Retour - deluxevibe.nl<\/title>\n<meta name=\"robots\" content=\"index, follow, max-snippet:-1, max-image-preview:large, max-video-preview:-1\" \/>\n<link rel=\"canonical\" href=\"https:\/\/deluxevibe.nl\/de\/bedenktijd-retour\/\" \/>\n<meta property=\"og:locale\" content=\"de_DE\" \/>\n<meta property=\"og:type\" content=\"article\" \/>\n<meta property=\"og:title\" content=\"Bedenktijd\/Retour\" \/>\n<meta property=\"og:description\" content=\"Bedenktijd\/Retour Het kan wel eens voorkomen dat u een bestelling retour wilt sturen. Wellicht omdat het product toch niet bevalt of misschien is er een andere reden is waarom u de bestelling toch niet zou willen hebben. Wat de reden ook is, u heeft het recht uw bestelling tot 14 dagen na ontvangst zonder opgave van reden te annuleren. U heeft na annulering nogmaals 14 dagen om uw product retour te sturen. U krijgt dan het volledige orderbedrag inclusief verzendkosten gecrediteerd. Enkel de kosten voor retour van u thuis naar de webwinkel zijn voor eigen rekening. Deze kosten bedragen circa \u20ac4.10 per pakket, raadpleeg voor de exacte tarieven de website van uw vervoerder. Indien u gebruik maakt van uw herroepingsrecht, zal het product met alle geleverde toebehoren en \u2013 indien redelijkerwijze mogelijk \u2013 in de originele staat en verpakking aan de ondernemer geretourneerd worden.Om gebruik te maken van dit recht kunt u contact met ons opnemen via info@deluxevibe.nl. Wij zullen vervolgens het verschuldigde orderbedrag binnen 14 dagen na aanmelding van uw retour terugstorten mits het product reeds in goede orde retour ontvangen is. Mocht het product beschadigd of de verpakking meer beschadigd zijn dan nodig is om het product te proberen, dan kunnen we deze waardevermindering van het product aan u doorberekenen. Behandel het product dus met zorg en zorg ervoor dat deze bij een retour goed verpakt is. Product ruilen?Wilt u uw product ruilen? Dat is helemaal geen probleem. U kunt hiervoor contact opnemen met info@deluxevibe.nl. Wel draagt u zelf de kosten voor terugzending van het product.\u201d Ik heb een verkeerd bezorgadres doorgegeven!Per ongeluk een verkeerd bezorgadres doorgegeven? Neem dan zo snel mogelijk contact met ons op. We proberen dan de bestelling nog voor u te wijzigen.\" \/>\n<meta property=\"og:url\" content=\"https:\/\/deluxevibe.nl\/de\/bedenktijd-retour\/\" \/>\n<meta property=\"og:site_name\" content=\"deluxevibe.nl\" \/>\n<meta property=\"article:modified_time\" content=\"2025-04-03T01:46:26+00:00\" \/>\n<meta name=\"twitter:card\" content=\"summary_large_image\" \/>\n<meta name=\"twitter:label1\" content=\"Gesch\u00e4tzte Lesezeit\" \/>\n\t<meta name=\"twitter:data1\" content=\"2\u00a0Minuten\" \/>\n<script type=\"application\/ld+json\" class=\"yoast-schema-graph\">{\"@context\":\"https:\\\/\\\/schema.org\",\"@graph\":[{\"@type\":\"WebPage\",\"@id\":\"https:\\\/\\\/deluxevibe.nl\\\/bedenktijd-retour\\\/\",\"url\":\"https:\\\/\\\/deluxevibe.nl\\\/bedenktijd-retour\\\/\",\"name\":\"Bedenktijd\\\/Retour - deluxevibe.nl\",\"isPartOf\":{\"@id\":\"https:\\\/\\\/deluxevibe.nl\\\/#website\"},\"datePublished\":\"2023-03-16T22:03:30+00:00\",\"dateModified\":\"2025-04-03T01:46:26+00:00\",\"breadcrumb\":{\"@id\":\"https:\\\/\\\/deluxevibe.nl\\\/bedenktijd-retour\\\/#breadcrumb\"},\"inLanguage\":\"de\",\"potentialAction\":[{\"@type\":\"ReadAction\",\"target\":[\"https:\\\/\\\/deluxevibe.nl\\\/bedenktijd-retour\\\/\"]}]},{\"@type\":\"BreadcrumbList\",\"@id\":\"https:\\\/\\\/deluxevibe.nl\\\/bedenktijd-retour\\\/#breadcrumb\",\"itemListElement\":[{\"@type\":\"ListItem\",\"position\":1,\"name\":\"Home\",\"item\":\"https:\\\/\\\/deluxevibe.nl\\\/\"},{\"@type\":\"ListItem\",\"position\":2,\"name\":\"Bedenktijd\\\/Retour\"}]},{\"@type\":\"WebSite\",\"@id\":\"https:\\\/\\\/deluxevibe.nl\\\/#website\",\"url\":\"https:\\\/\\\/deluxevibe.nl\\\/\",\"name\":\"deluxevibe.nl\",\"description\":\"Luxe zonnebrillen voor dames en heren\",\"potentialAction\":[{\"@type\":\"SearchAction\",\"target\":{\"@type\":\"EntryPoint\",\"urlTemplate\":\"https:\\\/\\\/deluxevibe.nl\\\/?s={search_term_string}\"},\"query-input\":{\"@type\":\"PropertyValueSpecification\",\"valueRequired\":true,\"valueName\":\"search_term_string\"}}],\"inLanguage\":\"de\"}]}<\/script>\n<!-- \/ Yoast SEO Premium plugin. -->","yoast_head_json":{"title":"Bedenktijd\/Retour - deluxevibe.nl","robots":{"index":"index","follow":"follow","max-snippet":"max-snippet:-1","max-image-preview":"max-image-preview:large","max-video-preview":"max-video-preview:-1"},"canonical":"https:\/\/deluxevibe.nl\/de\/bedenktijd-retour\/","og_locale":"de_DE","og_type":"article","og_title":"Bedenktijd\/Retour","og_description":"Bedenktijd\/Retour Het kan wel eens voorkomen dat u een bestelling retour wilt sturen. Wellicht omdat het product toch niet bevalt of misschien is er een andere reden is waarom u de bestelling toch niet zou willen hebben. Wat de reden ook is, u heeft het recht uw bestelling tot 14 dagen na ontvangst zonder opgave van reden te annuleren. U heeft na annulering nogmaals 14 dagen om uw product retour te sturen. U krijgt dan het volledige orderbedrag inclusief verzendkosten gecrediteerd. Enkel de kosten voor retour van u thuis naar de webwinkel zijn voor eigen rekening. Deze kosten bedragen circa \u20ac4.10 per pakket, raadpleeg voor de exacte tarieven de website van uw vervoerder. Indien u gebruik maakt van uw herroepingsrecht, zal het product met alle geleverde toebehoren en \u2013 indien redelijkerwijze mogelijk \u2013 in de originele staat en verpakking aan de ondernemer geretourneerd worden.Om gebruik te maken van dit recht kunt u contact met ons opnemen via info@deluxevibe.nl. Wij zullen vervolgens het verschuldigde orderbedrag binnen 14 dagen na aanmelding van uw retour terugstorten mits het product reeds in goede orde retour ontvangen is. Mocht het product beschadigd of de verpakking meer beschadigd zijn dan nodig is om het product te proberen, dan kunnen we deze waardevermindering van het product aan u doorberekenen. Behandel het product dus met zorg en zorg ervoor dat deze bij een retour goed verpakt is. Product ruilen?Wilt u uw product ruilen? Dat is helemaal geen probleem. U kunt hiervoor contact opnemen met info@deluxevibe.nl. Wel draagt u zelf de kosten voor terugzending van het product.\u201d Ik heb een verkeerd bezorgadres doorgegeven!Per ongeluk een verkeerd bezorgadres doorgegeven? Neem dan zo snel mogelijk contact met ons op. We proberen dan de bestelling nog voor u te wijzigen.","og_url":"https:\/\/deluxevibe.nl\/de\/bedenktijd-retour\/","og_site_name":"deluxevibe.nl","article_modified_time":"2025-04-03T01:46:26+00:00","twitter_card":"summary_large_image","twitter_misc":{"Gesch\u00e4tzte Lesezeit":"2\u00a0Minuten"},"schema":{"@context":"https:\/\/schema.org","@graph":[{"@type":"WebPage","@id":"https:\/\/deluxevibe.nl\/bedenktijd-retour\/","url":"https:\/\/deluxevibe.nl\/bedenktijd-retour\/","name":"Bedenktijd\/Retour - deluxevibe.nl","isPartOf":{"@id":"https:\/\/deluxevibe.nl\/#website"},"datePublished":"2023-03-16T22:03:30+00:00","dateModified":"2025-04-03T01:46:26+00:00","breadcrumb":{"@id":"https:\/\/deluxevibe.nl\/bedenktijd-retour\/#breadcrumb"},"inLanguage":"de","potentialAction":[{"@type":"ReadAction","target":["https:\/\/deluxevibe.nl\/bedenktijd-retour\/"]}]},{"@type":"BreadcrumbList","@id":"https:\/\/deluxevibe.nl\/bedenktijd-retour\/#breadcrumb","itemListElement":[{"@type":"ListItem","position":1,"name":"Home","item":"https:\/\/deluxevibe.nl\/"},{"@type":"ListItem","position":2,"name":"Bedenktijd\/Retour"}]},{"@type":"WebSite","@id":"https:\/\/deluxevibe.nl\/#website","url":"https:\/\/deluxevibe.nl\/","name":"deluxevibe.nl","description":"Luxe zonnebrillen voor dames en heren","potentialAction":[{"@type":"SearchAction","target":{"@type":"EntryPoint","urlTemplate":"https:\/\/deluxevibe.nl\/?s={search_term_string}"},"query-input":{"@type":"PropertyValueSpecification","valueRequired":true,"valueName":"search_term_string"}}],"inLanguage":"de"}]}},"_links":{"self":[{"href":"https:\/\/deluxevibe.nl\/de\/wp-json\/wp\/v2\/pages\/24195","targetHints":{"allow":["GET"]}}],"collection":[{"href":"https:\/\/deluxevibe.nl\/de\/wp-json\/wp\/v2\/pages"}],"about":[{"href":"https:\/\/deluxevibe.nl\/de\/wp-json\/wp\/v2\/types\/page"}],"author":[{"embeddable":true,"href":"https:\/\/deluxevibe.nl\/de\/wp-json\/wp\/v2\/users\/1"}],"replies":[{"embeddable":true,"href":"https:\/\/deluxevibe.nl\/de\/wp-json\/wp\/v2\/comments?post=24195"}],"version-history":[{"count":3,"href":"https:\/\/deluxevibe.nl\/de\/wp-json\/wp\/v2\/pages\/24195\/revisions"}],"predecessor-version":[{"id":27383,"href":"https:\/\/deluxevibe.nl\/de\/wp-json\/wp\/v2\/pages\/24195\/revisions\/27383"}],"wp:attachment":[{"href":"https:\/\/deluxevibe.nl\/de\/wp-json\/wp\/v2\/media?parent=24195"}],"curies":[{"name":"wp","href":"https:\/\/api.w.org\/{rel}","templated":true}]}}