{"id":24217,"date":"2023-03-16T22:12:35","date_gmt":"2023-03-16T22:12:35","guid":{"rendered":"https:\/\/deluxevibe.nl\/?page_id=24217"},"modified":"2023-03-16T22:14:14","modified_gmt":"2023-03-16T22:14:14","slug":"verzendbeleid","status":"publish","type":"page","link":"https:\/\/deluxevibe.nl\/de\/verzendbeleid\/","title":{"rendered":"Versandbedingungen"},"content":{"rendered":"<div data-elementor-type=\"wp-page\" data-elementor-id=\"24217\" class=\"elementor elementor-24217\">\n\t\t\t\t\t\t<section class=\"elementor-section elementor-top-section elementor-element elementor-element-28bf822 elementor-section-boxed elementor-section-gap-beside-yes elementor-section-height-default elementor-section-height-default elementor-section-column-vertical-align-stretch\" data-id=\"28bf822\" data-element_type=\"section\" data-e-type=\"section\">\n\t\t\t\t\t\t<div class=\"elementor-container elementor-column-gap-extended\">\n\t\t\t\t\t<div class=\"elementor-column elementor-col-100 elementor-top-column elementor-element elementor-element-512e4c7\" data-id=\"512e4c7\" data-element_type=\"column\" data-e-type=\"column\">\n\t\t\t<div class=\"elementor-widget-wrap elementor-element-populated\">\n\t\t\t\t\t\t<div class=\"elementor-element elementor-element-0f2f6f6 elementor-widget elementor-widget-tm-heading\" data-id=\"0f2f6f6\" data-element_type=\"widget\" data-e-type=\"widget\" data-widget_type=\"tm-heading.default\">\n\t\t\t\t<div class=\"elementor-widget-container\">\n\t\t\t\t\t\t\t<div class=\"tm-modern-heading tm-modern-heading--style-01 tm-modern-heading--highlight-style-01\">\n\t\t\t\n\t\t\t\t\t<div class=\"heading-primary-wrap\">\n\t\t\t<h2 class=\"heading-primary elementor-heading-title\">Versandbedingungen<\/h2>\t\t<\/div>\n\t\t\n\t\t\t\n\t\t\t\t\t<\/div>\n\t\t\t\t\t\t<\/div>\n\t\t\t\t<\/div>\n\t\t\t\t<div class=\"elementor-element elementor-element-2814823 elementor-widget elementor-widget-spacer\" data-id=\"2814823\" data-element_type=\"widget\" data-e-type=\"widget\" data-widget_type=\"spacer.default\">\n\t\t\t\t<div class=\"elementor-widget-container\">\n\t\t\t\t\t\t\t<div class=\"elementor-spacer\">\n\t\t\t<div class=\"elementor-spacer-inner\"><\/div>\n\t\t<\/div>\n\t\t\t\t\t\t<\/div>\n\t\t\t\t<\/div>\n\t\t\t\t<div class=\"elementor-element elementor-element-6a47f9b elementor-widget elementor-widget-text-editor\" data-id=\"6a47f9b\" data-element_type=\"widget\" data-e-type=\"widget\" data-widget_type=\"text-editor.default\">\n\t\t\t\t<div class=\"elementor-widget-container\">\n\t\t\t\t\t\t\t\t\t<b>Versandbedingungen<\/b><br>\n<br>Wir tun unser M\u00f6glichstes, um Ihnen Ihre Bestellung so schnell wie m\u00f6glich auszuliefern. Bestellungen, die an Werktagen vor 15:00 Uhr eingehen, werden noch am selben Tag versendet. Allerdings k\u00f6nnen wir dem nicht immer nachkommen, manchmal sind Produkte nicht auf Lager und dann kann die Lieferung Ihrer Bestellung etwas l\u00e4nger dauern.<br>\n\n<br>Eine Angabe zur Lieferzeit finden Sie auf der Produktseite. Sollte es uns aus irgendeinem Grund nicht m\u00f6glich sein, diese Lieferzeit einzuhalten, werden wir Sie selbstverst\u00e4ndlich schnellstm\u00f6glich informieren.<br>\n\n<br>Die angegebenen Preise verstehen sich exklusive Versandkosten. Die Versandkosten betragen:<br>\n\n<br>4,10 \u20ac f\u00fcr Bestellungen, die in den Briefkasten passen<br>\n\n<br>Die Lieferung erfolgt durch den Postboten oder Paketzusteller von PostNL. Die Zustellung erfolgt grunds\u00e4tzlich am n\u00e4chsten Werktag zwischen 9:00 und 18:00 Uhr. Den Lieferzeitpunkt k\u00f6nnen wir leider nicht garantieren.<br>\n\n<br>Lieferzeit Niederlande: 1-2 Werktage<br>\n\n<br>Belgien: 1-2 Werktage (13 Euro)<br>\n\n<br>Deutschland: 2-3 Werktage (13 Euro)<br>\t\t\t\t\t\t\t\t<\/div>\n\t\t\t\t<\/div>\n\t\t\t\t\t<\/div>\n\t\t<\/div>\n\t\t\t\t\t<\/div>\n\t\t<\/section>\n\t\t\t\t<\/div>","protected":false},"excerpt":{"rendered":"<p>Verzendbeleid Verzendbeleid Wij doen zorgvuldig ons best de bestelling zo spoedig mogelijk bij u af te leveren. Bestellingen die op werkdagen v\u00f3\u00f3r 15:00 worden gedaan, proberen wij dezelfde dag nog te verzenden. Niet altijd lukt het ons echter om dit na te komen, soms zijn producten niet voorradig en dan kan de levering van uw bestelling iets langer duren. Op de productpagina staat een indicatie van de levertijd. Mochten wij om wat voor reden dan ook deze levertijd niet halen, dan brengen wij u hier natuurlijk zo spoedig mogelijk van op de hoogte. De vermelde prijzen zijn exclusief verzendkosten. De verzendkosten bedragen: \u20ac4.10 voor bestellingen die door de brievenbus passen Levering verloopt via de postbode of pakketbezorger van PostNL. Over het algemeen zal de aflevering de eerstvolgende werkdag tussen 9:00 en 18:00 plaatsvinden. Helaas kunnen wij het moment van aflevering niet garanderen. Levertijd Nederland: 1-2 werkdagen Belgi\u00eb: 1-2 werkdagen (13 euro) Duitsland: 2-3 werkdagen (13 euro)<\/p>","protected":false},"author":1,"featured_media":0,"parent":0,"menu_order":0,"comment_status":"closed","ping_status":"closed","template":"","meta":{"footnotes":""},"class_list":["post-24217","page","type-page","status-publish","hentry","post-no-thumbnail"],"yoast_head":"<!-- This site is optimized with the Yoast SEO Premium plugin v20.12 (Yoast SEO v27.4) - https:\/\/yoast.com\/product\/yoast-seo-premium-wordpress\/ -->\n<title>Verzendbeleid - deluxevibe.nl<\/title>\n<meta name=\"robots\" content=\"index, follow, max-snippet:-1, max-image-preview:large, max-video-preview:-1\" \/>\n<link rel=\"canonical\" href=\"https:\/\/deluxevibe.nl\/de\/verzendbeleid\/\" \/>\n<meta property=\"og:locale\" content=\"de_DE\" \/>\n<meta property=\"og:type\" content=\"article\" \/>\n<meta property=\"og:title\" content=\"Verzendbeleid\" \/>\n<meta property=\"og:description\" content=\"Verzendbeleid Verzendbeleid Wij doen zorgvuldig ons best de bestelling zo spoedig mogelijk bij u af te leveren. Bestellingen die op werkdagen v\u00f3\u00f3r 15:00 worden gedaan, proberen wij dezelfde dag nog te verzenden. Niet altijd lukt het ons echter om dit na te komen, soms zijn producten niet voorradig en dan kan de levering van uw bestelling iets langer duren. Op de productpagina staat een indicatie van de levertijd. Mochten wij om wat voor reden dan ook deze levertijd niet halen, dan brengen wij u hier natuurlijk zo spoedig mogelijk van op de hoogte. De vermelde prijzen zijn exclusief verzendkosten. De verzendkosten bedragen: \u20ac4.10 voor bestellingen die door de brievenbus passen Levering verloopt via de postbode of pakketbezorger van PostNL. Over het algemeen zal de aflevering de eerstvolgende werkdag tussen 9:00 en 18:00 plaatsvinden. Helaas kunnen wij het moment van aflevering niet garanderen. Levertijd Nederland: 1-2 werkdagen Belgi\u00eb: 1-2 werkdagen (13 euro) Duitsland: 2-3 werkdagen (13 euro)\" \/>\n<meta property=\"og:url\" content=\"https:\/\/deluxevibe.nl\/de\/verzendbeleid\/\" \/>\n<meta property=\"og:site_name\" content=\"deluxevibe.nl\" \/>\n<meta property=\"article:modified_time\" content=\"2023-03-16T22:14:14+00:00\" \/>\n<meta name=\"twitter:card\" content=\"summary_large_image\" \/>\n<meta name=\"twitter:label1\" content=\"Gesch\u00e4tzte Lesezeit\" \/>\n\t<meta name=\"twitter:data1\" content=\"1\u00a0Minute\" \/>\n<script type=\"application\/ld+json\" class=\"yoast-schema-graph\">{\"@context\":\"https:\\\/\\\/schema.org\",\"@graph\":[{\"@type\":\"WebPage\",\"@id\":\"https:\\\/\\\/deluxevibe.nl\\\/verzendbeleid\\\/\",\"url\":\"https:\\\/\\\/deluxevibe.nl\\\/verzendbeleid\\\/\",\"name\":\"Verzendbeleid - deluxevibe.nl\",\"isPartOf\":{\"@id\":\"https:\\\/\\\/deluxevibe.nl\\\/#website\"},\"datePublished\":\"2023-03-16T22:12:35+00:00\",\"dateModified\":\"2023-03-16T22:14:14+00:00\",\"breadcrumb\":{\"@id\":\"https:\\\/\\\/deluxevibe.nl\\\/verzendbeleid\\\/#breadcrumb\"},\"inLanguage\":\"de\",\"potentialAction\":[{\"@type\":\"ReadAction\",\"target\":[\"https:\\\/\\\/deluxevibe.nl\\\/verzendbeleid\\\/\"]}]},{\"@type\":\"BreadcrumbList\",\"@id\":\"https:\\\/\\\/deluxevibe.nl\\\/verzendbeleid\\\/#breadcrumb\",\"itemListElement\":[{\"@type\":\"ListItem\",\"position\":1,\"name\":\"Home\",\"item\":\"https:\\\/\\\/deluxevibe.nl\\\/\"},{\"@type\":\"ListItem\",\"position\":2,\"name\":\"Verzendbeleid\"}]},{\"@type\":\"WebSite\",\"@id\":\"https:\\\/\\\/deluxevibe.nl\\\/#website\",\"url\":\"https:\\\/\\\/deluxevibe.nl\\\/\",\"name\":\"deluxevibe.nl\",\"description\":\"Luxe zonnebrillen voor dames en heren\",\"potentialAction\":[{\"@type\":\"SearchAction\",\"target\":{\"@type\":\"EntryPoint\",\"urlTemplate\":\"https:\\\/\\\/deluxevibe.nl\\\/?s={search_term_string}\"},\"query-input\":{\"@type\":\"PropertyValueSpecification\",\"valueRequired\":true,\"valueName\":\"search_term_string\"}}],\"inLanguage\":\"de\"}]}<\/script>\n<!-- \/ Yoast SEO Premium plugin. -->","yoast_head_json":{"title":"Verzendbeleid - deluxevibe.nl","robots":{"index":"index","follow":"follow","max-snippet":"max-snippet:-1","max-image-preview":"max-image-preview:large","max-video-preview":"max-video-preview:-1"},"canonical":"https:\/\/deluxevibe.nl\/de\/verzendbeleid\/","og_locale":"de_DE","og_type":"article","og_title":"Verzendbeleid","og_description":"Verzendbeleid Verzendbeleid Wij doen zorgvuldig ons best de bestelling zo spoedig mogelijk bij u af te leveren. Bestellingen die op werkdagen v\u00f3\u00f3r 15:00 worden gedaan, proberen wij dezelfde dag nog te verzenden. Niet altijd lukt het ons echter om dit na te komen, soms zijn producten niet voorradig en dan kan de levering van uw bestelling iets langer duren. Op de productpagina staat een indicatie van de levertijd. Mochten wij om wat voor reden dan ook deze levertijd niet halen, dan brengen wij u hier natuurlijk zo spoedig mogelijk van op de hoogte. De vermelde prijzen zijn exclusief verzendkosten. De verzendkosten bedragen: \u20ac4.10 voor bestellingen die door de brievenbus passen Levering verloopt via de postbode of pakketbezorger van PostNL. Over het algemeen zal de aflevering de eerstvolgende werkdag tussen 9:00 en 18:00 plaatsvinden. Helaas kunnen wij het moment van aflevering niet garanderen. Levertijd Nederland: 1-2 werkdagen Belgi\u00eb: 1-2 werkdagen (13 euro) Duitsland: 2-3 werkdagen (13 euro)","og_url":"https:\/\/deluxevibe.nl\/de\/verzendbeleid\/","og_site_name":"deluxevibe.nl","article_modified_time":"2023-03-16T22:14:14+00:00","twitter_card":"summary_large_image","twitter_misc":{"Gesch\u00e4tzte Lesezeit":"1\u00a0Minute"},"schema":{"@context":"https:\/\/schema.org","@graph":[{"@type":"WebPage","@id":"https:\/\/deluxevibe.nl\/verzendbeleid\/","url":"https:\/\/deluxevibe.nl\/verzendbeleid\/","name":"Verzendbeleid - deluxevibe.nl","isPartOf":{"@id":"https:\/\/deluxevibe.nl\/#website"},"datePublished":"2023-03-16T22:12:35+00:00","dateModified":"2023-03-16T22:14:14+00:00","breadcrumb":{"@id":"https:\/\/deluxevibe.nl\/verzendbeleid\/#breadcrumb"},"inLanguage":"de","potentialAction":[{"@type":"ReadAction","target":["https:\/\/deluxevibe.nl\/verzendbeleid\/"]}]},{"@type":"BreadcrumbList","@id":"https:\/\/deluxevibe.nl\/verzendbeleid\/#breadcrumb","itemListElement":[{"@type":"ListItem","position":1,"name":"Home","item":"https:\/\/deluxevibe.nl\/"},{"@type":"ListItem","position":2,"name":"Verzendbeleid"}]},{"@type":"WebSite","@id":"https:\/\/deluxevibe.nl\/#website","url":"https:\/\/deluxevibe.nl\/","name":"deluxevibe.nl","description":"Luxe zonnebrillen voor dames en heren","potentialAction":[{"@type":"SearchAction","target":{"@type":"EntryPoint","urlTemplate":"https:\/\/deluxevibe.nl\/?s={search_term_string}"},"query-input":{"@type":"PropertyValueSpecification","valueRequired":true,"valueName":"search_term_string"}}],"inLanguage":"de"}]}},"_links":{"self":[{"href":"https:\/\/deluxevibe.nl\/de\/wp-json\/wp\/v2\/pages\/24217","targetHints":{"allow":["GET"]}}],"collection":[{"href":"https:\/\/deluxevibe.nl\/de\/wp-json\/wp\/v2\/pages"}],"about":[{"href":"https:\/\/deluxevibe.nl\/de\/wp-json\/wp\/v2\/types\/page"}],"author":[{"embeddable":true,"href":"https:\/\/deluxevibe.nl\/de\/wp-json\/wp\/v2\/users\/1"}],"replies":[{"embeddable":true,"href":"https:\/\/deluxevibe.nl\/de\/wp-json\/wp\/v2\/comments?post=24217"}],"version-history":[{"count":0,"href":"https:\/\/deluxevibe.nl\/de\/wp-json\/wp\/v2\/pages\/24217\/revisions"}],"wp:attachment":[{"href":"https:\/\/deluxevibe.nl\/de\/wp-json\/wp\/v2\/media?parent=24217"}],"curies":[{"name":"wp","href":"https:\/\/api.w.org\/{rel}","templated":true}]}}