{"id":214,"date":"2023-03-16T14:38:31","date_gmt":"2023-03-16T13:38:31","guid":{"rendered":"https:\/\/deluxevibe.nl\/?product=miami-vibe-grey-gold-frame"},"modified":"2025-07-17T12:34:48","modified_gmt":"2025-07-17T10:34:48","slug":"miami-vibe-grey-gold-frame","status":"publish","type":"product","link":"https:\/\/deluxevibe.nl\/de\/produkt\/miami-vibe-grey-gold-frame\/","title":{"rendered":"Miami-Vibe \u2013 Grau\/Gold-Rahmen"},"content":{"rendered":"<div><span style=\"color: #ff2a00;\"><b data-mce-fragment=\"1\">Achtung!\u00a0<\/b>K\u00f6nnen Sie sp\u00e4ter nicht bezahlen?\u00a0<\/span>\u00dcberpr\u00fcfen Sie anschlie\u00dfend, ob Sie bei Ihrem Namen, Ihren Adressdaten, Ihrer Telefonnummer und Ihrem Geburtsdatum einen Tippfehler gemacht haben. Dar\u00fcber hinaus ist eine korrekte E-Mail-Adresse erforderlich. Sind Ihre Angaben korrekt? Dann empfehlen wir Ihnen, iDeal als Zahlungsmethode auszuw\u00e4hlen!<\/div>\n<ul data-mce-fragment=\"1\">\n<li data-mce-fragment=\"1\">Bei De Luxe Vibe verkaufen wir nur Sonnenbrillen von<span data-mce-fragment=\"1\">\u00a0<\/span><strong data-mce-fragment=\"1\">h\u00f6chste Qualit\u00e4t!<\/strong><span data-mce-fragment=\"1\">\u00a0<\/span>Unsere Produkte und unsere Kunden liegen uns am Herzen. Deshalb stellen wir sicher, dass unsere Sonnenbrillen nur aus den besten Materialien hergestellt werden. Wir m\u00f6chten auch, dass unsere Kunden mit dem Produkt zufrieden sind und bieten deshalb auf alle unsere Produkte eine Zufriedenheitsgarantie. Wir werden stets daf\u00fcr sorgen, dass Sie<span data-mce-fragment=\"1\">\u00a0<\/span><strong data-mce-fragment=\"1\">100% zufrieden<\/strong><span data-mce-fragment=\"1\">\u00a0<\/span>liegen Ihrer Bestellung bei! Gute Qualit\u00e4t muss jedoch nicht teuer sein. Deshalb sind alle Sonnenbrillen bei De Luxe Vibe sehr erschwinglich. So kommt jeder in den Genuss einer hochwertigen Sonnenbrille!<\/li>\n<\/ul>\n<ul data-mce-fragment=\"1\">\n<li data-mce-fragment=\"1\">Unsere Sonnenbrillen haben alle ein einzigartiges Design. Das<span data-mce-fragment=\"1\">\u00a0<\/span><strong data-mce-fragment=\"1\">einzigartiges Design<\/strong><span data-mce-fragment=\"1\">\u00a0<\/span>sorgt daf\u00fcr, dass hier jeder die passende Sonnenbrille f\u00fcr sich findet. Dar\u00fcber hinaus sorgen unsere Designs daf\u00fcr, dass jede Sonnenbrille ein<span data-mce-fragment=\"1\">\u00a0<\/span><strong data-mce-fragment=\"1\">luxuri\u00f6ses Aussehen<\/strong><span data-mce-fragment=\"1\">\u00a0<\/span>hat. Bei De Luxe Vibe m\u00f6chten wir jedem Kunden die M\u00f6glichkeit geben, einen anspruchsvollen, schicken Look zu erreichen. Das Tolle an unseren Sonnenbrillen ist au\u00dferdem, dass sie alle \u00fcber einen UV400-Schutz und eine PC-Linse verf\u00fcgen. Dadurch wird sichergestellt, dass die Sonnenbrille De Luxe Vibe nicht nur luxuri\u00f6s aussieht, sondern auch von fantastischer Qualit\u00e4t ist.<\/li>\n<\/ul>\n<ul data-mce-fragment=\"1\">\n<li data-mce-fragment=\"1\">Eine Sonnenbrille mit<span data-mce-fragment=\"1\">\u00a0<\/span><strong data-mce-fragment=\"1\">UV400-Schutz<\/strong><span data-mce-fragment=\"1\">\u00a0<\/span>ist \u00e4u\u00dferst wichtig. Das bedeutet, dass unsere Sonnenbrillen ultraviolettes Licht blockieren k\u00f6nnen. Der Grund, warum dieses Licht so gef\u00e4hrlich ist, liegt darin, dass man es nicht sehen kann, es aber zur Erblindung f\u00fchren kann. Die UV400 Sonnenbrille von De Luxe Vibe sch\u00fctzt Ihre Augen vor UV-Sch\u00e4den und wird<span data-mce-fragment=\"1\">\u00a0<\/span><strong data-mce-fragment=\"1\">Halten Sie Ihre Augen gesund<\/strong>. Dar\u00fcber hinaus enthalten unsere Brillen eine PC-Linse (<span data-mce-fragment=\"1\">Polycarbonat-Linsen)<\/span>. Dadurch kann das Licht optimal durchdringen, sodass Sie auch im Freien alles vollst\u00e4ndig sehen k\u00f6nnen. PC hat auch<span data-mce-fragment=\"1\">\u00a0<\/span>hohe H\u00e4rte, gute elektrische Isolierung und keine Umweltverschmutzung. Zus\u00e4tzlich ein PC-Objektiv\u00a0<strong data-mce-fragment=\"1\">angenehmer zu tragen \u00fcber l\u00e4ngere Zeitr\u00e4ume.<\/strong><\/li>\n<\/ul>\n<h4 data-mce-fragment=\"1\"><strong data-mce-fragment=\"1\">Spezifikationen:<\/strong><\/h4>\n<table data-mce-fragment=\"1\">\n<tbody data-mce-fragment=\"1\">\n<tr data-mce-fragment=\"1\">\n<td data-mce-fragment=\"1\">Schutz:<\/td>\n<td data-mce-fragment=\"1\">UV400-Schutz<\/td>\n<\/tr>\n<tr data-mce-fragment=\"1\">\n<td data-mce-fragment=\"1\">\n<div data-mce-fragment=\"1\"><span data-mce-fragment=\"1\">Breite:<\/span><\/div>\n<\/td>\n<td data-mce-fragment=\"1\">135 mm<\/td>\n<\/tr>\n<tr data-mce-fragment=\"1\">\n<td data-mce-fragment=\"1\">\n<div data-mce-fragment=\"1\"><span data-mce-fragment=\"1\">L\u00e4nge:<\/span><\/div>\n<\/td>\n<td data-mce-fragment=\"1\">147 mm<\/td>\n<\/tr>\n<tr data-mce-fragment=\"1\">\n<td data-mce-fragment=\"1\">\n<div data-mce-fragment=\"1\">\n<div data-mce-fragment=\"1\"><\/div>\n<\/div>\n<div data-mce-fragment=\"1\"><span data-mce-fragment=\"1\">Rahmenmaterial:<\/span><\/div>\n<\/td>\n<td data-mce-fragment=\"1\">Metall<\/td>\n<\/tr>\n<tr data-mce-fragment=\"1\">\n<td data-mce-fragment=\"1\">\n<div data-mce-fragment=\"1\"><span data-mce-fragment=\"1\">Linsenmaterial:<\/span><\/div>\n<\/td>\n<td data-mce-fragment=\"1\">PC\u00a0<span data-mce-fragment=\"1\">(<\/span><span data-mce-fragment=\"1\">Polycarbonat-Linsen)<\/span><\/td>\n<\/tr>\n<tr data-mce-fragment=\"1\">\n<td data-mce-fragment=\"1\">\n<div data-mce-fragment=\"1\"><span data-mce-fragment=\"1\">Linsenh\u00f6he:<\/span><\/div>\n<\/td>\n<td data-mce-fragment=\"1\">50 mm<\/td>\n<\/tr>\n<tr data-mce-fragment=\"1\">\n<td data-mce-fragment=\"1\">\n<div data-mce-fragment=\"1\">Glasbreite:<\/div>\n<\/td>\n<td data-mce-fragment=\"1\">60 mm<\/td>\n<\/tr>\n<tr data-mce-fragment=\"1\">\n<td data-mce-fragment=\"1\">Nasenr\u00fccken:<\/td>\n<td data-mce-fragment=\"1\">15 mm<\/td>\n<\/tr>\n<tr data-mce-fragment=\"1\">\n<td data-mce-fragment=\"1\">\n<div data-mce-fragment=\"1\">Gewicht:<\/div>\n<\/td>\n<td data-mce-fragment=\"1\">31,2 Gramm<\/td>\n<\/tr>\n<\/tbody>\n<\/table>\n<h4 data-mce-fragment=\"1\"><\/h4>\n<p data-mce-fragment=\"1\"><img decoding=\"async\" src=\"https:\/\/cdn.shopify.com\/s\/files\/1\/0566\/3578\/5281\/files\/Miami_vibe_prodctbeschrijving_maat_1_480x480.webp?v=1655574735\" alt=\"Zonnebrillen voor dames en heren\" data-mce-fragment=\"1\" \/><\/p>\n<p data-mce-fragment=\"1\"><img decoding=\"async\" src=\"https:\/\/cdn.shopify.com\/s\/files\/1\/0566\/3578\/5281\/files\/Cases_zonnebrillen_1_480x480.webp?v=1655581910\" alt=\"Zonnebrillen voor dames en heren\" data-mce-fragment=\"1\" \/><\/p>","protected":false},"excerpt":{"rendered":"<p>\u2714\ufe0f Vor 16 Uhr bestellt, morgen geliefert!<br data-start=\"191\" data-end=\"194\" \/>\u2714\ufe0f Bequeme Nachzahlung mit Klarna!<br data-start=\"237\" data-end=\"240\" \/>\u2714\ufe0f Garantiert hohe Qualit\u00e4t!<br data-start=\"275\" data-end=\"278\" \/>\u2714\ufe0f Nicht zufrieden = Geld zur\u00fcck!<br data-start=\"304\" data-end=\"307\" \/>\u2714\ufe0f Zwei Jahre Garantie!<\/p>","protected":false},"featured_media":24513,"template":"","meta":[],"product_brand":[],"product_cat":[16,235,236,223],"product_tag":[17,18,19,20],"class_list":{"0":"post-214","1":"product","2":"type-product","3":"status-publish","4":"has-post-thumbnail","6":"product_cat-alle-zonnebrillen","7":"product_cat-dames-zonnebrillen","8":"product_cat-heren-zonnebrillen","9":"product_cat-miami-vibe","10":"product_tag-betaalbare-zonnebrillen","11":"product_tag-dames-en-heren-zonnebrillen","12":"product_tag-luxe-zonnebrillen","13":"product_tag-zonnebrillen-voor-dames-en-heren","15":"first","16":"instock","17":"sale","18":"shipping-taxable","19":"purchasable","20":"product-type-simple"},"yoast_head":"<!-- This site is optimized with the Yoast SEO Premium plugin v20.12 (Yoast SEO v27.3) - https:\/\/yoast.com\/product\/yoast-seo-premium-wordpress\/ -->\n<title>Miami vibe - Grey\/gold frame - deluxevibe.nl<\/title>\n<meta name=\"robots\" content=\"index, follow, max-snippet:-1, max-image-preview:large, max-video-preview:-1\" \/>\n<link rel=\"canonical\" href=\"https:\/\/deluxevibe.nl\/de\/produkt\/miami-vibe-grey-gold-frame\/\" \/>\n<meta property=\"og:locale\" content=\"de_DE\" \/>\n<meta property=\"og:type\" content=\"article\" \/>\n<meta property=\"og:title\" content=\"Miami vibe - Grey\/gold frame\" \/>\n<meta property=\"og:description\" content=\"\u2714\ufe0f Voor 16:00 besteld, morgen thuisbezorgd!\u2714\ufe0f Gemakkelijk achteraf betalen met Klarna!\u2714\ufe0f Gegarandeerd van hoge kwaliteit!\u2714\ufe0f Niet goed = geld terug!\u2714\ufe0f Twee jaar garantie!\" \/>\n<meta property=\"og:url\" content=\"https:\/\/deluxevibe.nl\/de\/produkt\/miami-vibe-grey-gold-frame\/\" \/>\n<meta property=\"og:site_name\" content=\"deluxevibe.nl\" \/>\n<meta property=\"article:modified_time\" content=\"2025-07-17T10:34:48+00:00\" \/>\n<meta property=\"og:image\" content=\"http:\/\/deluxevibe.nl\/files\/2023\/03\/Zonnebrillen-kopen-44.webp\" \/>\n\t<meta property=\"og:image:width\" content=\"800\" \/>\n\t<meta property=\"og:image:height\" content=\"800\" \/>\n\t<meta property=\"og:image:type\" content=\"image\/webp\" \/>\n<meta name=\"twitter:card\" content=\"summary_large_image\" \/>\n<meta name=\"twitter:label1\" content=\"Gesch\u00e4tzte Lesezeit\" \/>\n\t<meta name=\"twitter:data1\" content=\"3\u00a0Minuten\" \/>\n<script type=\"application\/ld+json\" class=\"yoast-schema-graph\">{\"@context\":\"https:\\\/\\\/schema.org\",\"@graph\":[{\"@type\":\"WebPage\",\"@id\":\"https:\\\/\\\/deluxevibe.nl\\\/product\\\/miami-vibe-grey-gold-frame\\\/\",\"url\":\"https:\\\/\\\/deluxevibe.nl\\\/product\\\/miami-vibe-grey-gold-frame\\\/\",\"name\":\"Miami vibe - Grey\\\/gold frame - deluxevibe.nl\",\"isPartOf\":{\"@id\":\"https:\\\/\\\/deluxevibe.nl\\\/#website\"},\"primaryImageOfPage\":{\"@id\":\"https:\\\/\\\/deluxevibe.nl\\\/product\\\/miami-vibe-grey-gold-frame\\\/#primaryimage\"},\"image\":{\"@id\":\"https:\\\/\\\/deluxevibe.nl\\\/product\\\/miami-vibe-grey-gold-frame\\\/#primaryimage\"},\"thumbnailUrl\":\"https:\\\/\\\/deluxevibe.nl\\\/files\\\/2023\\\/03\\\/Zonnebrillen-kopen-44.webp\",\"datePublished\":\"2023-03-16T13:38:31+00:00\",\"dateModified\":\"2025-07-17T10:34:48+00:00\",\"breadcrumb\":{\"@id\":\"https:\\\/\\\/deluxevibe.nl\\\/product\\\/miami-vibe-grey-gold-frame\\\/#breadcrumb\"},\"inLanguage\":\"de\",\"potentialAction\":[{\"@type\":\"ReadAction\",\"target\":[\"https:\\\/\\\/deluxevibe.nl\\\/product\\\/miami-vibe-grey-gold-frame\\\/\"]}]},{\"@type\":\"ImageObject\",\"inLanguage\":\"de\",\"@id\":\"https:\\\/\\\/deluxevibe.nl\\\/product\\\/miami-vibe-grey-gold-frame\\\/#primaryimage\",\"url\":\"https:\\\/\\\/deluxevibe.nl\\\/files\\\/2023\\\/03\\\/Zonnebrillen-kopen-44.webp\",\"contentUrl\":\"https:\\\/\\\/deluxevibe.nl\\\/files\\\/2023\\\/03\\\/Zonnebrillen-kopen-44.webp\",\"width\":800,\"height\":800,\"caption\":\"Zonnebrillen kopen\"},{\"@type\":\"BreadcrumbList\",\"@id\":\"https:\\\/\\\/deluxevibe.nl\\\/product\\\/miami-vibe-grey-gold-frame\\\/#breadcrumb\",\"itemListElement\":[{\"@type\":\"ListItem\",\"position\":1,\"name\":\"Home\",\"item\":\"https:\\\/\\\/deluxevibe.nl\\\/\"},{\"@type\":\"ListItem\",\"position\":2,\"name\":\"Shop\",\"item\":\"https:\\\/\\\/deluxevibe.nl\\\/zonnebrillen-2\\\/\"},{\"@type\":\"ListItem\",\"position\":3,\"name\":\"Miami vibe &#8211; Grey\\\/gold frame\"}]},{\"@type\":\"WebSite\",\"@id\":\"https:\\\/\\\/deluxevibe.nl\\\/#website\",\"url\":\"https:\\\/\\\/deluxevibe.nl\\\/\",\"name\":\"deluxevibe.nl\",\"description\":\"Luxe zonnebrillen voor dames en heren\",\"potentialAction\":[{\"@type\":\"SearchAction\",\"target\":{\"@type\":\"EntryPoint\",\"urlTemplate\":\"https:\\\/\\\/deluxevibe.nl\\\/?s={search_term_string}\"},\"query-input\":{\"@type\":\"PropertyValueSpecification\",\"valueRequired\":true,\"valueName\":\"search_term_string\"}}],\"inLanguage\":\"de\"}]}<\/script>\n<!-- \/ Yoast SEO Premium plugin. -->","yoast_head_json":{"title":"Miami vibe - Grey\/gold frame - deluxevibe.nl","robots":{"index":"index","follow":"follow","max-snippet":"max-snippet:-1","max-image-preview":"max-image-preview:large","max-video-preview":"max-video-preview:-1"},"canonical":"https:\/\/deluxevibe.nl\/de\/produkt\/miami-vibe-grey-gold-frame\/","og_locale":"de_DE","og_type":"article","og_title":"Miami vibe - Grey\/gold frame","og_description":"\u2714\ufe0f Voor 16:00 besteld, morgen thuisbezorgd!\u2714\ufe0f Gemakkelijk achteraf betalen met Klarna!\u2714\ufe0f Gegarandeerd van hoge kwaliteit!\u2714\ufe0f Niet goed = geld terug!\u2714\ufe0f Twee jaar garantie!","og_url":"https:\/\/deluxevibe.nl\/de\/produkt\/miami-vibe-grey-gold-frame\/","og_site_name":"deluxevibe.nl","article_modified_time":"2025-07-17T10:34:48+00:00","og_image":[{"width":800,"height":800,"url":"http:\/\/deluxevibe.nl\/files\/2023\/03\/Zonnebrillen-kopen-44.webp","type":"image\/webp"}],"twitter_card":"summary_large_image","twitter_misc":{"Gesch\u00e4tzte Lesezeit":"3\u00a0Minuten"},"schema":{"@context":"https:\/\/schema.org","@graph":[{"@type":"WebPage","@id":"https:\/\/deluxevibe.nl\/product\/miami-vibe-grey-gold-frame\/","url":"https:\/\/deluxevibe.nl\/product\/miami-vibe-grey-gold-frame\/","name":"Miami vibe - Grey\/gold frame - deluxevibe.nl","isPartOf":{"@id":"https:\/\/deluxevibe.nl\/#website"},"primaryImageOfPage":{"@id":"https:\/\/deluxevibe.nl\/product\/miami-vibe-grey-gold-frame\/#primaryimage"},"image":{"@id":"https:\/\/deluxevibe.nl\/product\/miami-vibe-grey-gold-frame\/#primaryimage"},"thumbnailUrl":"https:\/\/deluxevibe.nl\/files\/2023\/03\/Zonnebrillen-kopen-44.webp","datePublished":"2023-03-16T13:38:31+00:00","dateModified":"2025-07-17T10:34:48+00:00","breadcrumb":{"@id":"https:\/\/deluxevibe.nl\/product\/miami-vibe-grey-gold-frame\/#breadcrumb"},"inLanguage":"de","potentialAction":[{"@type":"ReadAction","target":["https:\/\/deluxevibe.nl\/product\/miami-vibe-grey-gold-frame\/"]}]},{"@type":"ImageObject","inLanguage":"de","@id":"https:\/\/deluxevibe.nl\/product\/miami-vibe-grey-gold-frame\/#primaryimage","url":"https:\/\/deluxevibe.nl\/files\/2023\/03\/Zonnebrillen-kopen-44.webp","contentUrl":"https:\/\/deluxevibe.nl\/files\/2023\/03\/Zonnebrillen-kopen-44.webp","width":800,"height":800,"caption":"Zonnebrillen kopen"},{"@type":"BreadcrumbList","@id":"https:\/\/deluxevibe.nl\/product\/miami-vibe-grey-gold-frame\/#breadcrumb","itemListElement":[{"@type":"ListItem","position":1,"name":"Home","item":"https:\/\/deluxevibe.nl\/"},{"@type":"ListItem","position":2,"name":"Shop","item":"https:\/\/deluxevibe.nl\/zonnebrillen-2\/"},{"@type":"ListItem","position":3,"name":"Miami vibe &#8211; Grey\/gold frame"}]},{"@type":"WebSite","@id":"https:\/\/deluxevibe.nl\/#website","url":"https:\/\/deluxevibe.nl\/","name":"deluxevibe.nl","description":"Luxe zonnebrillen voor dames en heren","potentialAction":[{"@type":"SearchAction","target":{"@type":"EntryPoint","urlTemplate":"https:\/\/deluxevibe.nl\/?s={search_term_string}"},"query-input":{"@type":"PropertyValueSpecification","valueRequired":true,"valueName":"search_term_string"}}],"inLanguage":"de"}]}},"_links":{"self":[{"href":"https:\/\/deluxevibe.nl\/de\/wp-json\/wp\/v2\/product\/214","targetHints":{"allow":["GET"]}}],"collection":[{"href":"https:\/\/deluxevibe.nl\/de\/wp-json\/wp\/v2\/product"}],"about":[{"href":"https:\/\/deluxevibe.nl\/de\/wp-json\/wp\/v2\/types\/product"}],"version-history":[{"count":2,"href":"https:\/\/deluxevibe.nl\/de\/wp-json\/wp\/v2\/product\/214\/revisions"}],"predecessor-version":[{"id":27705,"href":"https:\/\/deluxevibe.nl\/de\/wp-json\/wp\/v2\/product\/214\/revisions\/27705"}],"wp:featuredmedia":[{"embeddable":true,"href":"https:\/\/deluxevibe.nl\/de\/wp-json\/wp\/v2\/media\/24513"}],"wp:attachment":[{"href":"https:\/\/deluxevibe.nl\/de\/wp-json\/wp\/v2\/media?parent=214"}],"wp:term":[{"taxonomy":"product_brand","embeddable":true,"href":"https:\/\/deluxevibe.nl\/de\/wp-json\/wp\/v2\/product_brand?post=214"},{"taxonomy":"product_cat","embeddable":true,"href":"https:\/\/deluxevibe.nl\/de\/wp-json\/wp\/v2\/product_cat?post=214"},{"taxonomy":"product_tag","embeddable":true,"href":"https:\/\/deluxevibe.nl\/de\/wp-json\/wp\/v2\/product_tag?post=214"}],"curies":[{"name":"wp","href":"https:\/\/api.w.org\/{rel}","templated":true}]}}