{"id":24206,"date":"2023-03-16T22:07:35","date_gmt":"2023-03-16T22:07:35","guid":{"rendered":"https:\/\/deluxevibe.nl\/?page_id=24206"},"modified":"2026-03-26T17:25:45","modified_gmt":"2026-03-26T16:25:45","slug":"garantie-klachten","status":"publish","type":"page","link":"https:\/\/deluxevibe.nl\/fr\/garantie-klachten\/","title":{"rendered":"Garantie et r\u00e9clamations"},"content":{"rendered":"<div data-elementor-type=\"wp-page\" data-elementor-id=\"24206\" class=\"elementor elementor-24206\">\n\t\t\t\t\t\t<section class=\"elementor-section elementor-top-section elementor-element elementor-element-2ec2d72 elementor-section-boxed elementor-section-gap-beside-yes elementor-section-height-default elementor-section-height-default elementor-section-column-vertical-align-stretch\" data-id=\"2ec2d72\" data-element_type=\"section\" data-e-type=\"section\">\n\t\t\t\t\t\t<div class=\"elementor-container elementor-column-gap-extended\">\n\t\t\t\t\t<div class=\"elementor-column elementor-col-100 elementor-top-column elementor-element elementor-element-eb5501a\" data-id=\"eb5501a\" data-element_type=\"column\" data-e-type=\"column\">\n\t\t\t<div class=\"elementor-widget-wrap elementor-element-populated\">\n\t\t\t\t\t\t<div class=\"elementor-element elementor-element-4070a20 elementor-widget elementor-widget-tm-heading\" data-id=\"4070a20\" data-element_type=\"widget\" data-e-type=\"widget\" data-widget_type=\"tm-heading.default\">\n\t\t\t\t<div class=\"elementor-widget-container\">\n\t\t\t\t\t\t\t<div class=\"tm-modern-heading tm-modern-heading--style-01 tm-modern-heading--highlight-style-01\">\n\t\t\t\n\t\t\t\t\t<div class=\"heading-primary-wrap\">\n\t\t\t<h2 class=\"heading-primary elementor-heading-title\">Garantie et r\u00e9clamations\n<\/h2>\t\t<\/div>\n\t\t\n\t\t\t\n\t\t\t\t\t<\/div>\n\t\t\t\t\t\t<\/div>\n\t\t\t\t<\/div>\n\t\t\t\t<div class=\"elementor-element elementor-element-a4cecf7 elementor-widget elementor-widget-spacer\" data-id=\"a4cecf7\" data-element_type=\"widget\" data-e-type=\"widget\" data-widget_type=\"spacer.default\">\n\t\t\t\t<div class=\"elementor-widget-container\">\n\t\t\t\t\t\t\t<div class=\"elementor-spacer\">\n\t\t\t<div class=\"elementor-spacer-inner\"><\/div>\n\t\t<\/div>\n\t\t\t\t\t\t<\/div>\n\t\t\t\t<\/div>\n\t\t\t\t<div class=\"elementor-element elementor-element-5cfa0d2 elementor-widget elementor-widget-text-editor\" data-id=\"5cfa0d2\" data-element_type=\"widget\" data-e-type=\"widget\" data-widget_type=\"text-editor.default\">\n\t\t\t\t<div class=\"elementor-widget-container\">\n\t\t\t\t\t\t\t\t\t<p><b>Garantie<\/b><\/p><p>Nous prenons soin de nos produits et faisons naturellement de notre mieux pour vous les livrer en parfait \u00e9tat. Il arrive cependant parfois qu&#039;une commande soit endommag\u00e9e pendant le transport ou qu&#039;un autre \u00e9v\u00e9nement se produise qui vous donne le droit de faire appel \u00e0 la garantie.<\/p><p>Conform\u00e9ment \u00e0 la loi, vous \u00eates tenu de nous signaler le d\u00e9faut dans les deux mois suivant sa d\u00e9couverte. Si le d\u00e9faut rel\u00e8ve de la garantie, nous nous chargeons de la r\u00e9paration ou du remplacement gratuitement.<\/p><p><b>Plaintes<\/b><\/p><p>Il peut toujours arriver que quelque chose ne se passe pas exactement comme pr\u00e9vu. Nous vous recommandons de nous signaler d&#039;abord toute r\u00e9clamation en envoyant un e-mail \u00e0 info@deluxevibe.nl.<\/p><p>Si votre r\u00e9clamation n\u2019est pas encore trait\u00e9e ailleurs, vous \u00eates libre de d\u00e9poser votre r\u00e9clamation via la plateforme de l\u2019Union europ\u00e9enne.<\/p>\t\t\t\t\t\t\t\t<\/div>\n\t\t\t\t<\/div>\n\t\t\t\t\t<\/div>\n\t\t<\/div>\n\t\t\t\t\t<\/div>\n\t\t<\/section>\n\t\t\t\t<\/div>","protected":false},"excerpt":{"rendered":"<p>Garantie &#038; Klachten Garantie Wij geven om onze producten en doen logischerwijze ons best om deze in topconditie aan u te leveren. Toch komt het wel eens voor dat er een bestelling kapot gaat tijdens transport of dat er iets anders gebeurt waardoor u aanspraak kunt maken op garantie. Wettelijk gezien bent u verplicht om binnen twee maanden na constatering van het gebrek melding bij ons hierover te maken. Indien het gebrek binnen de garantie valt, dan zullen wij kosteloos zorg dragen voor reparatie of vervanging. Klachten Het kan altijd voorkomen dat er iets niet helemaal gaat zoals gepland. We raden u aan om klachten eerst bij ons kenbaar te maken door te mailen naar info@deluxevibe.nl. Wanneer uw klacht nog niet elders in behandeling is dan staat het u vrij om uw klacht te deponeren via het platform van de Europese Unie.<\/p>","protected":false},"author":1,"featured_media":0,"parent":0,"menu_order":0,"comment_status":"closed","ping_status":"closed","template":"","meta":{"footnotes":""},"class_list":["post-24206","page","type-page","status-publish","hentry","post-no-thumbnail"],"yoast_head":"<!-- This site is optimized with the Yoast SEO Premium plugin v20.12 (Yoast SEO v27.5) - https:\/\/yoast.com\/product\/yoast-seo-premium-wordpress\/ -->\n<title>Garantie &amp; Klachten - deluxevibe.nl<\/title>\n<meta name=\"robots\" content=\"index, follow, max-snippet:-1, max-image-preview:large, max-video-preview:-1\" \/>\n<link rel=\"canonical\" href=\"https:\/\/deluxevibe.nl\/fr\/garantie-klachten\/\" \/>\n<meta property=\"og:locale\" content=\"fr_FR\" \/>\n<meta property=\"og:type\" content=\"article\" \/>\n<meta property=\"og:title\" content=\"Garantie &amp; Klachten\" \/>\n<meta property=\"og:description\" content=\"Garantie &#038; Klachten Garantie Wij geven om onze producten en doen logischerwijze ons best om deze in topconditie aan u te leveren. Toch komt het wel eens voor dat er een bestelling kapot gaat tijdens transport of dat er iets anders gebeurt waardoor u aanspraak kunt maken op garantie. Wettelijk gezien bent u verplicht om binnen twee maanden na constatering van het gebrek melding bij ons hierover te maken. Indien het gebrek binnen de garantie valt, dan zullen wij kosteloos zorg dragen voor reparatie of vervanging. Klachten Het kan altijd voorkomen dat er iets niet helemaal gaat zoals gepland. We raden u aan om klachten eerst bij ons kenbaar te maken door te mailen naar info@deluxevibe.nl. Wanneer uw klacht nog niet elders in behandeling is dan staat het u vrij om uw klacht te deponeren via het platform van de Europese Unie.\" \/>\n<meta property=\"og:url\" content=\"https:\/\/deluxevibe.nl\/fr\/garantie-klachten\/\" \/>\n<meta property=\"og:site_name\" content=\"deluxevibe.nl\" \/>\n<meta property=\"article:modified_time\" content=\"2026-03-26T16:25:45+00:00\" \/>\n<meta name=\"twitter:card\" content=\"summary_large_image\" \/>\n<meta name=\"twitter:label1\" content=\"Dur\u00e9e de lecture estim\u00e9e\" \/>\n\t<meta name=\"twitter:data1\" content=\"1 minute\" \/>\n<script type=\"application\/ld+json\" class=\"yoast-schema-graph\">{\"@context\":\"https:\\\/\\\/schema.org\",\"@graph\":[{\"@type\":\"WebPage\",\"@id\":\"https:\\\/\\\/deluxevibe.nl\\\/garantie-klachten\\\/\",\"url\":\"https:\\\/\\\/deluxevibe.nl\\\/garantie-klachten\\\/\",\"name\":\"Garantie &amp; Klachten - deluxevibe.nl\",\"isPartOf\":{\"@id\":\"https:\\\/\\\/deluxevibe.nl\\\/#website\"},\"datePublished\":\"2023-03-16T22:07:35+00:00\",\"dateModified\":\"2026-03-26T16:25:45+00:00\",\"breadcrumb\":{\"@id\":\"https:\\\/\\\/deluxevibe.nl\\\/garantie-klachten\\\/#breadcrumb\"},\"inLanguage\":\"fr-FR\",\"potentialAction\":[{\"@type\":\"ReadAction\",\"target\":[\"https:\\\/\\\/deluxevibe.nl\\\/garantie-klachten\\\/\"]}]},{\"@type\":\"BreadcrumbList\",\"@id\":\"https:\\\/\\\/deluxevibe.nl\\\/garantie-klachten\\\/#breadcrumb\",\"itemListElement\":[{\"@type\":\"ListItem\",\"position\":1,\"name\":\"Home\",\"item\":\"https:\\\/\\\/deluxevibe.nl\\\/\"},{\"@type\":\"ListItem\",\"position\":2,\"name\":\"Garantie &amp; Klachten\"}]},{\"@type\":\"WebSite\",\"@id\":\"https:\\\/\\\/deluxevibe.nl\\\/#website\",\"url\":\"https:\\\/\\\/deluxevibe.nl\\\/\",\"name\":\"deluxevibe.nl\",\"description\":\"Luxe zonnebrillen voor dames en heren\",\"potentialAction\":[{\"@type\":\"SearchAction\",\"target\":{\"@type\":\"EntryPoint\",\"urlTemplate\":\"https:\\\/\\\/deluxevibe.nl\\\/?s={search_term_string}\"},\"query-input\":{\"@type\":\"PropertyValueSpecification\",\"valueRequired\":true,\"valueName\":\"search_term_string\"}}],\"inLanguage\":\"fr-FR\"}]}<\/script>\n<!-- \/ Yoast SEO Premium plugin. -->","yoast_head_json":{"title":"Garantie &amp; Klachten - deluxevibe.nl","robots":{"index":"index","follow":"follow","max-snippet":"max-snippet:-1","max-image-preview":"max-image-preview:large","max-video-preview":"max-video-preview:-1"},"canonical":"https:\/\/deluxevibe.nl\/fr\/garantie-klachten\/","og_locale":"fr_FR","og_type":"article","og_title":"Garantie &amp; Klachten","og_description":"Garantie &#038; Klachten Garantie Wij geven om onze producten en doen logischerwijze ons best om deze in topconditie aan u te leveren. Toch komt het wel eens voor dat er een bestelling kapot gaat tijdens transport of dat er iets anders gebeurt waardoor u aanspraak kunt maken op garantie. Wettelijk gezien bent u verplicht om binnen twee maanden na constatering van het gebrek melding bij ons hierover te maken. Indien het gebrek binnen de garantie valt, dan zullen wij kosteloos zorg dragen voor reparatie of vervanging. Klachten Het kan altijd voorkomen dat er iets niet helemaal gaat zoals gepland. We raden u aan om klachten eerst bij ons kenbaar te maken door te mailen naar info@deluxevibe.nl. Wanneer uw klacht nog niet elders in behandeling is dan staat het u vrij om uw klacht te deponeren via het platform van de Europese Unie.","og_url":"https:\/\/deluxevibe.nl\/fr\/garantie-klachten\/","og_site_name":"deluxevibe.nl","article_modified_time":"2026-03-26T16:25:45+00:00","twitter_card":"summary_large_image","twitter_misc":{"Dur\u00e9e de lecture estim\u00e9e":"1 minute"},"schema":{"@context":"https:\/\/schema.org","@graph":[{"@type":"WebPage","@id":"https:\/\/deluxevibe.nl\/garantie-klachten\/","url":"https:\/\/deluxevibe.nl\/garantie-klachten\/","name":"Garantie &amp; Klachten - deluxevibe.nl","isPartOf":{"@id":"https:\/\/deluxevibe.nl\/#website"},"datePublished":"2023-03-16T22:07:35+00:00","dateModified":"2026-03-26T16:25:45+00:00","breadcrumb":{"@id":"https:\/\/deluxevibe.nl\/garantie-klachten\/#breadcrumb"},"inLanguage":"fr-FR","potentialAction":[{"@type":"ReadAction","target":["https:\/\/deluxevibe.nl\/garantie-klachten\/"]}]},{"@type":"BreadcrumbList","@id":"https:\/\/deluxevibe.nl\/garantie-klachten\/#breadcrumb","itemListElement":[{"@type":"ListItem","position":1,"name":"Home","item":"https:\/\/deluxevibe.nl\/"},{"@type":"ListItem","position":2,"name":"Garantie &amp; Klachten"}]},{"@type":"WebSite","@id":"https:\/\/deluxevibe.nl\/#website","url":"https:\/\/deluxevibe.nl\/","name":"deluxevibe.nl","description":"Luxe zonnebrillen voor dames en heren","potentialAction":[{"@type":"SearchAction","target":{"@type":"EntryPoint","urlTemplate":"https:\/\/deluxevibe.nl\/?s={search_term_string}"},"query-input":{"@type":"PropertyValueSpecification","valueRequired":true,"valueName":"search_term_string"}}],"inLanguage":"fr-FR"}]}},"_links":{"self":[{"href":"https:\/\/deluxevibe.nl\/fr\/wp-json\/wp\/v2\/pages\/24206","targetHints":{"allow":["GET"]}}],"collection":[{"href":"https:\/\/deluxevibe.nl\/fr\/wp-json\/wp\/v2\/pages"}],"about":[{"href":"https:\/\/deluxevibe.nl\/fr\/wp-json\/wp\/v2\/types\/page"}],"author":[{"embeddable":true,"href":"https:\/\/deluxevibe.nl\/fr\/wp-json\/wp\/v2\/users\/1"}],"replies":[{"embeddable":true,"href":"https:\/\/deluxevibe.nl\/fr\/wp-json\/wp\/v2\/comments?post=24206"}],"version-history":[{"count":6,"href":"https:\/\/deluxevibe.nl\/fr\/wp-json\/wp\/v2\/pages\/24206\/revisions"}],"predecessor-version":[{"id":27943,"href":"https:\/\/deluxevibe.nl\/fr\/wp-json\/wp\/v2\/pages\/24206\/revisions\/27943"}],"wp:attachment":[{"href":"https:\/\/deluxevibe.nl\/fr\/wp-json\/wp\/v2\/media?parent=24206"}],"curies":[{"name":"wp","href":"https:\/\/api.w.org\/{rel}","templated":true}]}}