{"id":24217,"date":"2023-03-16T22:12:35","date_gmt":"2023-03-16T22:12:35","guid":{"rendered":"https:\/\/deluxevibe.nl\/?page_id=24217"},"modified":"2023-03-16T22:14:14","modified_gmt":"2023-03-16T22:14:14","slug":"verzendbeleid","status":"publish","type":"page","link":"https:\/\/deluxevibe.nl\/fr\/verzendbeleid\/","title":{"rendered":"Politique d&#039;exp\u00e9dition"},"content":{"rendered":"<div data-elementor-type=\"wp-page\" data-elementor-id=\"24217\" class=\"elementor elementor-24217\">\n\t\t\t\t\t\t<section class=\"elementor-section elementor-top-section elementor-element elementor-element-28bf822 elementor-section-boxed elementor-section-gap-beside-yes elementor-section-height-default elementor-section-height-default elementor-section-column-vertical-align-stretch\" data-id=\"28bf822\" data-element_type=\"section\" data-e-type=\"section\">\n\t\t\t\t\t\t<div class=\"elementor-container elementor-column-gap-extended\">\n\t\t\t\t\t<div class=\"elementor-column elementor-col-100 elementor-top-column elementor-element elementor-element-512e4c7\" data-id=\"512e4c7\" data-element_type=\"column\" data-e-type=\"column\">\n\t\t\t<div class=\"elementor-widget-wrap elementor-element-populated\">\n\t\t\t\t\t\t<div class=\"elementor-element elementor-element-0f2f6f6 elementor-widget elementor-widget-tm-heading\" data-id=\"0f2f6f6\" data-element_type=\"widget\" data-e-type=\"widget\" data-widget_type=\"tm-heading.default\">\n\t\t\t\t<div class=\"elementor-widget-container\">\n\t\t\t\t\t\t\t<div class=\"tm-modern-heading tm-modern-heading--style-01 tm-modern-heading--highlight-style-01\">\n\t\t\t\n\t\t\t\t\t<div class=\"heading-primary-wrap\">\n\t\t\t<h2 class=\"heading-primary elementor-heading-title\">Politique d&#039;exp\u00e9dition<\/h2>\t\t<\/div>\n\t\t\n\t\t\t\n\t\t\t\t\t<\/div>\n\t\t\t\t\t\t<\/div>\n\t\t\t\t<\/div>\n\t\t\t\t<div class=\"elementor-element elementor-element-2814823 elementor-widget elementor-widget-spacer\" data-id=\"2814823\" data-element_type=\"widget\" data-e-type=\"widget\" data-widget_type=\"spacer.default\">\n\t\t\t\t<div class=\"elementor-widget-container\">\n\t\t\t\t\t\t\t<div class=\"elementor-spacer\">\n\t\t\t<div class=\"elementor-spacer-inner\"><\/div>\n\t\t<\/div>\n\t\t\t\t\t\t<\/div>\n\t\t\t\t<\/div>\n\t\t\t\t<div class=\"elementor-element elementor-element-6a47f9b elementor-widget elementor-widget-text-editor\" data-id=\"6a47f9b\" data-element_type=\"widget\" data-e-type=\"widget\" data-widget_type=\"text-editor.default\">\n\t\t\t\t<div class=\"elementor-widget-container\">\n\t\t\t\t\t\t\t\t\t<b>Politique d&#039;exp\u00e9dition<\/b><br>\n<br>Nous mettons tout en \u0153uvre pour vous livrer votre commande dans les plus brefs d\u00e9lais. Les commandes pass\u00e9es les jours ouvrables avant 15h00 seront exp\u00e9di\u00e9es le jour m\u00eame. Cependant, nous ne sommes pas toujours en mesure de respecter cela, parfois les produits ne sont pas en stock et la livraison de votre commande peut alors prendre un peu plus de temps.<br>\n\n<br>Une indication du d\u00e9lai de livraison est donn\u00e9e sur la page produit. Si pour une raison quelconque nous ne sommes pas en mesure de respecter ce d\u00e9lai de livraison, nous vous en informerons bien entendu dans les plus brefs d\u00e9lais.<br>\n\n<br>Les prix indiqu\u00e9s sont hors frais de port. Les frais de livraison sont :<br>\n\n<br>4,10 \u20ac pour les commandes qui passent par la bo\u00eete aux lettres<br>\n\n<br>La livraison s&#039;effectue par l&#039;interm\u00e9diaire du facteur ou du livreur de colis de PostNL. En g\u00e9n\u00e9ral, la livraison aura lieu le jour ouvrable suivant entre 9h00 et 18h00. Malheureusement, nous ne pouvons pas garantir le d\u00e9lai de livraison.<br>\n\n<br>D\u00e9lai de livraison Pays-Bas : 1 \u00e0 2 jours ouvrables<br>\n\n<br>Belgique : 1 \u00e0 2 jours ouvrables (13 euros)<br>\n\n<br>Allemagne : 2-3 jours ouvrables (13 euros)<br>\t\t\t\t\t\t\t\t<\/div>\n\t\t\t\t<\/div>\n\t\t\t\t\t<\/div>\n\t\t<\/div>\n\t\t\t\t\t<\/div>\n\t\t<\/section>\n\t\t\t\t<\/div>","protected":false},"excerpt":{"rendered":"<p>Verzendbeleid Verzendbeleid Wij doen zorgvuldig ons best de bestelling zo spoedig mogelijk bij u af te leveren. Bestellingen die op werkdagen v\u00f3\u00f3r 15:00 worden gedaan, proberen wij dezelfde dag nog te verzenden. Niet altijd lukt het ons echter om dit na te komen, soms zijn producten niet voorradig en dan kan de levering van uw bestelling iets langer duren. Op de productpagina staat een indicatie van de levertijd. Mochten wij om wat voor reden dan ook deze levertijd niet halen, dan brengen wij u hier natuurlijk zo spoedig mogelijk van op de hoogte. De vermelde prijzen zijn exclusief verzendkosten. De verzendkosten bedragen: \u20ac4.10 voor bestellingen die door de brievenbus passen Levering verloopt via de postbode of pakketbezorger van PostNL. Over het algemeen zal de aflevering de eerstvolgende werkdag tussen 9:00 en 18:00 plaatsvinden. Helaas kunnen wij het moment van aflevering niet garanderen. Levertijd Nederland: 1-2 werkdagen Belgi\u00eb: 1-2 werkdagen (13 euro) Duitsland: 2-3 werkdagen (13 euro)<\/p>","protected":false},"author":1,"featured_media":0,"parent":0,"menu_order":0,"comment_status":"closed","ping_status":"closed","template":"","meta":{"footnotes":""},"class_list":["post-24217","page","type-page","status-publish","hentry","post-no-thumbnail"],"yoast_head":"<!-- This site is optimized with the Yoast SEO Premium plugin v20.12 (Yoast SEO v27.5) - https:\/\/yoast.com\/product\/yoast-seo-premium-wordpress\/ -->\n<title>Verzendbeleid - deluxevibe.nl<\/title>\n<meta name=\"robots\" content=\"index, follow, max-snippet:-1, max-image-preview:large, max-video-preview:-1\" \/>\n<link rel=\"canonical\" href=\"https:\/\/deluxevibe.nl\/fr\/verzendbeleid\/\" \/>\n<meta property=\"og:locale\" content=\"fr_FR\" \/>\n<meta property=\"og:type\" content=\"article\" \/>\n<meta property=\"og:title\" content=\"Verzendbeleid\" \/>\n<meta property=\"og:description\" content=\"Verzendbeleid Verzendbeleid Wij doen zorgvuldig ons best de bestelling zo spoedig mogelijk bij u af te leveren. Bestellingen die op werkdagen v\u00f3\u00f3r 15:00 worden gedaan, proberen wij dezelfde dag nog te verzenden. Niet altijd lukt het ons echter om dit na te komen, soms zijn producten niet voorradig en dan kan de levering van uw bestelling iets langer duren. Op de productpagina staat een indicatie van de levertijd. Mochten wij om wat voor reden dan ook deze levertijd niet halen, dan brengen wij u hier natuurlijk zo spoedig mogelijk van op de hoogte. De vermelde prijzen zijn exclusief verzendkosten. De verzendkosten bedragen: \u20ac4.10 voor bestellingen die door de brievenbus passen Levering verloopt via de postbode of pakketbezorger van PostNL. Over het algemeen zal de aflevering de eerstvolgende werkdag tussen 9:00 en 18:00 plaatsvinden. Helaas kunnen wij het moment van aflevering niet garanderen. Levertijd Nederland: 1-2 werkdagen Belgi\u00eb: 1-2 werkdagen (13 euro) Duitsland: 2-3 werkdagen (13 euro)\" \/>\n<meta property=\"og:url\" content=\"https:\/\/deluxevibe.nl\/fr\/verzendbeleid\/\" \/>\n<meta property=\"og:site_name\" content=\"deluxevibe.nl\" \/>\n<meta property=\"article:modified_time\" content=\"2023-03-16T22:14:14+00:00\" \/>\n<meta name=\"twitter:card\" content=\"summary_large_image\" \/>\n<meta name=\"twitter:label1\" content=\"Dur\u00e9e de lecture estim\u00e9e\" \/>\n\t<meta name=\"twitter:data1\" content=\"1 minute\" \/>\n<script type=\"application\/ld+json\" class=\"yoast-schema-graph\">{\"@context\":\"https:\\\/\\\/schema.org\",\"@graph\":[{\"@type\":\"WebPage\",\"@id\":\"https:\\\/\\\/deluxevibe.nl\\\/verzendbeleid\\\/\",\"url\":\"https:\\\/\\\/deluxevibe.nl\\\/verzendbeleid\\\/\",\"name\":\"Verzendbeleid - deluxevibe.nl\",\"isPartOf\":{\"@id\":\"https:\\\/\\\/deluxevibe.nl\\\/#website\"},\"datePublished\":\"2023-03-16T22:12:35+00:00\",\"dateModified\":\"2023-03-16T22:14:14+00:00\",\"breadcrumb\":{\"@id\":\"https:\\\/\\\/deluxevibe.nl\\\/verzendbeleid\\\/#breadcrumb\"},\"inLanguage\":\"fr-FR\",\"potentialAction\":[{\"@type\":\"ReadAction\",\"target\":[\"https:\\\/\\\/deluxevibe.nl\\\/verzendbeleid\\\/\"]}]},{\"@type\":\"BreadcrumbList\",\"@id\":\"https:\\\/\\\/deluxevibe.nl\\\/verzendbeleid\\\/#breadcrumb\",\"itemListElement\":[{\"@type\":\"ListItem\",\"position\":1,\"name\":\"Home\",\"item\":\"https:\\\/\\\/deluxevibe.nl\\\/\"},{\"@type\":\"ListItem\",\"position\":2,\"name\":\"Verzendbeleid\"}]},{\"@type\":\"WebSite\",\"@id\":\"https:\\\/\\\/deluxevibe.nl\\\/#website\",\"url\":\"https:\\\/\\\/deluxevibe.nl\\\/\",\"name\":\"deluxevibe.nl\",\"description\":\"Luxe zonnebrillen voor dames en heren\",\"potentialAction\":[{\"@type\":\"SearchAction\",\"target\":{\"@type\":\"EntryPoint\",\"urlTemplate\":\"https:\\\/\\\/deluxevibe.nl\\\/?s={search_term_string}\"},\"query-input\":{\"@type\":\"PropertyValueSpecification\",\"valueRequired\":true,\"valueName\":\"search_term_string\"}}],\"inLanguage\":\"fr-FR\"}]}<\/script>\n<!-- \/ Yoast SEO Premium plugin. -->","yoast_head_json":{"title":"Verzendbeleid - deluxevibe.nl","robots":{"index":"index","follow":"follow","max-snippet":"max-snippet:-1","max-image-preview":"max-image-preview:large","max-video-preview":"max-video-preview:-1"},"canonical":"https:\/\/deluxevibe.nl\/fr\/verzendbeleid\/","og_locale":"fr_FR","og_type":"article","og_title":"Verzendbeleid","og_description":"Verzendbeleid Verzendbeleid Wij doen zorgvuldig ons best de bestelling zo spoedig mogelijk bij u af te leveren. Bestellingen die op werkdagen v\u00f3\u00f3r 15:00 worden gedaan, proberen wij dezelfde dag nog te verzenden. Niet altijd lukt het ons echter om dit na te komen, soms zijn producten niet voorradig en dan kan de levering van uw bestelling iets langer duren. Op de productpagina staat een indicatie van de levertijd. Mochten wij om wat voor reden dan ook deze levertijd niet halen, dan brengen wij u hier natuurlijk zo spoedig mogelijk van op de hoogte. De vermelde prijzen zijn exclusief verzendkosten. De verzendkosten bedragen: \u20ac4.10 voor bestellingen die door de brievenbus passen Levering verloopt via de postbode of pakketbezorger van PostNL. Over het algemeen zal de aflevering de eerstvolgende werkdag tussen 9:00 en 18:00 plaatsvinden. Helaas kunnen wij het moment van aflevering niet garanderen. Levertijd Nederland: 1-2 werkdagen Belgi\u00eb: 1-2 werkdagen (13 euro) Duitsland: 2-3 werkdagen (13 euro)","og_url":"https:\/\/deluxevibe.nl\/fr\/verzendbeleid\/","og_site_name":"deluxevibe.nl","article_modified_time":"2023-03-16T22:14:14+00:00","twitter_card":"summary_large_image","twitter_misc":{"Dur\u00e9e de lecture estim\u00e9e":"1 minute"},"schema":{"@context":"https:\/\/schema.org","@graph":[{"@type":"WebPage","@id":"https:\/\/deluxevibe.nl\/verzendbeleid\/","url":"https:\/\/deluxevibe.nl\/verzendbeleid\/","name":"Verzendbeleid - deluxevibe.nl","isPartOf":{"@id":"https:\/\/deluxevibe.nl\/#website"},"datePublished":"2023-03-16T22:12:35+00:00","dateModified":"2023-03-16T22:14:14+00:00","breadcrumb":{"@id":"https:\/\/deluxevibe.nl\/verzendbeleid\/#breadcrumb"},"inLanguage":"fr-FR","potentialAction":[{"@type":"ReadAction","target":["https:\/\/deluxevibe.nl\/verzendbeleid\/"]}]},{"@type":"BreadcrumbList","@id":"https:\/\/deluxevibe.nl\/verzendbeleid\/#breadcrumb","itemListElement":[{"@type":"ListItem","position":1,"name":"Home","item":"https:\/\/deluxevibe.nl\/"},{"@type":"ListItem","position":2,"name":"Verzendbeleid"}]},{"@type":"WebSite","@id":"https:\/\/deluxevibe.nl\/#website","url":"https:\/\/deluxevibe.nl\/","name":"deluxevibe.nl","description":"Luxe zonnebrillen voor dames en heren","potentialAction":[{"@type":"SearchAction","target":{"@type":"EntryPoint","urlTemplate":"https:\/\/deluxevibe.nl\/?s={search_term_string}"},"query-input":{"@type":"PropertyValueSpecification","valueRequired":true,"valueName":"search_term_string"}}],"inLanguage":"fr-FR"}]}},"_links":{"self":[{"href":"https:\/\/deluxevibe.nl\/fr\/wp-json\/wp\/v2\/pages\/24217","targetHints":{"allow":["GET"]}}],"collection":[{"href":"https:\/\/deluxevibe.nl\/fr\/wp-json\/wp\/v2\/pages"}],"about":[{"href":"https:\/\/deluxevibe.nl\/fr\/wp-json\/wp\/v2\/types\/page"}],"author":[{"embeddable":true,"href":"https:\/\/deluxevibe.nl\/fr\/wp-json\/wp\/v2\/users\/1"}],"replies":[{"embeddable":true,"href":"https:\/\/deluxevibe.nl\/fr\/wp-json\/wp\/v2\/comments?post=24217"}],"version-history":[{"count":0,"href":"https:\/\/deluxevibe.nl\/fr\/wp-json\/wp\/v2\/pages\/24217\/revisions"}],"wp:attachment":[{"href":"https:\/\/deluxevibe.nl\/fr\/wp-json\/wp\/v2\/media?parent=24217"}],"curies":[{"name":"wp","href":"https:\/\/api.w.org\/{rel}","templated":true}]}}