{"id":24222,"date":"2023-03-16T22:15:48","date_gmt":"2023-03-16T22:15:48","guid":{"rendered":"https:\/\/deluxevibe.nl\/?page_id=24222"},"modified":"2025-04-03T04:31:56","modified_gmt":"2025-04-03T02:31:56","slug":"terugbetalingsbeleid","status":"publish","type":"page","link":"https:\/\/deluxevibe.nl\/fr\/terugbetalingsbeleid\/","title":{"rendered":"Politique de remboursement"},"content":{"rendered":"<div data-elementor-type=\"wp-page\" data-elementor-id=\"24222\" class=\"elementor elementor-24222\">\n\t\t\t\t\t\t<section class=\"elementor-section elementor-top-section elementor-element elementor-element-b817d4e elementor-section-boxed elementor-section-gap-beside-yes elementor-section-height-default elementor-section-height-default elementor-section-column-vertical-align-stretch\" data-id=\"b817d4e\" data-element_type=\"section\" data-e-type=\"section\">\n\t\t\t\t\t\t<div class=\"elementor-container elementor-column-gap-extended\">\n\t\t\t\t\t<div class=\"elementor-column elementor-col-100 elementor-top-column elementor-element elementor-element-768cfe7\" data-id=\"768cfe7\" data-element_type=\"column\" data-e-type=\"column\">\n\t\t\t<div class=\"elementor-widget-wrap elementor-element-populated\">\n\t\t\t\t\t\t<div class=\"elementor-element elementor-element-4452b68 elementor-widget elementor-widget-tm-heading\" data-id=\"4452b68\" data-element_type=\"widget\" data-e-type=\"widget\" data-widget_type=\"tm-heading.default\">\n\t\t\t\t<div class=\"elementor-widget-container\">\n\t\t\t\t\t\t\t<div class=\"tm-modern-heading tm-modern-heading--style-01 tm-modern-heading--highlight-style-01\">\n\t\t\t\n\t\t\t\t\t<div class=\"heading-primary-wrap\">\n\t\t\t<h2 class=\"heading-primary elementor-heading-title\">Politique de remboursement\n<\/h2>\t\t<\/div>\n\t\t\n\t\t\t\n\t\t\t\t\t<\/div>\n\t\t\t\t\t\t<\/div>\n\t\t\t\t<\/div>\n\t\t\t\t<div class=\"elementor-element elementor-element-9b889fc elementor-widget elementor-widget-spacer\" data-id=\"9b889fc\" data-element_type=\"widget\" data-e-type=\"widget\" data-widget_type=\"spacer.default\">\n\t\t\t\t<div class=\"elementor-widget-container\">\n\t\t\t\t\t\t\t<div class=\"elementor-spacer\">\n\t\t\t<div class=\"elementor-spacer-inner\"><\/div>\n\t\t<\/div>\n\t\t\t\t\t\t<\/div>\n\t\t\t\t<\/div>\n\t\t\t\t<div class=\"elementor-element elementor-element-a3c263a elementor-widget elementor-widget-text-editor\" data-id=\"a3c263a\" data-element_type=\"widget\" data-e-type=\"widget\" data-widget_type=\"text-editor.default\">\n\t\t\t\t<div class=\"elementor-widget-container\">\n\t\t\t\t\t\t\t\t\t<p>Il peut arriver que vous souhaitiez retourner une commande. Peut-\u00eatre parce que vous n&#039;aimez pas le produit ou peut-\u00eatre qu&#039;il y a une autre raison pour laquelle vous ne voulez pas la commande. Quelle que soit la raison, vous avez le droit d&#039;annuler votre commande jusqu&#039;\u00e0 14 jours apr\u00e8s r\u00e9ception sans donner de raison.<\/p><p>Apr\u00e8s annulation, vous disposez de 14 jours suppl\u00e9mentaires pour retourner votre produit. Le montant total de votre commande, frais de port compris, vous sera alors cr\u00e9dit\u00e9. Seuls les frais de retour de votre domicile \u00e0 la boutique en ligne sont \u00e0 votre charge. Ces frais s&#039;\u00e9l\u00e8vent \u00e0 environ 4,10 \u20ac par colis. Consultez le site web de votre transporteur pour conna\u00eetre les tarifs exacts.<\/p><p>Si vous exercez votre droit de r\u00e9tractation, le produit, accompagn\u00e9 de tous les accessoires fournis et, si possible, dans son \u00e9tat et son emballage d&#039;origine, sera retourn\u00e9 \u00e0 l&#039;entrepreneur. Pour exercer ce droit, vous pouvez nous contacter \u00e0 l&#039;adresse info@deluxevibe.nl. Nous vous rembourserons le montant d\u00fb dans les 14 jours suivant l&#039;enregistrement de votre retour, \u00e0 condition que le produit ait \u00e9t\u00e9 retourn\u00e9 en bon \u00e9tat.<\/p><p>Si le produit est endommag\u00e9 ou si l&#039;emballage est endommag\u00e9 plus que n\u00e9cessaire pour essayer le produit, nous pouvons vous r\u00e9percuter cette r\u00e9duction de valeur du produit. Par cons\u00e9quent, traitez le produit avec soin et assurez-vous qu&#039;il est correctement emball\u00e9 lors du retour.<\/p>\t\t\t\t\t\t\t\t<\/div>\n\t\t\t\t<\/div>\n\t\t\t\t\t<\/div>\n\t\t<\/div>\n\t\t\t\t\t<\/div>\n\t\t<\/section>\n\t\t\t\t<\/div>","protected":false},"excerpt":{"rendered":"<p>Terugbetalingsbeleid Het kan wel eens voorkomen dat u een bestelling retour wilt sturen. Wellicht omdat het product toch niet bevalt of misschien is er een andere reden is waarom u de bestelling toch niet zou willen hebben. Wat de reden ook is, u heeft het recht uw bestelling tot 14 dagen na ontvangst zonder opgave van reden te annuleren. U heeft na annulering nogmaals 14 dagen om uw product retour te sturen. U krijgt dan het volledige orderbedrag inclusief verzendkosten gecrediteerd. Enkel de kosten voor retour van u thuis naar de webwinkel zijn voor eigen rekening. Deze kosten bedragen circa \u20ac4.10 per pakket, raadpleeg voor de exacte tarieven de website van uw vervoerder. Indien u gebruik maakt van uw herroepingsrecht, zal het product met alle geleverde toebehoren en \u2013 indien redelijkerwijze mogelijk \u2013 in de originele staat en verpakking aan de ondernemer geretourneerd worden. Om gebruik te maken van dit recht kunt u contact met ons opnemen via info@deluxevibe.nl. Wij zullen vervolgens het verschuldigde orderbedrag binnen 14 dagen na aanmelding van uw retour terugstorten mits het product reeds in goede orde retour ontvangen is. Mocht het product beschadigd of de verpakking meer beschadigd zijn dan nodig is om het product te proberen, dan kunnen we deze waardevermindering van het product aan u doorberekenen. Behandel het product dus met zorg en zorg ervoor dat deze bij een retour goed verpakt is.<\/p>","protected":false},"author":1,"featured_media":0,"parent":0,"menu_order":0,"comment_status":"closed","ping_status":"closed","template":"","meta":{"footnotes":""},"class_list":["post-24222","page","type-page","status-publish","hentry","post-no-thumbnail"],"yoast_head":"<!-- This site is optimized with the Yoast SEO Premium plugin v20.12 (Yoast SEO v27.4) - https:\/\/yoast.com\/product\/yoast-seo-premium-wordpress\/ -->\n<title>Terugbetalingsbeleid - deluxevibe.nl<\/title>\n<meta name=\"robots\" content=\"index, follow, max-snippet:-1, max-image-preview:large, max-video-preview:-1\" \/>\n<link rel=\"canonical\" href=\"https:\/\/deluxevibe.nl\/fr\/terugbetalingsbeleid\/\" \/>\n<meta property=\"og:locale\" content=\"fr_FR\" \/>\n<meta property=\"og:type\" content=\"article\" \/>\n<meta property=\"og:title\" content=\"Terugbetalingsbeleid\" \/>\n<meta property=\"og:description\" content=\"Terugbetalingsbeleid Het kan wel eens voorkomen dat u een bestelling retour wilt sturen. Wellicht omdat het product toch niet bevalt of misschien is er een andere reden is waarom u de bestelling toch niet zou willen hebben. Wat de reden ook is, u heeft het recht uw bestelling tot 14 dagen na ontvangst zonder opgave van reden te annuleren. U heeft na annulering nogmaals 14 dagen om uw product retour te sturen. U krijgt dan het volledige orderbedrag inclusief verzendkosten gecrediteerd. Enkel de kosten voor retour van u thuis naar de webwinkel zijn voor eigen rekening. Deze kosten bedragen circa \u20ac4.10 per pakket, raadpleeg voor de exacte tarieven de website van uw vervoerder. Indien u gebruik maakt van uw herroepingsrecht, zal het product met alle geleverde toebehoren en \u2013 indien redelijkerwijze mogelijk \u2013 in de originele staat en verpakking aan de ondernemer geretourneerd worden. Om gebruik te maken van dit recht kunt u contact met ons opnemen via info@deluxevibe.nl. Wij zullen vervolgens het verschuldigde orderbedrag binnen 14 dagen na aanmelding van uw retour terugstorten mits het product reeds in goede orde retour ontvangen is. Mocht het product beschadigd of de verpakking meer beschadigd zijn dan nodig is om het product te proberen, dan kunnen we deze waardevermindering van het product aan u doorberekenen. Behandel het product dus met zorg en zorg ervoor dat deze bij een retour goed verpakt is.\" \/>\n<meta property=\"og:url\" content=\"https:\/\/deluxevibe.nl\/fr\/terugbetalingsbeleid\/\" \/>\n<meta property=\"og:site_name\" content=\"deluxevibe.nl\" \/>\n<meta property=\"article:modified_time\" content=\"2025-04-03T02:31:56+00:00\" \/>\n<meta name=\"twitter:card\" content=\"summary_large_image\" \/>\n<meta name=\"twitter:label1\" content=\"Dur\u00e9e de lecture estim\u00e9e\" \/>\n\t<meta name=\"twitter:data1\" content=\"2 minutes\" \/>\n<script type=\"application\/ld+json\" class=\"yoast-schema-graph\">{\"@context\":\"https:\\\/\\\/schema.org\",\"@graph\":[{\"@type\":\"WebPage\",\"@id\":\"https:\\\/\\\/deluxevibe.nl\\\/terugbetalingsbeleid\\\/\",\"url\":\"https:\\\/\\\/deluxevibe.nl\\\/terugbetalingsbeleid\\\/\",\"name\":\"Terugbetalingsbeleid - deluxevibe.nl\",\"isPartOf\":{\"@id\":\"https:\\\/\\\/deluxevibe.nl\\\/#website\"},\"datePublished\":\"2023-03-16T22:15:48+00:00\",\"dateModified\":\"2025-04-03T02:31:56+00:00\",\"breadcrumb\":{\"@id\":\"https:\\\/\\\/deluxevibe.nl\\\/terugbetalingsbeleid\\\/#breadcrumb\"},\"inLanguage\":\"fr-FR\",\"potentialAction\":[{\"@type\":\"ReadAction\",\"target\":[\"https:\\\/\\\/deluxevibe.nl\\\/terugbetalingsbeleid\\\/\"]}]},{\"@type\":\"BreadcrumbList\",\"@id\":\"https:\\\/\\\/deluxevibe.nl\\\/terugbetalingsbeleid\\\/#breadcrumb\",\"itemListElement\":[{\"@type\":\"ListItem\",\"position\":1,\"name\":\"Home\",\"item\":\"https:\\\/\\\/deluxevibe.nl\\\/\"},{\"@type\":\"ListItem\",\"position\":2,\"name\":\"Terugbetalingsbeleid\"}]},{\"@type\":\"WebSite\",\"@id\":\"https:\\\/\\\/deluxevibe.nl\\\/#website\",\"url\":\"https:\\\/\\\/deluxevibe.nl\\\/\",\"name\":\"deluxevibe.nl\",\"description\":\"Luxe zonnebrillen voor dames en heren\",\"potentialAction\":[{\"@type\":\"SearchAction\",\"target\":{\"@type\":\"EntryPoint\",\"urlTemplate\":\"https:\\\/\\\/deluxevibe.nl\\\/?s={search_term_string}\"},\"query-input\":{\"@type\":\"PropertyValueSpecification\",\"valueRequired\":true,\"valueName\":\"search_term_string\"}}],\"inLanguage\":\"fr-FR\"}]}<\/script>\n<!-- \/ Yoast SEO Premium plugin. -->","yoast_head_json":{"title":"Terugbetalingsbeleid - deluxevibe.nl","robots":{"index":"index","follow":"follow","max-snippet":"max-snippet:-1","max-image-preview":"max-image-preview:large","max-video-preview":"max-video-preview:-1"},"canonical":"https:\/\/deluxevibe.nl\/fr\/terugbetalingsbeleid\/","og_locale":"fr_FR","og_type":"article","og_title":"Terugbetalingsbeleid","og_description":"Terugbetalingsbeleid Het kan wel eens voorkomen dat u een bestelling retour wilt sturen. Wellicht omdat het product toch niet bevalt of misschien is er een andere reden is waarom u de bestelling toch niet zou willen hebben. Wat de reden ook is, u heeft het recht uw bestelling tot 14 dagen na ontvangst zonder opgave van reden te annuleren. U heeft na annulering nogmaals 14 dagen om uw product retour te sturen. U krijgt dan het volledige orderbedrag inclusief verzendkosten gecrediteerd. Enkel de kosten voor retour van u thuis naar de webwinkel zijn voor eigen rekening. Deze kosten bedragen circa \u20ac4.10 per pakket, raadpleeg voor de exacte tarieven de website van uw vervoerder. Indien u gebruik maakt van uw herroepingsrecht, zal het product met alle geleverde toebehoren en \u2013 indien redelijkerwijze mogelijk \u2013 in de originele staat en verpakking aan de ondernemer geretourneerd worden. Om gebruik te maken van dit recht kunt u contact met ons opnemen via info@deluxevibe.nl. Wij zullen vervolgens het verschuldigde orderbedrag binnen 14 dagen na aanmelding van uw retour terugstorten mits het product reeds in goede orde retour ontvangen is. Mocht het product beschadigd of de verpakking meer beschadigd zijn dan nodig is om het product te proberen, dan kunnen we deze waardevermindering van het product aan u doorberekenen. Behandel het product dus met zorg en zorg ervoor dat deze bij een retour goed verpakt is.","og_url":"https:\/\/deluxevibe.nl\/fr\/terugbetalingsbeleid\/","og_site_name":"deluxevibe.nl","article_modified_time":"2025-04-03T02:31:56+00:00","twitter_card":"summary_large_image","twitter_misc":{"Dur\u00e9e de lecture estim\u00e9e":"2 minutes"},"schema":{"@context":"https:\/\/schema.org","@graph":[{"@type":"WebPage","@id":"https:\/\/deluxevibe.nl\/terugbetalingsbeleid\/","url":"https:\/\/deluxevibe.nl\/terugbetalingsbeleid\/","name":"Terugbetalingsbeleid - deluxevibe.nl","isPartOf":{"@id":"https:\/\/deluxevibe.nl\/#website"},"datePublished":"2023-03-16T22:15:48+00:00","dateModified":"2025-04-03T02:31:56+00:00","breadcrumb":{"@id":"https:\/\/deluxevibe.nl\/terugbetalingsbeleid\/#breadcrumb"},"inLanguage":"fr-FR","potentialAction":[{"@type":"ReadAction","target":["https:\/\/deluxevibe.nl\/terugbetalingsbeleid\/"]}]},{"@type":"BreadcrumbList","@id":"https:\/\/deluxevibe.nl\/terugbetalingsbeleid\/#breadcrumb","itemListElement":[{"@type":"ListItem","position":1,"name":"Home","item":"https:\/\/deluxevibe.nl\/"},{"@type":"ListItem","position":2,"name":"Terugbetalingsbeleid"}]},{"@type":"WebSite","@id":"https:\/\/deluxevibe.nl\/#website","url":"https:\/\/deluxevibe.nl\/","name":"deluxevibe.nl","description":"Luxe zonnebrillen voor dames en heren","potentialAction":[{"@type":"SearchAction","target":{"@type":"EntryPoint","urlTemplate":"https:\/\/deluxevibe.nl\/?s={search_term_string}"},"query-input":{"@type":"PropertyValueSpecification","valueRequired":true,"valueName":"search_term_string"}}],"inLanguage":"fr-FR"}]}},"_links":{"self":[{"href":"https:\/\/deluxevibe.nl\/fr\/wp-json\/wp\/v2\/pages\/24222","targetHints":{"allow":["GET"]}}],"collection":[{"href":"https:\/\/deluxevibe.nl\/fr\/wp-json\/wp\/v2\/pages"}],"about":[{"href":"https:\/\/deluxevibe.nl\/fr\/wp-json\/wp\/v2\/types\/page"}],"author":[{"embeddable":true,"href":"https:\/\/deluxevibe.nl\/fr\/wp-json\/wp\/v2\/users\/1"}],"replies":[{"embeddable":true,"href":"https:\/\/deluxevibe.nl\/fr\/wp-json\/wp\/v2\/comments?post=24222"}],"version-history":[{"count":3,"href":"https:\/\/deluxevibe.nl\/fr\/wp-json\/wp\/v2\/pages\/24222\/revisions"}],"predecessor-version":[{"id":27401,"href":"https:\/\/deluxevibe.nl\/fr\/wp-json\/wp\/v2\/pages\/24222\/revisions\/27401"}],"wp:attachment":[{"href":"https:\/\/deluxevibe.nl\/fr\/wp-json\/wp\/v2\/media?parent=24222"}],"curies":[{"name":"wp","href":"https:\/\/api.w.org\/{rel}","templated":true}]}}