{"id":24235,"date":"2023-03-16T22:28:54","date_gmt":"2023-03-16T22:28:54","guid":{"rendered":"https:\/\/deluxevibe.nl\/?page_id=24235"},"modified":"2025-04-05T23:40:43","modified_gmt":"2025-04-05T21:40:43","slug":"veelgestelde-vragen","status":"publish","type":"page","link":"https:\/\/deluxevibe.nl\/fr\/veelgestelde-vragen\/","title":{"rendered":"FAQ"},"content":{"rendered":"<div data-elementor-type=\"wp-page\" data-elementor-id=\"24235\" class=\"elementor elementor-24235\">\n\t\t\t\t\t\t<section class=\"elementor-section elementor-top-section elementor-element elementor-element-c7468ae elementor-section-boxed elementor-section-gap-beside-yes elementor-section-height-default elementor-section-height-default elementor-section-content-align-center elementor-section-column-vertical-align-stretch\" data-id=\"c7468ae\" data-element_type=\"section\" data-e-type=\"section\">\n\t\t\t\t\t\t<div class=\"elementor-container elementor-column-gap-extended\">\n\t\t\t\t\t<div class=\"elementor-column elementor-col-100 elementor-top-column elementor-element elementor-element-09cd805\" data-id=\"09cd805\" data-element_type=\"column\" data-e-type=\"column\">\n\t\t\t<div class=\"elementor-widget-wrap elementor-element-populated\">\n\t\t\t\t\t\t<div class=\"elementor-element elementor-element-074ee3e elementor-widget elementor-widget-tm-modern-image\" data-id=\"074ee3e\" data-element_type=\"widget\" data-e-type=\"widget\" data-widget_type=\"tm-modern-image.default\">\n\t\t\t\t<div class=\"elementor-widget-container\">\n\t\t\t\t\t\t\t<div class=\"tm-modern-image\">\n\t\t\t\t\t\t\t<div class=\"minimog-box\">\n\t\t\t\t\t<div class=\"minimog-image\">\t\t\t\t\t\t\t\t\t\t<\/div>\t\t\t\t<\/div>\n\t\t\t\t\t\t\t\t\t\t<\/div>\n\t\t\t\t\t\t<\/div>\n\t\t\t\t<\/div>\n\t\t\t\t\t<\/div>\n\t\t<\/div>\n\t\t\t\t\t<\/div>\n\t\t<\/section>\n\t\t\t\t<section class=\"elementor-section elementor-top-section elementor-element elementor-element-6559f7ed elementor-section-boxed elementor-section-gap-beside-yes elementor-section-height-default elementor-section-height-default elementor-section-content-align-center elementor-section-column-vertical-align-stretch\" data-id=\"6559f7ed\" data-element_type=\"section\" data-e-type=\"section\">\n\t\t\t\t\t\t<div class=\"elementor-container elementor-column-gap-extended\">\n\t\t\t\t\t<div class=\"elementor-column elementor-col-100 elementor-top-column elementor-element elementor-element-45307004\" data-id=\"45307004\" data-element_type=\"column\" data-e-type=\"column\">\n\t\t\t<div class=\"elementor-widget-wrap elementor-element-populated\">\n\t\t\t\t\t\t<div class=\"elementor-element elementor-element-7f66289c minimog-accordion-style-02 elementor-widget elementor-widget-tm-accordion\" data-id=\"7f66289c\" data-element_type=\"widget\" data-e-type=\"widget\" data-settings=\"{&quot;active_first_item&quot;:&quot;1&quot;}\" data-widget_type=\"tm-accordion.default\">\n\t\t\t\t<div class=\"elementor-widget-container\">\n\t\t\t\t\t\t\t<div class=\"minimog-accordion minimog-accordion-icon-right\" data-multi-open=\"1\">\n\t\t\t\t\t\t\t<div class=\"accordion-section active\">\n\t\t\t\t\t<div class=\"accordion-header\">\n\t\t\t\t\t\t<div class=\"accordion-title-wrapper\">\n\t\t\t\t\t\t\t<h6 class=\"accordion-title\">Pourquoi devrais-je commander chez vous ?<\/h6>\t\t\t\t\t\t<\/div>\n\t\t\t\t\t\t\t\t\t\t\t\t\t<div class=\"accordion-icons\">\n\t\t\t\t\t\t\t\t<span\n\t\t\t\t\t\t\t\t\tclass=\"accordion-icon opened-icon\"><i class=\"far fa-angle-down\"><\/i><\/span>\n\t\t\t\t\t\t\t\t<span\n\t\t\t\t\t\t\t\t\tclass=\"accordion-icon closed-icon\"><i class=\"far fa-angle-up\"><\/i><\/span>\n\t\t\t\t\t\t\t<\/div>\n\t\t\t\t\t\t\t\t\t\t\t<\/div>\n\t\t\t\t\t<div class=\"accordion-content\">\n\t\t\t\t\t\t<p>Nous veillons \u00e0 ce que vous compl\u00e9tiez votre tenue de mani\u00e8re luxueuse. De plus, nous vous garantissons des lunettes de soleil de qualit\u00e9 sup\u00e9rieure \u00e0 un prix abordable ! Vous pouvez nous payer \u00e0 l&#039;avance ou apr\u00e8s. Vous b\u00e9n\u00e9ficiez \u00e9galement toujours d&#039;une garantie de satisfaction 100% lorsque vous commandez chez nous. Nous veillons \u00e0 ce que votre commande soit correctement emball\u00e9e et livr\u00e9e dans les plus brefs d\u00e9lais. Chez nous, vous obtenez non seulement des lunettes de soleil de luxe, mais \u00e9galement un \u00e9tui \u00e0 lunettes de luxe, un chiffon \u00e0 lunettes et une pochette \u00e0 lunettes.<\/p>\t\t\t\t\t<\/div>\n\t\t\t\t<\/div>\n\t\t\t\t\t\t\t<div class=\"accordion-section\">\n\t\t\t\t\t<div class=\"accordion-header\">\n\t\t\t\t\t\t<div class=\"accordion-title-wrapper\">\n\t\t\t\t\t\t\t<h6 class=\"accordion-title\">Quelle est la qualit\u00e9 des lunettes de soleil ?<\/h6>\t\t\t\t\t\t<\/div>\n\t\t\t\t\t\t\t\t\t\t\t\t\t<div class=\"accordion-icons\">\n\t\t\t\t\t\t\t\t<span\n\t\t\t\t\t\t\t\t\tclass=\"accordion-icon opened-icon\"><i class=\"far fa-angle-down\"><\/i><\/span>\n\t\t\t\t\t\t\t\t<span\n\t\t\t\t\t\t\t\t\tclass=\"accordion-icon closed-icon\"><i class=\"far fa-angle-up\"><\/i><\/span>\n\t\t\t\t\t\t\t<\/div>\n\t\t\t\t\t\t\t\t\t\t\t<\/div>\n\t\t\t\t\t<div class=\"accordion-content\">\n\t\t\t\t\t\t<p>Toutes nos lunettes de soleil sont de qualit\u00e9 sup\u00e9rieure et ont \u00e9t\u00e9 test\u00e9es par nos soins au pr\u00e9alable. Nous vous garantissons des lunettes de soleil de haute qualit\u00e9 \u00e0 la hauteur de vos attentes ! Nous avons \u00e9galement de vraies photos\/vid\u00e9os de produits afin que vous puissiez voir \u00e0 quoi ressemblent les lunettes dans la vraie vie !<\/p>\t\t\t\t\t<\/div>\n\t\t\t\t<\/div>\n\t\t\t\t\t\t\t<div class=\"accordion-section\">\n\t\t\t\t\t<div class=\"accordion-header\">\n\t\t\t\t\t\t<div class=\"accordion-title-wrapper\">\n\t\t\t\t\t\t\t<h6 class=\"accordion-title\">Quand ma commande sera-t-elle livr\u00e9e ?<\/h6>\t\t\t\t\t\t<\/div>\n\t\t\t\t\t\t\t\t\t\t\t\t\t<div class=\"accordion-icons\">\n\t\t\t\t\t\t\t\t<span\n\t\t\t\t\t\t\t\t\tclass=\"accordion-icon opened-icon\"><i class=\"far fa-angle-down\"><\/i><\/span>\n\t\t\t\t\t\t\t\t<span\n\t\t\t\t\t\t\t\t\tclass=\"accordion-icon closed-icon\"><i class=\"far fa-angle-up\"><\/i><\/span>\n\t\t\t\t\t\t\t<\/div>\n\t\t\t\t\t\t\t\t\t\t\t<\/div>\n\t\t\t\t\t<div class=\"accordion-content\">\n\t\t\t\t\t\t<p>Nous mettons tout en \u0153uvre pour vous livrer votre commande dans les plus brefs d\u00e9lais. Les commandes pass\u00e9es les jours ouvrables avant 15h00 seront exp\u00e9di\u00e9es le jour m\u00eame. Cependant, nous ne sommes pas toujours en mesure de respecter cela, parfois les produits ne sont pas en stock et la livraison de votre commande peut alors prendre un peu plus de temps.<\/p>\t\t\t\t\t<\/div>\n\t\t\t\t<\/div>\n\t\t\t\t\t\t\t<div class=\"accordion-section\">\n\t\t\t\t\t<div class=\"accordion-header\">\n\t\t\t\t\t\t<div class=\"accordion-title-wrapper\">\n\t\t\t\t\t\t\t<h6 class=\"accordion-title\">Qui livrera le colis ?<\/h6>\t\t\t\t\t\t<\/div>\n\t\t\t\t\t\t\t\t\t\t\t\t\t<div class=\"accordion-icons\">\n\t\t\t\t\t\t\t\t<span\n\t\t\t\t\t\t\t\t\tclass=\"accordion-icon opened-icon\"><i class=\"far fa-angle-down\"><\/i><\/span>\n\t\t\t\t\t\t\t\t<span\n\t\t\t\t\t\t\t\t\tclass=\"accordion-icon closed-icon\"><i class=\"far fa-angle-up\"><\/i><\/span>\n\t\t\t\t\t\t\t<\/div>\n\t\t\t\t\t\t\t\t\t\t\t<\/div>\n\t\t\t\t\t<div class=\"accordion-content\">\n\t\t\t\t\t\t<p>Toutes nos livraisons sont trait\u00e9es par PostNL.<\/p>\t\t\t\t\t<\/div>\n\t\t\t\t<\/div>\n\t\t\t\t\t\t\t<div class=\"accordion-section\">\n\t\t\t\t\t<div class=\"accordion-header\">\n\t\t\t\t\t\t<div class=\"accordion-title-wrapper\">\n\t\t\t\t\t\t\t<h6 class=\"accordion-title\">Puis-je suivre l&#039;envoi ?<\/h6>\t\t\t\t\t\t<\/div>\n\t\t\t\t\t\t\t\t\t\t\t\t\t<div class=\"accordion-icons\">\n\t\t\t\t\t\t\t\t<span\n\t\t\t\t\t\t\t\t\tclass=\"accordion-icon opened-icon\"><i class=\"far fa-angle-down\"><\/i><\/span>\n\t\t\t\t\t\t\t\t<span\n\t\t\t\t\t\t\t\t\tclass=\"accordion-icon closed-icon\"><i class=\"far fa-angle-up\"><\/i><\/span>\n\t\t\t\t\t\t\t<\/div>\n\t\t\t\t\t\t\t\t\t\t\t<\/div>\n\t\t\t\t\t<div class=\"accordion-content\">\n\t\t\t\t\t\t<p>Oui, c&#039;est possible. D\u00e8s que nous aurons exp\u00e9di\u00e9 votre commande, vous recevrez automatiquement un e-mail de notre part. Cet e-mail contient un code Track &amp; Trace de PostNL avec lequel vous pouvez facilement suivre l&#039;envoi.<\/p>\t\t\t\t\t<\/div>\n\t\t\t\t<\/div>\n\t\t\t\t\t\t\t<div class=\"accordion-section\">\n\t\t\t\t\t<div class=\"accordion-header\">\n\t\t\t\t\t\t<div class=\"accordion-title-wrapper\">\n\t\t\t\t\t\t\t<h6 class=\"accordion-title\">Vous retournez un article ?<\/h6>\t\t\t\t\t\t<\/div>\n\t\t\t\t\t\t\t\t\t\t\t\t\t<div class=\"accordion-icons\">\n\t\t\t\t\t\t\t\t<span\n\t\t\t\t\t\t\t\t\tclass=\"accordion-icon opened-icon\"><i class=\"far fa-angle-down\"><\/i><\/span>\n\t\t\t\t\t\t\t\t<span\n\t\t\t\t\t\t\t\t\tclass=\"accordion-icon closed-icon\"><i class=\"far fa-angle-up\"><\/i><\/span>\n\t\t\t\t\t\t\t<\/div>\n\t\t\t\t\t\t\t\t\t\t\t<\/div>\n\t\t\t\t\t<div class=\"accordion-content\">\n\t\t\t\t\t\t<p>Vous n&#039;\u00eates pas satisfait de votre produit ? Pas de probl\u00e8me, vous pouvez toujours retourner vos produits sur deluxevibe.nl. Dans les 14 jours suivant la r\u00e9ception de votre commande compl\u00e8te, veuillez contacter notre service client pour enregistrer votre retour afin que nous puissions le traiter rapidement dans notre syst\u00e8me et vous rembourser. Assurez-vous d&#039;avoir votre num\u00e9ro de client et de commande \u00e0 port\u00e9e de main, nous assurerons alors un traitement rapide !<\/p>\t\t\t\t\t<\/div>\n\t\t\t\t<\/div>\n\t\t\t\t\t\t\t<div class=\"accordion-section\">\n\t\t\t\t\t<div class=\"accordion-header\">\n\t\t\t\t\t\t<div class=\"accordion-title-wrapper\">\n\t\t\t\t\t\t\t<h6 class=\"accordion-title\">Qui paie les frais de retour ?<\/h6>\t\t\t\t\t\t<\/div>\n\t\t\t\t\t\t\t\t\t\t\t\t\t<div class=\"accordion-icons\">\n\t\t\t\t\t\t\t\t<span\n\t\t\t\t\t\t\t\t\tclass=\"accordion-icon opened-icon\"><i class=\"far fa-angle-down\"><\/i><\/span>\n\t\t\t\t\t\t\t\t<span\n\t\t\t\t\t\t\t\t\tclass=\"accordion-icon closed-icon\"><i class=\"far fa-angle-up\"><\/i><\/span>\n\t\t\t\t\t\t\t<\/div>\n\t\t\t\t\t\t\t\t\t\t\t<\/div>\n\t\t\t\t\t<div class=\"accordion-content\">\n\t\t\t\t\t\t<p>Les frais de port pour votre retour sont \u00e0 votre charge. Vous pouvez envoyer votre colis avec n&#039;importe quel service de colis souhait\u00e9. Nous vous conseillons d&#039;envoyer votre colis avec PostNL. L&#039;envoi d&#039;un colis standard co\u00fbte environ 4,10 \u20ac depuis les Pays-Bas et la Belgique \u00e0 notre adresse.<\/p>\t\t\t\t\t<\/div>\n\t\t\t\t<\/div>\n\t\t\t\t\t<\/div>\n\t\t\t\t\t\t<\/div>\n\t\t\t\t<\/div>\n\t\t\t\t\t<\/div>\n\t\t<\/div>\n\t\t\t\t\t<\/div>\n\t\t<\/section>\n\t\t\t\t<\/div>","protected":false},"excerpt":{"rendered":"<p>Waarom zou ik bij jullie bestellen? Wij zorgen ervoor dat je je outfit op een luxe manier compleet maakt. Daarnaast garanderen wij je topkwaliteit zonnebrillen tegen een betaalbare prijs! Je kunt bij ons vooraf en achteraf betalen. Ook heb je altijd 100% tevredenheidsgarantie als je bij ons bestelt. Wij zorgen ervoor dat jouw bestelling goed verpakt is en z.s.m wordt geleverd. Bij ons krijg je niet alleen een luxe zonnebril, maar ook een luxe brillenkoker, brillendoekje en brillenhoesje. Hoe is de kwaliteit van de zonnebrillen? Al onze zonnebrillen zijn van topkwaliteit en zijn door ons van tevoren getest. Wij garanderen je hoge kwaliteit zonnebrillen die naar je verwachtingen voldoen! Daarnaast hebben we ook echte productfoto&#8217;s\/video&#8217;s staan, zodat je kunt zien hoe een bril in het echt eruit ziet! Wanneer wordt mijn bestelling geleverd? Wij doen zorgvuldig ons best om de bestelling zo spoedig mogelijk bij u af te leveren. Bestellingen die op werkdagen v\u00f3\u00f3r 15:00 worden gedaan, proberen wij dezelfde dag nog te verzenden. Niet altijd lukt het ons echter om dit na te komen, soms zijn producten niet voorradig en dan kan de levering van uw bestelling iets langer duren. Door wie wordt het pakket bezorgd? Al onze leveringen worden verzorgd door PostNL. Kan ik de zending volgen? Ja dat kan. Zodra wij je bestelling hebben verzonden, ontvang je automatisch een mail van ons. In deze mail staat een Track &amp; Trace code van PostNL waarmee je de zending gemakkelijk kunt volgen. Een artikel retourneren? Niet tevreden met je product? Geen probleem, je kan altijd je producten retourneren bij deluxevibe.nl. Binnen 14 dagen na ontvangst van jouw volledige bestelling neem je contact op met onze klantenservice om je retour aan te melden zodat we deze snel kunnen verwerken in ons systeem en jou je geld terug kunnen geven. Zorg ervoor dat je jouw klant- en ordernummer bij de hand houdt, dan zorgen wij voor een snelle afhandeling! Door wie wordt de verzendkosten van de retour betaald? De verzendkosten voor je retour zijn voor eigen rekening. Je kunt jouw pakket versturen met alle gewenste pakketdiensten. Wij adviseren je om je pakket met PostNL te verzenden. Een standaard pakket versturen kost ongeveer \u20ac4.10 vanuit Nederland en Belgi\u00eb naar ons adres.<\/p>","protected":false},"author":1,"featured_media":0,"parent":0,"menu_order":0,"comment_status":"closed","ping_status":"closed","template":"","meta":{"footnotes":""},"class_list":["post-24235","page","type-page","status-publish","hentry","post-no-thumbnail"],"yoast_head":"<!-- This site is optimized with the Yoast SEO Premium plugin v20.12 (Yoast SEO v27.5) - https:\/\/yoast.com\/product\/yoast-seo-premium-wordpress\/ -->\n<title>VEELGESTELDE VRAGEN - deluxevibe.nl<\/title>\n<meta name=\"robots\" content=\"index, follow, max-snippet:-1, max-image-preview:large, max-video-preview:-1\" \/>\n<link rel=\"canonical\" href=\"https:\/\/deluxevibe.nl\/fr\/veelgestelde-vragen\/\" \/>\n<meta property=\"og:locale\" content=\"fr_FR\" \/>\n<meta property=\"og:type\" content=\"article\" \/>\n<meta property=\"og:title\" content=\"VEELGESTELDE VRAGEN\" \/>\n<meta property=\"og:description\" content=\"Waarom zou ik bij jullie bestellen? Wij zorgen ervoor dat je je outfit op een luxe manier compleet maakt. Daarnaast garanderen wij je topkwaliteit zonnebrillen tegen een betaalbare prijs! Je kunt bij ons vooraf en achteraf betalen. Ook heb je altijd 100% tevredenheidsgarantie als je bij ons bestelt. Wij zorgen ervoor dat jouw bestelling goed verpakt is en z.s.m wordt geleverd. Bij ons krijg je niet alleen een luxe zonnebril, maar ook een luxe brillenkoker, brillendoekje en brillenhoesje. Hoe is de kwaliteit van de zonnebrillen? Al onze zonnebrillen zijn van topkwaliteit en zijn door ons van tevoren getest. Wij garanderen je hoge kwaliteit zonnebrillen die naar je verwachtingen voldoen! Daarnaast hebben we ook echte productfoto&#8217;s\/video&#8217;s staan, zodat je kunt zien hoe een bril in het echt eruit ziet! Wanneer wordt mijn bestelling geleverd? Wij doen zorgvuldig ons best om de bestelling zo spoedig mogelijk bij u af te leveren. Bestellingen die op werkdagen v\u00f3\u00f3r 15:00 worden gedaan, proberen wij dezelfde dag nog te verzenden. Niet altijd lukt het ons echter om dit na te komen, soms zijn producten niet voorradig en dan kan de levering van uw bestelling iets langer duren. Door wie wordt het pakket bezorgd? Al onze leveringen worden verzorgd door PostNL. Kan ik de zending volgen? Ja dat kan. Zodra wij je bestelling hebben verzonden, ontvang je automatisch een mail van ons. In deze mail staat een Track &amp; Trace code van PostNL waarmee je de zending gemakkelijk kunt volgen. Een artikel retourneren? Niet tevreden met je product? Geen probleem, je kan altijd je producten retourneren bij deluxevibe.nl. Binnen 14 dagen na ontvangst van jouw volledige bestelling neem je contact op met onze klantenservice om je retour aan te melden zodat we deze snel kunnen verwerken in ons systeem en jou je geld terug kunnen geven. Zorg ervoor dat je jouw klant- en ordernummer bij de hand houdt, dan zorgen wij voor een snelle afhandeling! Door wie wordt de verzendkosten van de retour betaald? De verzendkosten voor je retour zijn voor eigen rekening. Je kunt jouw pakket versturen met alle gewenste pakketdiensten. Wij adviseren je om je pakket met PostNL te verzenden. Een standaard pakket versturen kost ongeveer \u20ac4.10 vanuit Nederland en Belgi\u00eb naar ons adres.\" \/>\n<meta property=\"og:url\" content=\"https:\/\/deluxevibe.nl\/fr\/veelgestelde-vragen\/\" \/>\n<meta property=\"og:site_name\" content=\"deluxevibe.nl\" \/>\n<meta property=\"article:modified_time\" content=\"2025-04-05T21:40:43+00:00\" \/>\n<meta name=\"twitter:card\" content=\"summary_large_image\" \/>\n<meta name=\"twitter:label1\" content=\"Dur\u00e9e de lecture estim\u00e9e\" \/>\n\t<meta name=\"twitter:data1\" content=\"2 minutes\" \/>\n<script type=\"application\/ld+json\" class=\"yoast-schema-graph\">{\"@context\":\"https:\\\/\\\/schema.org\",\"@graph\":[{\"@type\":\"WebPage\",\"@id\":\"https:\\\/\\\/deluxevibe.nl\\\/veelgestelde-vragen\\\/\",\"url\":\"https:\\\/\\\/deluxevibe.nl\\\/veelgestelde-vragen\\\/\",\"name\":\"VEELGESTELDE VRAGEN - deluxevibe.nl\",\"isPartOf\":{\"@id\":\"https:\\\/\\\/deluxevibe.nl\\\/#website\"},\"datePublished\":\"2023-03-16T22:28:54+00:00\",\"dateModified\":\"2025-04-05T21:40:43+00:00\",\"breadcrumb\":{\"@id\":\"https:\\\/\\\/deluxevibe.nl\\\/veelgestelde-vragen\\\/#breadcrumb\"},\"inLanguage\":\"fr-FR\",\"potentialAction\":[{\"@type\":\"ReadAction\",\"target\":[\"https:\\\/\\\/deluxevibe.nl\\\/veelgestelde-vragen\\\/\"]}]},{\"@type\":\"BreadcrumbList\",\"@id\":\"https:\\\/\\\/deluxevibe.nl\\\/veelgestelde-vragen\\\/#breadcrumb\",\"itemListElement\":[{\"@type\":\"ListItem\",\"position\":1,\"name\":\"Home\",\"item\":\"https:\\\/\\\/deluxevibe.nl\\\/\"},{\"@type\":\"ListItem\",\"position\":2,\"name\":\"VEELGESTELDE VRAGEN\"}]},{\"@type\":\"WebSite\",\"@id\":\"https:\\\/\\\/deluxevibe.nl\\\/#website\",\"url\":\"https:\\\/\\\/deluxevibe.nl\\\/\",\"name\":\"deluxevibe.nl\",\"description\":\"Luxe zonnebrillen voor dames en heren\",\"potentialAction\":[{\"@type\":\"SearchAction\",\"target\":{\"@type\":\"EntryPoint\",\"urlTemplate\":\"https:\\\/\\\/deluxevibe.nl\\\/?s={search_term_string}\"},\"query-input\":{\"@type\":\"PropertyValueSpecification\",\"valueRequired\":true,\"valueName\":\"search_term_string\"}}],\"inLanguage\":\"fr-FR\"}]}<\/script>\n<!-- \/ Yoast SEO Premium plugin. -->","yoast_head_json":{"title":"VEELGESTELDE VRAGEN - deluxevibe.nl","robots":{"index":"index","follow":"follow","max-snippet":"max-snippet:-1","max-image-preview":"max-image-preview:large","max-video-preview":"max-video-preview:-1"},"canonical":"https:\/\/deluxevibe.nl\/fr\/veelgestelde-vragen\/","og_locale":"fr_FR","og_type":"article","og_title":"VEELGESTELDE VRAGEN","og_description":"Waarom zou ik bij jullie bestellen? Wij zorgen ervoor dat je je outfit op een luxe manier compleet maakt. Daarnaast garanderen wij je topkwaliteit zonnebrillen tegen een betaalbare prijs! Je kunt bij ons vooraf en achteraf betalen. Ook heb je altijd 100% tevredenheidsgarantie als je bij ons bestelt. Wij zorgen ervoor dat jouw bestelling goed verpakt is en z.s.m wordt geleverd. Bij ons krijg je niet alleen een luxe zonnebril, maar ook een luxe brillenkoker, brillendoekje en brillenhoesje. Hoe is de kwaliteit van de zonnebrillen? Al onze zonnebrillen zijn van topkwaliteit en zijn door ons van tevoren getest. Wij garanderen je hoge kwaliteit zonnebrillen die naar je verwachtingen voldoen! Daarnaast hebben we ook echte productfoto&#8217;s\/video&#8217;s staan, zodat je kunt zien hoe een bril in het echt eruit ziet! Wanneer wordt mijn bestelling geleverd? Wij doen zorgvuldig ons best om de bestelling zo spoedig mogelijk bij u af te leveren. Bestellingen die op werkdagen v\u00f3\u00f3r 15:00 worden gedaan, proberen wij dezelfde dag nog te verzenden. Niet altijd lukt het ons echter om dit na te komen, soms zijn producten niet voorradig en dan kan de levering van uw bestelling iets langer duren. Door wie wordt het pakket bezorgd? Al onze leveringen worden verzorgd door PostNL. Kan ik de zending volgen? Ja dat kan. Zodra wij je bestelling hebben verzonden, ontvang je automatisch een mail van ons. In deze mail staat een Track &amp; Trace code van PostNL waarmee je de zending gemakkelijk kunt volgen. Een artikel retourneren? Niet tevreden met je product? Geen probleem, je kan altijd je producten retourneren bij deluxevibe.nl. Binnen 14 dagen na ontvangst van jouw volledige bestelling neem je contact op met onze klantenservice om je retour aan te melden zodat we deze snel kunnen verwerken in ons systeem en jou je geld terug kunnen geven. Zorg ervoor dat je jouw klant- en ordernummer bij de hand houdt, dan zorgen wij voor een snelle afhandeling! Door wie wordt de verzendkosten van de retour betaald? De verzendkosten voor je retour zijn voor eigen rekening. Je kunt jouw pakket versturen met alle gewenste pakketdiensten. Wij adviseren je om je pakket met PostNL te verzenden. Een standaard pakket versturen kost ongeveer \u20ac4.10 vanuit Nederland en Belgi\u00eb naar ons adres.","og_url":"https:\/\/deluxevibe.nl\/fr\/veelgestelde-vragen\/","og_site_name":"deluxevibe.nl","article_modified_time":"2025-04-05T21:40:43+00:00","twitter_card":"summary_large_image","twitter_misc":{"Dur\u00e9e de lecture estim\u00e9e":"2 minutes"},"schema":{"@context":"https:\/\/schema.org","@graph":[{"@type":"WebPage","@id":"https:\/\/deluxevibe.nl\/veelgestelde-vragen\/","url":"https:\/\/deluxevibe.nl\/veelgestelde-vragen\/","name":"VEELGESTELDE VRAGEN - deluxevibe.nl","isPartOf":{"@id":"https:\/\/deluxevibe.nl\/#website"},"datePublished":"2023-03-16T22:28:54+00:00","dateModified":"2025-04-05T21:40:43+00:00","breadcrumb":{"@id":"https:\/\/deluxevibe.nl\/veelgestelde-vragen\/#breadcrumb"},"inLanguage":"fr-FR","potentialAction":[{"@type":"ReadAction","target":["https:\/\/deluxevibe.nl\/veelgestelde-vragen\/"]}]},{"@type":"BreadcrumbList","@id":"https:\/\/deluxevibe.nl\/veelgestelde-vragen\/#breadcrumb","itemListElement":[{"@type":"ListItem","position":1,"name":"Home","item":"https:\/\/deluxevibe.nl\/"},{"@type":"ListItem","position":2,"name":"VEELGESTELDE VRAGEN"}]},{"@type":"WebSite","@id":"https:\/\/deluxevibe.nl\/#website","url":"https:\/\/deluxevibe.nl\/","name":"deluxevibe.nl","description":"Luxe zonnebrillen voor dames en heren","potentialAction":[{"@type":"SearchAction","target":{"@type":"EntryPoint","urlTemplate":"https:\/\/deluxevibe.nl\/?s={search_term_string}"},"query-input":{"@type":"PropertyValueSpecification","valueRequired":true,"valueName":"search_term_string"}}],"inLanguage":"fr-FR"}]}},"_links":{"self":[{"href":"https:\/\/deluxevibe.nl\/fr\/wp-json\/wp\/v2\/pages\/24235","targetHints":{"allow":["GET"]}}],"collection":[{"href":"https:\/\/deluxevibe.nl\/fr\/wp-json\/wp\/v2\/pages"}],"about":[{"href":"https:\/\/deluxevibe.nl\/fr\/wp-json\/wp\/v2\/types\/page"}],"author":[{"embeddable":true,"href":"https:\/\/deluxevibe.nl\/fr\/wp-json\/wp\/v2\/users\/1"}],"replies":[{"embeddable":true,"href":"https:\/\/deluxevibe.nl\/fr\/wp-json\/wp\/v2\/comments?post=24235"}],"version-history":[{"count":3,"href":"https:\/\/deluxevibe.nl\/fr\/wp-json\/wp\/v2\/pages\/24235\/revisions"}],"predecessor-version":[{"id":27451,"href":"https:\/\/deluxevibe.nl\/fr\/wp-json\/wp\/v2\/pages\/24235\/revisions\/27451"}],"wp:attachment":[{"href":"https:\/\/deluxevibe.nl\/fr\/wp-json\/wp\/v2\/media?parent=24235"}],"curies":[{"name":"wp","href":"https:\/\/api.w.org\/{rel}","templated":true}]}}