{"id":249,"date":"2023-03-16T14:38:39","date_gmt":"2023-03-16T13:38:39","guid":{"rendered":"https:\/\/deluxevibe.nl\/?product=tresor-black-gold"},"modified":"2025-04-11T12:41:14","modified_gmt":"2025-04-11T10:41:14","slug":"tresor-black-gold","status":"publish","type":"product","link":"https:\/\/deluxevibe.nl\/fr\/produit\/tresor-black-gold\/","title":{"rendered":"Tr\u00e9sor \u2013 Noir\/or"},"content":{"rendered":"<p><span style=\"color: #ff2a00; letter-spacing: 0px;\" data-mce-fragment=\"1\"><b data-mce-fragment=\"1\">NB! <\/b><\/span><span style=\"color: #ff2a00; letter-spacing: 0px;\" data-mce-fragment=\"1\">Vous n&#039;\u00eates pas en mesure de payer plus tard ?\u00a0<\/span><span style=\"color: #000000;\">V\u00e9rifiez ensuite que vous n&#039;avez pas fait d&#039;erreur de frappe dans votre nom, vos coordonn\u00e9es, votre num\u00e9ro de t\u00e9l\u00e9phone et votre date de naissance. De plus, une adresse e-mail correcte est requise. Vos informations sont-elles correctes ? Nous vous recommandons alors de s\u00e9lectionner iDeal comme mode de paiement !<\/span><\/p>\n<div data-mce-fragment=\"1\">\n<ul data-mce-fragment=\"1\">\n<li data-mce-fragment=\"1\">Chez De Luxe Vibe, nous vendons uniquement des lunettes de soleil de la<span data-mce-fragment=\"1\">\u00a0<\/span><strong data-mce-fragment=\"1\">la plus haute qualit\u00e9!<\/strong><span data-mce-fragment=\"1\">\u00a0<\/span>Nous nous soucions de nos produits et du client, c&#039;est pourquoi nous veillons \u00e0 ce que nos lunettes de soleil soient fabriqu\u00e9es uniquement \u00e0 partir des meilleurs mat\u00e9riaux. Nous voulons \u00e9galement que nos clients soient satisfaits du produit et c&#039;est pourquoi nous avons une garantie de satisfaction sur tous nos produits. Nous veillerons toujours \u00e0 ce que vous<span data-mce-fragment=\"1\">\u00a0<\/span><strong data-mce-fragment=\"1\">100% satisfait<\/strong><span data-mce-fragment=\"1\">\u00a0<\/span>sont avec votre commande ! Cependant, une bonne qualit\u00e9 ne doit pas forc\u00e9ment \u00eatre ch\u00e8re. C&#039;est pourquoi toutes les lunettes de soleil de De Luxe Vibe sont tr\u00e8s abordables. De cette fa\u00e7on, tout le monde peut profiter de lunettes de soleil de haute qualit\u00e9 !<\/li>\n<\/ul>\n<ul data-mce-fragment=\"1\">\n<li data-mce-fragment=\"1\">Nos lunettes de soleil ont toutes un<span data-mce-fragment=\"1\">\u00a0<\/span><strong data-mce-fragment=\"1\">conception unique<\/strong>. Cette conception unique garantit que chacun peut trouver ici les lunettes de soleil qui lui conviennent le mieux. De plus, nos conceptions garantissent que chaque paire de lunettes de soleil est une<span data-mce-fragment=\"1\">\u00a0<\/span><strong data-mce-fragment=\"1\">apparence luxueuse<\/strong><span data-mce-fragment=\"1\">\u00a0<\/span>a. Chez De Luxe Vibe, nous voulons donner \u00e0 chaque client la chance d&#039;obtenir un look sophistiqu\u00e9 et chic. Ce qui est \u00e9galement formidable avec nos lunettes de soleil, c&#039;est qu&#039;elles sont toutes dot\u00e9es d&#039;une protection UV400 et d&#039;un verre PC. Cela garantit que les lunettes de soleil De Luxe Vibe sont non seulement luxueuses, mais \u00e9galement d&#039;une qualit\u00e9 fantastique.<\/li>\n<\/ul>\n<ul data-mce-fragment=\"1\">\n<li data-mce-fragment=\"1\">Une paire de lunettes de soleil avec<span data-mce-fragment=\"1\">\u00a0<\/span><strong data-mce-fragment=\"1\">Protection UV400<\/strong><span data-mce-fragment=\"1\">\u00a0<\/span>est extr\u00eamement important. Cela signifie que nos lunettes de soleil peuvent bloquer la lumi\u00e8re ultraviolette. La raison pour laquelle cette lumi\u00e8re est si dangereuse est que vous ne pouvez pas la voir, mais elle peut provoquer la c\u00e9cit\u00e9. Les lunettes de soleil UV400 de De Luxe Vibe prot\u00e9geront vos yeux contre les dommages caus\u00e9s par les UV et<span data-mce-fragment=\"1\">\u00a0<\/span><strong data-mce-fragment=\"1\">gardez vos yeux en bonne sant\u00e9<\/strong>. De plus, nos lunettes contiennent une lentille PC (<span data-mce-fragment=\"1\">(lentilles en polycarbonate)<\/span>. Cela permet \u00e0 la lumi\u00e8re de passer correctement, afin que vous puissiez toujours tout voir compl\u00e8tement lorsque vous \u00eates \u00e0 l&#039;ext\u00e9rieur. PC a \u00e9galement<span data-mce-fragment=\"1\">\u00a0<\/span>duret\u00e9 \u00e9lev\u00e9e, bonne isolation \u00e9lectrique et ne pollue pas l&#039;environnement. De plus, une lentille PC\u00a0<strong data-mce-fragment=\"1\">plus confortable \u00e0 porter pendant de longues p\u00e9riodes.<\/strong><\/li>\n<\/ul>\n<h4 data-mce-fragment=\"1\"><strong data-mce-fragment=\"1\">Caract\u00e9ristiques:<\/strong><\/h4>\n<table data-mce-fragment=\"1\">\n<tbody data-mce-fragment=\"1\">\n<tr data-mce-fragment=\"1\">\n<td data-mce-fragment=\"1\">Protection:<\/td>\n<td data-mce-fragment=\"1\">Protection UV400<\/td>\n<\/tr>\n<tr data-mce-fragment=\"1\">\n<td data-mce-fragment=\"1\">\n<div data-mce-fragment=\"1\"><span data-mce-fragment=\"1\">Largeur:<\/span><\/div>\n<\/td>\n<td data-mce-fragment=\"1\">135 mm<\/td>\n<\/tr>\n<tr data-mce-fragment=\"1\">\n<td data-mce-fragment=\"1\">\n<div data-mce-fragment=\"1\"><span data-mce-fragment=\"1\">Longueur:<\/span><\/div>\n<\/td>\n<td data-mce-fragment=\"1\">142 mm<\/td>\n<\/tr>\n<tr data-mce-fragment=\"1\">\n<td data-mce-fragment=\"1\">\n<div data-mce-fragment=\"1\">\n<div data-mce-fragment=\"1\"><\/div>\n<\/div>\n<div data-mce-fragment=\"1\"><span data-mce-fragment=\"1\">Mat\u00e9riau du cadre :<\/span><\/div>\n<\/td>\n<td data-mce-fragment=\"1\">M\u00e9tal<\/td>\n<\/tr>\n<tr data-mce-fragment=\"1\">\n<td data-mce-fragment=\"1\">\n<div data-mce-fragment=\"1\"><span data-mce-fragment=\"1\">Mat\u00e9riau de la lentille :<\/span><\/div>\n<\/td>\n<td data-mce-fragment=\"1\">PC\u00a0<span data-mce-fragment=\"1\">(<\/span><span data-mce-fragment=\"1\">(lentilles en polycarbonate)<\/span><\/td>\n<\/tr>\n<tr data-mce-fragment=\"1\">\n<td data-mce-fragment=\"1\">\n<div data-mce-fragment=\"1\"><span data-mce-fragment=\"1\">Hauteur de l&#039;objectif :<\/span><\/div>\n<\/td>\n<td data-mce-fragment=\"1\">57 mm<\/td>\n<\/tr>\n<tr data-mce-fragment=\"1\">\n<td data-mce-fragment=\"1\">\n<div data-mce-fragment=\"1\">Largeur des verres :<\/div>\n<\/td>\n<td data-mce-fragment=\"1\">52 mm<\/td>\n<\/tr>\n<tr data-mce-fragment=\"1\">\n<td data-mce-fragment=\"1\">Pont du nez :<\/td>\n<td data-mce-fragment=\"1\">25 mm<\/td>\n<\/tr>\n<tr data-mce-fragment=\"1\">\n<td data-mce-fragment=\"1\">\n<div data-mce-fragment=\"1\">Poids:<\/div>\n<\/td>\n<td data-mce-fragment=\"1\">39 grammes<\/td>\n<\/tr>\n<\/tbody>\n<\/table>\n<h4 data-mce-fragment=\"1\"><\/h4>\n<p><img decoding=\"async\" src=\"https:\/\/cdn.shopify.com\/s\/files\/1\/0566\/3578\/5281\/files\/Riche_zonnebril-4_480x480.png?v=1656661395\" alt=\"Zonnebrillen voor dames en heren\" \/><\/p>\n<p data-mce-fragment=\"1\"><img decoding=\"async\" src=\"https:\/\/cdn.shopify.com\/s\/files\/1\/0566\/3578\/5281\/files\/Cases_zonnebrillen_1_480x480.webp?v=1655581910\" alt=\"Zonnebrillen voor dames en heren\" data-mce-fragment=\"1\" \/><\/p>\n<\/div>","protected":false},"excerpt":{"rendered":"<p>\u2714\ufe0f Command\u00e9 avant 16h, livr\u00e9 demain !<br data-start=\"191\" data-end=\"194\" \/>\u2714\ufe0f Paiement facile par la suite avec Klarna !<br data-start=\"237\" data-end=\"240\" \/>\u2714\ufe0f Haute qualit\u00e9 garantie !<br data-start=\"275\" data-end=\"278\" \/>\u2714\ufe0f Pas satisfait = rembours\u00e9 !<br data-start=\"304\" data-end=\"307\" \/>\u2714\ufe0f Garantie de deux ans !<\/p>","protected":false},"featured_media":24660,"template":"","meta":[],"product_brand":[],"product_cat":[16,235,236,233],"product_tag":[17,18,19,20],"class_list":{"0":"post-249","1":"product","2":"type-product","3":"status-publish","4":"has-post-thumbnail","6":"product_cat-alle-zonnebrillen","7":"product_cat-dames-zonnebrillen","8":"product_cat-heren-zonnebrillen","9":"product_cat-tresor","10":"product_tag-betaalbare-zonnebrillen","11":"product_tag-dames-en-heren-zonnebrillen","12":"product_tag-luxe-zonnebrillen","13":"product_tag-zonnebrillen-voor-dames-en-heren","15":"first","16":"instock","17":"sale","18":"shipping-taxable","19":"purchasable","20":"product-type-simple"},"yoast_head":"<!-- This site is optimized with the Yoast SEO Premium plugin v20.12 (Yoast SEO v27.3) - https:\/\/yoast.com\/product\/yoast-seo-premium-wordpress\/ -->\n<title>Tr\u00e9sor - Black\/gold - deluxevibe.nl<\/title>\n<meta name=\"robots\" content=\"index, follow, max-snippet:-1, max-image-preview:large, max-video-preview:-1\" \/>\n<link rel=\"canonical\" href=\"https:\/\/deluxevibe.nl\/fr\/produit\/tresor-black-gold\/\" \/>\n<meta property=\"og:locale\" content=\"fr_FR\" \/>\n<meta property=\"og:type\" content=\"article\" \/>\n<meta property=\"og:title\" content=\"Tr\u00e9sor - Black\/gold\" \/>\n<meta property=\"og:description\" content=\"\u2714\ufe0f Voor 16:00 besteld, morgen thuisbezorgd!\u2714\ufe0f Gemakkelijk achteraf betalen met Klarna!\u2714\ufe0f Gegarandeerd van hoge kwaliteit!\u2714\ufe0f Niet goed = geld terug!\u2714\ufe0f Twee jaar garantie!\" \/>\n<meta property=\"og:url\" content=\"https:\/\/deluxevibe.nl\/fr\/produit\/tresor-black-gold\/\" \/>\n<meta property=\"og:site_name\" content=\"deluxevibe.nl\" \/>\n<meta property=\"article:modified_time\" content=\"2025-04-11T10:41:14+00:00\" \/>\n<meta property=\"og:image\" content=\"http:\/\/deluxevibe.nl\/files\/2023\/03\/Zonnebrillen-kopen-74-1.webp\" \/>\n\t<meta property=\"og:image:width\" content=\"800\" \/>\n\t<meta property=\"og:image:height\" content=\"800\" \/>\n\t<meta property=\"og:image:type\" content=\"image\/webp\" \/>\n<meta name=\"twitter:card\" content=\"summary_large_image\" \/>\n<meta name=\"twitter:label1\" content=\"Dur\u00e9e de lecture estim\u00e9e\" \/>\n\t<meta name=\"twitter:data1\" content=\"3 minutes\" \/>\n<script type=\"application\/ld+json\" class=\"yoast-schema-graph\">{\"@context\":\"https:\\\/\\\/schema.org\",\"@graph\":[{\"@type\":\"WebPage\",\"@id\":\"https:\\\/\\\/deluxevibe.nl\\\/product\\\/tresor-black-gold\\\/\",\"url\":\"https:\\\/\\\/deluxevibe.nl\\\/product\\\/tresor-black-gold\\\/\",\"name\":\"Tr\u00e9sor - Black\\\/gold - deluxevibe.nl\",\"isPartOf\":{\"@id\":\"https:\\\/\\\/deluxevibe.nl\\\/#website\"},\"primaryImageOfPage\":{\"@id\":\"https:\\\/\\\/deluxevibe.nl\\\/product\\\/tresor-black-gold\\\/#primaryimage\"},\"image\":{\"@id\":\"https:\\\/\\\/deluxevibe.nl\\\/product\\\/tresor-black-gold\\\/#primaryimage\"},\"thumbnailUrl\":\"https:\\\/\\\/deluxevibe.nl\\\/files\\\/2023\\\/03\\\/Zonnebrillen-kopen-74-1.webp\",\"datePublished\":\"2023-03-16T13:38:39+00:00\",\"dateModified\":\"2025-04-11T10:41:14+00:00\",\"breadcrumb\":{\"@id\":\"https:\\\/\\\/deluxevibe.nl\\\/product\\\/tresor-black-gold\\\/#breadcrumb\"},\"inLanguage\":\"fr-FR\",\"potentialAction\":[{\"@type\":\"ReadAction\",\"target\":[\"https:\\\/\\\/deluxevibe.nl\\\/product\\\/tresor-black-gold\\\/\"]}]},{\"@type\":\"ImageObject\",\"inLanguage\":\"fr-FR\",\"@id\":\"https:\\\/\\\/deluxevibe.nl\\\/product\\\/tresor-black-gold\\\/#primaryimage\",\"url\":\"https:\\\/\\\/deluxevibe.nl\\\/files\\\/2023\\\/03\\\/Zonnebrillen-kopen-74-1.webp\",\"contentUrl\":\"https:\\\/\\\/deluxevibe.nl\\\/files\\\/2023\\\/03\\\/Zonnebrillen-kopen-74-1.webp\",\"width\":800,\"height\":800,\"caption\":\"Zonnebrillen kopen\"},{\"@type\":\"BreadcrumbList\",\"@id\":\"https:\\\/\\\/deluxevibe.nl\\\/product\\\/tresor-black-gold\\\/#breadcrumb\",\"itemListElement\":[{\"@type\":\"ListItem\",\"position\":1,\"name\":\"Home\",\"item\":\"https:\\\/\\\/deluxevibe.nl\\\/\"},{\"@type\":\"ListItem\",\"position\":2,\"name\":\"Shop\",\"item\":\"https:\\\/\\\/deluxevibe.nl\\\/zonnebrillen-2\\\/\"},{\"@type\":\"ListItem\",\"position\":3,\"name\":\"Tr\u00e9sor &#8211; Black\\\/gold\"}]},{\"@type\":\"WebSite\",\"@id\":\"https:\\\/\\\/deluxevibe.nl\\\/#website\",\"url\":\"https:\\\/\\\/deluxevibe.nl\\\/\",\"name\":\"deluxevibe.nl\",\"description\":\"Luxe zonnebrillen voor dames en heren\",\"potentialAction\":[{\"@type\":\"SearchAction\",\"target\":{\"@type\":\"EntryPoint\",\"urlTemplate\":\"https:\\\/\\\/deluxevibe.nl\\\/?s={search_term_string}\"},\"query-input\":{\"@type\":\"PropertyValueSpecification\",\"valueRequired\":true,\"valueName\":\"search_term_string\"}}],\"inLanguage\":\"fr-FR\"}]}<\/script>\n<!-- \/ Yoast SEO Premium plugin. -->","yoast_head_json":{"title":"Tr\u00e9sor - Black\/gold - deluxevibe.nl","robots":{"index":"index","follow":"follow","max-snippet":"max-snippet:-1","max-image-preview":"max-image-preview:large","max-video-preview":"max-video-preview:-1"},"canonical":"https:\/\/deluxevibe.nl\/fr\/produit\/tresor-black-gold\/","og_locale":"fr_FR","og_type":"article","og_title":"Tr\u00e9sor - Black\/gold","og_description":"\u2714\ufe0f Voor 16:00 besteld, morgen thuisbezorgd!\u2714\ufe0f Gemakkelijk achteraf betalen met Klarna!\u2714\ufe0f Gegarandeerd van hoge kwaliteit!\u2714\ufe0f Niet goed = geld terug!\u2714\ufe0f Twee jaar garantie!","og_url":"https:\/\/deluxevibe.nl\/fr\/produit\/tresor-black-gold\/","og_site_name":"deluxevibe.nl","article_modified_time":"2025-04-11T10:41:14+00:00","og_image":[{"width":800,"height":800,"url":"http:\/\/deluxevibe.nl\/files\/2023\/03\/Zonnebrillen-kopen-74-1.webp","type":"image\/webp"}],"twitter_card":"summary_large_image","twitter_misc":{"Dur\u00e9e de lecture estim\u00e9e":"3 minutes"},"schema":{"@context":"https:\/\/schema.org","@graph":[{"@type":"WebPage","@id":"https:\/\/deluxevibe.nl\/product\/tresor-black-gold\/","url":"https:\/\/deluxevibe.nl\/product\/tresor-black-gold\/","name":"Tr\u00e9sor - Black\/gold - deluxevibe.nl","isPartOf":{"@id":"https:\/\/deluxevibe.nl\/#website"},"primaryImageOfPage":{"@id":"https:\/\/deluxevibe.nl\/product\/tresor-black-gold\/#primaryimage"},"image":{"@id":"https:\/\/deluxevibe.nl\/product\/tresor-black-gold\/#primaryimage"},"thumbnailUrl":"https:\/\/deluxevibe.nl\/files\/2023\/03\/Zonnebrillen-kopen-74-1.webp","datePublished":"2023-03-16T13:38:39+00:00","dateModified":"2025-04-11T10:41:14+00:00","breadcrumb":{"@id":"https:\/\/deluxevibe.nl\/product\/tresor-black-gold\/#breadcrumb"},"inLanguage":"fr-FR","potentialAction":[{"@type":"ReadAction","target":["https:\/\/deluxevibe.nl\/product\/tresor-black-gold\/"]}]},{"@type":"ImageObject","inLanguage":"fr-FR","@id":"https:\/\/deluxevibe.nl\/product\/tresor-black-gold\/#primaryimage","url":"https:\/\/deluxevibe.nl\/files\/2023\/03\/Zonnebrillen-kopen-74-1.webp","contentUrl":"https:\/\/deluxevibe.nl\/files\/2023\/03\/Zonnebrillen-kopen-74-1.webp","width":800,"height":800,"caption":"Zonnebrillen kopen"},{"@type":"BreadcrumbList","@id":"https:\/\/deluxevibe.nl\/product\/tresor-black-gold\/#breadcrumb","itemListElement":[{"@type":"ListItem","position":1,"name":"Home","item":"https:\/\/deluxevibe.nl\/"},{"@type":"ListItem","position":2,"name":"Shop","item":"https:\/\/deluxevibe.nl\/zonnebrillen-2\/"},{"@type":"ListItem","position":3,"name":"Tr\u00e9sor &#8211; Black\/gold"}]},{"@type":"WebSite","@id":"https:\/\/deluxevibe.nl\/#website","url":"https:\/\/deluxevibe.nl\/","name":"deluxevibe.nl","description":"Luxe zonnebrillen voor dames en heren","potentialAction":[{"@type":"SearchAction","target":{"@type":"EntryPoint","urlTemplate":"https:\/\/deluxevibe.nl\/?s={search_term_string}"},"query-input":{"@type":"PropertyValueSpecification","valueRequired":true,"valueName":"search_term_string"}}],"inLanguage":"fr-FR"}]}},"_links":{"self":[{"href":"https:\/\/deluxevibe.nl\/fr\/wp-json\/wp\/v2\/product\/249","targetHints":{"allow":["GET"]}}],"collection":[{"href":"https:\/\/deluxevibe.nl\/fr\/wp-json\/wp\/v2\/product"}],"about":[{"href":"https:\/\/deluxevibe.nl\/fr\/wp-json\/wp\/v2\/types\/product"}],"version-history":[{"count":2,"href":"https:\/\/deluxevibe.nl\/fr\/wp-json\/wp\/v2\/product\/249\/revisions"}],"predecessor-version":[{"id":27731,"href":"https:\/\/deluxevibe.nl\/fr\/wp-json\/wp\/v2\/product\/249\/revisions\/27731"}],"wp:featuredmedia":[{"embeddable":true,"href":"https:\/\/deluxevibe.nl\/fr\/wp-json\/wp\/v2\/media\/24660"}],"wp:attachment":[{"href":"https:\/\/deluxevibe.nl\/fr\/wp-json\/wp\/v2\/media?parent=249"}],"wp:term":[{"taxonomy":"product_brand","embeddable":true,"href":"https:\/\/deluxevibe.nl\/fr\/wp-json\/wp\/v2\/product_brand?post=249"},{"taxonomy":"product_cat","embeddable":true,"href":"https:\/\/deluxevibe.nl\/fr\/wp-json\/wp\/v2\/product_cat?post=249"},{"taxonomy":"product_tag","embeddable":true,"href":"https:\/\/deluxevibe.nl\/fr\/wp-json\/wp\/v2\/product_tag?post=249"}],"curies":[{"name":"wp","href":"https:\/\/api.w.org\/{rel}","templated":true}]}}