{"id":24195,"date":"2023-03-16T22:03:30","date_gmt":"2023-03-16T22:03:30","guid":{"rendered":"https:\/\/deluxevibe.nl\/?page_id=24195"},"modified":"2025-04-03T03:46:26","modified_gmt":"2025-04-03T01:46:26","slug":"bedenktijd-retour","status":"publish","type":"page","link":"https:\/\/deluxevibe.nl\/sv\/bedenktijd-retour\/","title":{"rendered":"Bet\u00e4nketid\/Return"},"content":{"rendered":"<div data-elementor-type=\"wp-page\" data-elementor-id=\"24195\" class=\"elementor elementor-24195\">\n\t\t\t\t\t\t<section class=\"elementor-section elementor-top-section elementor-element elementor-element-0a40362 elementor-section-boxed elementor-section-gap-beside-yes elementor-section-height-default elementor-section-height-default elementor-section-column-vertical-align-stretch\" data-id=\"0a40362\" data-element_type=\"section\" data-e-type=\"section\">\n\t\t\t\t\t\t<div class=\"elementor-container elementor-column-gap-extended\">\n\t\t\t\t\t<div class=\"elementor-column elementor-col-100 elementor-top-column elementor-element elementor-element-14d6e33\" data-id=\"14d6e33\" data-element_type=\"column\" data-e-type=\"column\">\n\t\t\t<div class=\"elementor-widget-wrap elementor-element-populated\">\n\t\t\t\t\t\t<div class=\"elementor-element elementor-element-cc6fce0 elementor-widget elementor-widget-tm-heading\" data-id=\"cc6fce0\" data-element_type=\"widget\" data-e-type=\"widget\" data-widget_type=\"tm-heading.default\">\n\t\t\t\t<div class=\"elementor-widget-container\">\n\t\t\t\t\t\t\t<div class=\"tm-modern-heading tm-modern-heading--style-01 tm-modern-heading--highlight-style-01\">\n\t\t\t\n\t\t\t\t\t<div class=\"heading-primary-wrap\">\n\t\t\t<h2 class=\"heading-primary elementor-heading-title\">Bet\u00e4nketid\/Return\n<\/h2>\t\t<\/div>\n\t\t\n\t\t\t\n\t\t\t\t\t<\/div>\n\t\t\t\t\t\t<\/div>\n\t\t\t\t<\/div>\n\t\t\t\t<div class=\"elementor-element elementor-element-b04cc25 elementor-widget elementor-widget-spacer\" data-id=\"b04cc25\" data-element_type=\"widget\" data-e-type=\"widget\" data-widget_type=\"spacer.default\">\n\t\t\t\t<div class=\"elementor-widget-container\">\n\t\t\t\t\t\t\t<div class=\"elementor-spacer\">\n\t\t\t<div class=\"elementor-spacer-inner\"><\/div>\n\t\t<\/div>\n\t\t\t\t\t\t<\/div>\n\t\t\t\t<\/div>\n\t\t\t\t<div class=\"elementor-element elementor-element-da5e513 elementor-widget elementor-widget-text-editor\" data-id=\"da5e513\" data-element_type=\"widget\" data-e-type=\"widget\" data-widget_type=\"text-editor.default\">\n\t\t\t\t<div class=\"elementor-widget-container\">\n\t\t\t\t\t\t\t\t\t<p>Det kan ibland h\u00e4nda att du vill returnera en best\u00e4llning. Kanske f\u00f6r att du inte gillar produkten eller kanske det finns en annan anledning till att du inte skulle gilla best\u00e4llningen. Oavsett anledning har du r\u00e4tt att annullera din best\u00e4llning upp till 14 dagar efter mottagandet utan att ange n\u00e5gon anledning.<\/p><p>Efter avbokning har du ytterligare 14 dagar p\u00e5 dig att returnera din produkt. Du kommer d\u00e5 att krediteras med hela best\u00e4llningsbeloppet inklusive fraktkostnader. Endast kostnaderna f\u00f6r att returnera varan fr\u00e5n ditt hem till webshopen st\u00e5r p\u00e5 din egen bekostnad. Dessa kostnader uppg\u00e5r till cirka 4,10 \u20ac per paket. V\u00e4nligen kontakta din operat\u00f6rs webbplats f\u00f6r de exakta priserna. Om du utnyttjar din \u00e5ngerr\u00e4tt kommer produkten att returneras till f\u00f6retagaren med alla medf\u00f6ljande tillbeh\u00f6r och - om det \u00e4r rimligt m\u00f6jligt - i originalskick och f\u00f6rpackning.<br \/>F\u00f6r att ut\u00f6va denna r\u00e4tt kan du kontakta oss p\u00e5 info@deluxevibe.nl. Vi kommer sedan att \u00e5terbetala best\u00e4llningsbeloppet inom 14 dagar fr\u00e5n meddelandet om din retur, f\u00f6rutsatt att produkten redan har returnerats i god ordning.<\/p><p>Om produkten \u00e4r skadad eller f\u00f6rpackningen \u00e4r skadad mer \u00e4n vad som \u00e4r n\u00f6dv\u00e4ndigt f\u00f6r att prova produkten kan vi f\u00f6ra \u00f6ver denna v\u00e4rdeminskning p\u00e5 produkten till dig. S\u00e5 hantera produkten varsamt och se till att den \u00e4r korrekt f\u00f6rpackad n\u00e4r den returneras.<br \/><br \/>Byta produkt?<br \/>Vill du byta ut din produkt? Det \u00e4r inga problem alls. F\u00f6r detta kan du kontakta info@deluxevibe.nl. Du kommer dock att st\u00e5 f\u00f6r kostnaderna f\u00f6r att returnera produkten.\u201d<\/p><p>Jag har angett en felaktig leveransadress!<br \/>Har du angett fel leveransadress av misstag? Kontakta oss s\u00e5 snart som m\u00f6jligt. Vi kommer d\u00e5 att f\u00f6rs\u00f6ka \u00e4ndra best\u00e4llningen \u00e5t dig.<\/p>\t\t\t\t\t\t\t\t<\/div>\n\t\t\t\t<\/div>\n\t\t\t\t\t<\/div>\n\t\t<\/div>\n\t\t\t\t\t<\/div>\n\t\t<\/section>\n\t\t\t\t<\/div>","protected":false},"excerpt":{"rendered":"<p>Bedenktijd\/Retour Het kan wel eens voorkomen dat u een bestelling retour wilt sturen. Wellicht omdat het product toch niet bevalt of misschien is er een andere reden is waarom u de bestelling toch niet zou willen hebben. Wat de reden ook is, u heeft het recht uw bestelling tot 14 dagen na ontvangst zonder opgave van reden te annuleren. U heeft na annulering nogmaals 14 dagen om uw product retour te sturen. U krijgt dan het volledige orderbedrag inclusief verzendkosten gecrediteerd. Enkel de kosten voor retour van u thuis naar de webwinkel zijn voor eigen rekening. Deze kosten bedragen circa \u20ac4.10 per pakket, raadpleeg voor de exacte tarieven de website van uw vervoerder. Indien u gebruik maakt van uw herroepingsrecht, zal het product met alle geleverde toebehoren en \u2013 indien redelijkerwijze mogelijk \u2013 in de originele staat en verpakking aan de ondernemer geretourneerd worden.Om gebruik te maken van dit recht kunt u contact met ons opnemen via info@deluxevibe.nl. Wij zullen vervolgens het verschuldigde orderbedrag binnen 14 dagen na aanmelding van uw retour terugstorten mits het product reeds in goede orde retour ontvangen is. Mocht het product beschadigd of de verpakking meer beschadigd zijn dan nodig is om het product te proberen, dan kunnen we deze waardevermindering van het product aan u doorberekenen. Behandel het product dus met zorg en zorg ervoor dat deze bij een retour goed verpakt is. Product ruilen?Wilt u uw product ruilen? Dat is helemaal geen probleem. U kunt hiervoor contact opnemen met info@deluxevibe.nl. Wel draagt u zelf de kosten voor terugzending van het product.\u201d Ik heb een verkeerd bezorgadres doorgegeven!Per ongeluk een verkeerd bezorgadres doorgegeven? Neem dan zo snel mogelijk contact met ons op. We proberen dan de bestelling nog voor u te wijzigen.<\/p>","protected":false},"author":1,"featured_media":0,"parent":0,"menu_order":0,"comment_status":"closed","ping_status":"closed","template":"","meta":{"footnotes":""},"class_list":["post-24195","page","type-page","status-publish","hentry","post-no-thumbnail"],"yoast_head":"<!-- This site is optimized with the Yoast SEO Premium plugin v20.12 (Yoast SEO v27.4) - https:\/\/yoast.com\/product\/yoast-seo-premium-wordpress\/ -->\n<title>Bedenktijd\/Retour - deluxevibe.nl<\/title>\n<meta name=\"robots\" content=\"index, follow, max-snippet:-1, max-image-preview:large, max-video-preview:-1\" \/>\n<link rel=\"canonical\" href=\"https:\/\/deluxevibe.nl\/sv\/bedenktijd-retour\/\" \/>\n<meta property=\"og:locale\" content=\"sv_SE\" \/>\n<meta property=\"og:type\" content=\"article\" \/>\n<meta property=\"og:title\" content=\"Bedenktijd\/Retour\" \/>\n<meta property=\"og:description\" content=\"Bedenktijd\/Retour Het kan wel eens voorkomen dat u een bestelling retour wilt sturen. Wellicht omdat het product toch niet bevalt of misschien is er een andere reden is waarom u de bestelling toch niet zou willen hebben. Wat de reden ook is, u heeft het recht uw bestelling tot 14 dagen na ontvangst zonder opgave van reden te annuleren. U heeft na annulering nogmaals 14 dagen om uw product retour te sturen. U krijgt dan het volledige orderbedrag inclusief verzendkosten gecrediteerd. Enkel de kosten voor retour van u thuis naar de webwinkel zijn voor eigen rekening. Deze kosten bedragen circa \u20ac4.10 per pakket, raadpleeg voor de exacte tarieven de website van uw vervoerder. Indien u gebruik maakt van uw herroepingsrecht, zal het product met alle geleverde toebehoren en \u2013 indien redelijkerwijze mogelijk \u2013 in de originele staat en verpakking aan de ondernemer geretourneerd worden.Om gebruik te maken van dit recht kunt u contact met ons opnemen via info@deluxevibe.nl. Wij zullen vervolgens het verschuldigde orderbedrag binnen 14 dagen na aanmelding van uw retour terugstorten mits het product reeds in goede orde retour ontvangen is. Mocht het product beschadigd of de verpakking meer beschadigd zijn dan nodig is om het product te proberen, dan kunnen we deze waardevermindering van het product aan u doorberekenen. Behandel het product dus met zorg en zorg ervoor dat deze bij een retour goed verpakt is. Product ruilen?Wilt u uw product ruilen? Dat is helemaal geen probleem. U kunt hiervoor contact opnemen met info@deluxevibe.nl. Wel draagt u zelf de kosten voor terugzending van het product.\u201d Ik heb een verkeerd bezorgadres doorgegeven!Per ongeluk een verkeerd bezorgadres doorgegeven? Neem dan zo snel mogelijk contact met ons op. We proberen dan de bestelling nog voor u te wijzigen.\" \/>\n<meta property=\"og:url\" content=\"https:\/\/deluxevibe.nl\/sv\/bedenktijd-retour\/\" \/>\n<meta property=\"og:site_name\" content=\"deluxevibe.nl\" \/>\n<meta property=\"article:modified_time\" content=\"2025-04-03T01:46:26+00:00\" \/>\n<meta name=\"twitter:card\" content=\"summary_large_image\" \/>\n<meta name=\"twitter:label1\" content=\"Ber\u00e4knad l\u00e4stid\" \/>\n\t<meta name=\"twitter:data1\" content=\"2 minuter\" \/>\n<script type=\"application\/ld+json\" class=\"yoast-schema-graph\">{\"@context\":\"https:\\\/\\\/schema.org\",\"@graph\":[{\"@type\":\"WebPage\",\"@id\":\"https:\\\/\\\/deluxevibe.nl\\\/bedenktijd-retour\\\/\",\"url\":\"https:\\\/\\\/deluxevibe.nl\\\/bedenktijd-retour\\\/\",\"name\":\"Bedenktijd\\\/Retour - deluxevibe.nl\",\"isPartOf\":{\"@id\":\"https:\\\/\\\/deluxevibe.nl\\\/#website\"},\"datePublished\":\"2023-03-16T22:03:30+00:00\",\"dateModified\":\"2025-04-03T01:46:26+00:00\",\"breadcrumb\":{\"@id\":\"https:\\\/\\\/deluxevibe.nl\\\/bedenktijd-retour\\\/#breadcrumb\"},\"inLanguage\":\"sv-SE\",\"potentialAction\":[{\"@type\":\"ReadAction\",\"target\":[\"https:\\\/\\\/deluxevibe.nl\\\/bedenktijd-retour\\\/\"]}]},{\"@type\":\"BreadcrumbList\",\"@id\":\"https:\\\/\\\/deluxevibe.nl\\\/bedenktijd-retour\\\/#breadcrumb\",\"itemListElement\":[{\"@type\":\"ListItem\",\"position\":1,\"name\":\"Home\",\"item\":\"https:\\\/\\\/deluxevibe.nl\\\/\"},{\"@type\":\"ListItem\",\"position\":2,\"name\":\"Bedenktijd\\\/Retour\"}]},{\"@type\":\"WebSite\",\"@id\":\"https:\\\/\\\/deluxevibe.nl\\\/#website\",\"url\":\"https:\\\/\\\/deluxevibe.nl\\\/\",\"name\":\"deluxevibe.nl\",\"description\":\"Luxe zonnebrillen voor dames en heren\",\"potentialAction\":[{\"@type\":\"SearchAction\",\"target\":{\"@type\":\"EntryPoint\",\"urlTemplate\":\"https:\\\/\\\/deluxevibe.nl\\\/?s={search_term_string}\"},\"query-input\":{\"@type\":\"PropertyValueSpecification\",\"valueRequired\":true,\"valueName\":\"search_term_string\"}}],\"inLanguage\":\"sv-SE\"}]}<\/script>\n<!-- \/ Yoast SEO Premium plugin. -->","yoast_head_json":{"title":"Bedenktijd\/Retour - deluxevibe.nl","robots":{"index":"index","follow":"follow","max-snippet":"max-snippet:-1","max-image-preview":"max-image-preview:large","max-video-preview":"max-video-preview:-1"},"canonical":"https:\/\/deluxevibe.nl\/sv\/bedenktijd-retour\/","og_locale":"sv_SE","og_type":"article","og_title":"Bedenktijd\/Retour","og_description":"Bedenktijd\/Retour Het kan wel eens voorkomen dat u een bestelling retour wilt sturen. Wellicht omdat het product toch niet bevalt of misschien is er een andere reden is waarom u de bestelling toch niet zou willen hebben. Wat de reden ook is, u heeft het recht uw bestelling tot 14 dagen na ontvangst zonder opgave van reden te annuleren. U heeft na annulering nogmaals 14 dagen om uw product retour te sturen. U krijgt dan het volledige orderbedrag inclusief verzendkosten gecrediteerd. Enkel de kosten voor retour van u thuis naar de webwinkel zijn voor eigen rekening. Deze kosten bedragen circa \u20ac4.10 per pakket, raadpleeg voor de exacte tarieven de website van uw vervoerder. Indien u gebruik maakt van uw herroepingsrecht, zal het product met alle geleverde toebehoren en \u2013 indien redelijkerwijze mogelijk \u2013 in de originele staat en verpakking aan de ondernemer geretourneerd worden.Om gebruik te maken van dit recht kunt u contact met ons opnemen via info@deluxevibe.nl. Wij zullen vervolgens het verschuldigde orderbedrag binnen 14 dagen na aanmelding van uw retour terugstorten mits het product reeds in goede orde retour ontvangen is. Mocht het product beschadigd of de verpakking meer beschadigd zijn dan nodig is om het product te proberen, dan kunnen we deze waardevermindering van het product aan u doorberekenen. Behandel het product dus met zorg en zorg ervoor dat deze bij een retour goed verpakt is. Product ruilen?Wilt u uw product ruilen? Dat is helemaal geen probleem. U kunt hiervoor contact opnemen met info@deluxevibe.nl. Wel draagt u zelf de kosten voor terugzending van het product.\u201d Ik heb een verkeerd bezorgadres doorgegeven!Per ongeluk een verkeerd bezorgadres doorgegeven? Neem dan zo snel mogelijk contact met ons op. We proberen dan de bestelling nog voor u te wijzigen.","og_url":"https:\/\/deluxevibe.nl\/sv\/bedenktijd-retour\/","og_site_name":"deluxevibe.nl","article_modified_time":"2025-04-03T01:46:26+00:00","twitter_card":"summary_large_image","twitter_misc":{"Ber\u00e4knad l\u00e4stid":"2 minuter"},"schema":{"@context":"https:\/\/schema.org","@graph":[{"@type":"WebPage","@id":"https:\/\/deluxevibe.nl\/bedenktijd-retour\/","url":"https:\/\/deluxevibe.nl\/bedenktijd-retour\/","name":"Bedenktijd\/Retour - deluxevibe.nl","isPartOf":{"@id":"https:\/\/deluxevibe.nl\/#website"},"datePublished":"2023-03-16T22:03:30+00:00","dateModified":"2025-04-03T01:46:26+00:00","breadcrumb":{"@id":"https:\/\/deluxevibe.nl\/bedenktijd-retour\/#breadcrumb"},"inLanguage":"sv-SE","potentialAction":[{"@type":"ReadAction","target":["https:\/\/deluxevibe.nl\/bedenktijd-retour\/"]}]},{"@type":"BreadcrumbList","@id":"https:\/\/deluxevibe.nl\/bedenktijd-retour\/#breadcrumb","itemListElement":[{"@type":"ListItem","position":1,"name":"Home","item":"https:\/\/deluxevibe.nl\/"},{"@type":"ListItem","position":2,"name":"Bedenktijd\/Retour"}]},{"@type":"WebSite","@id":"https:\/\/deluxevibe.nl\/#website","url":"https:\/\/deluxevibe.nl\/","name":"deluxevibe.nl","description":"Luxe zonnebrillen voor dames en heren","potentialAction":[{"@type":"SearchAction","target":{"@type":"EntryPoint","urlTemplate":"https:\/\/deluxevibe.nl\/?s={search_term_string}"},"query-input":{"@type":"PropertyValueSpecification","valueRequired":true,"valueName":"search_term_string"}}],"inLanguage":"sv-SE"}]}},"_links":{"self":[{"href":"https:\/\/deluxevibe.nl\/sv\/wp-json\/wp\/v2\/pages\/24195","targetHints":{"allow":["GET"]}}],"collection":[{"href":"https:\/\/deluxevibe.nl\/sv\/wp-json\/wp\/v2\/pages"}],"about":[{"href":"https:\/\/deluxevibe.nl\/sv\/wp-json\/wp\/v2\/types\/page"}],"author":[{"embeddable":true,"href":"https:\/\/deluxevibe.nl\/sv\/wp-json\/wp\/v2\/users\/1"}],"replies":[{"embeddable":true,"href":"https:\/\/deluxevibe.nl\/sv\/wp-json\/wp\/v2\/comments?post=24195"}],"version-history":[{"count":3,"href":"https:\/\/deluxevibe.nl\/sv\/wp-json\/wp\/v2\/pages\/24195\/revisions"}],"predecessor-version":[{"id":27383,"href":"https:\/\/deluxevibe.nl\/sv\/wp-json\/wp\/v2\/pages\/24195\/revisions\/27383"}],"wp:attachment":[{"href":"https:\/\/deluxevibe.nl\/sv\/wp-json\/wp\/v2\/media?parent=24195"}],"curies":[{"name":"wp","href":"https:\/\/api.w.org\/{rel}","templated":true}]}}