{"id":24235,"date":"2023-03-16T22:28:54","date_gmt":"2023-03-16T22:28:54","guid":{"rendered":"https:\/\/deluxevibe.nl\/?page_id=24235"},"modified":"2025-04-05T23:40:43","modified_gmt":"2025-04-05T21:40:43","slug":"veelgestelde-vragen","status":"publish","type":"page","link":"https:\/\/deluxevibe.nl\/sv\/veelgestelde-vragen\/","title":{"rendered":"VANLIGA FR\u00c5GOR"},"content":{"rendered":"<div data-elementor-type=\"wp-page\" data-elementor-id=\"24235\" class=\"elementor elementor-24235\">\n\t\t\t\t\t\t<section class=\"elementor-section elementor-top-section elementor-element elementor-element-c7468ae elementor-section-boxed elementor-section-gap-beside-yes elementor-section-height-default elementor-section-height-default elementor-section-content-align-center elementor-section-column-vertical-align-stretch\" data-id=\"c7468ae\" data-element_type=\"section\" data-e-type=\"section\">\n\t\t\t\t\t\t<div class=\"elementor-container elementor-column-gap-extended\">\n\t\t\t\t\t<div class=\"elementor-column elementor-col-100 elementor-top-column elementor-element elementor-element-09cd805\" data-id=\"09cd805\" data-element_type=\"column\" data-e-type=\"column\">\n\t\t\t<div class=\"elementor-widget-wrap elementor-element-populated\">\n\t\t\t\t\t\t<div class=\"elementor-element elementor-element-074ee3e elementor-widget elementor-widget-tm-modern-image\" data-id=\"074ee3e\" data-element_type=\"widget\" data-e-type=\"widget\" data-widget_type=\"tm-modern-image.default\">\n\t\t\t\t<div class=\"elementor-widget-container\">\n\t\t\t\t\t\t\t<div class=\"tm-modern-image\">\n\t\t\t\t\t\t\t<div class=\"minimog-box\">\n\t\t\t\t\t<div class=\"minimog-image\">\t\t\t\t\t\t\t\t\t\t<\/div>\t\t\t\t<\/div>\n\t\t\t\t\t\t\t\t\t\t<\/div>\n\t\t\t\t\t\t<\/div>\n\t\t\t\t<\/div>\n\t\t\t\t\t<\/div>\n\t\t<\/div>\n\t\t\t\t\t<\/div>\n\t\t<\/section>\n\t\t\t\t<section class=\"elementor-section elementor-top-section elementor-element elementor-element-6559f7ed elementor-section-boxed elementor-section-gap-beside-yes elementor-section-height-default elementor-section-height-default elementor-section-content-align-center elementor-section-column-vertical-align-stretch\" data-id=\"6559f7ed\" data-element_type=\"section\" data-e-type=\"section\">\n\t\t\t\t\t\t<div class=\"elementor-container elementor-column-gap-extended\">\n\t\t\t\t\t<div class=\"elementor-column elementor-col-100 elementor-top-column elementor-element elementor-element-45307004\" data-id=\"45307004\" data-element_type=\"column\" data-e-type=\"column\">\n\t\t\t<div class=\"elementor-widget-wrap elementor-element-populated\">\n\t\t\t\t\t\t<div class=\"elementor-element elementor-element-7f66289c minimog-accordion-style-02 elementor-widget elementor-widget-tm-accordion\" data-id=\"7f66289c\" data-element_type=\"widget\" data-e-type=\"widget\" data-settings=\"{&quot;active_first_item&quot;:&quot;1&quot;}\" data-widget_type=\"tm-accordion.default\">\n\t\t\t\t<div class=\"elementor-widget-container\">\n\t\t\t\t\t\t\t<div class=\"minimog-accordion minimog-accordion-icon-right\" data-multi-open=\"1\">\n\t\t\t\t\t\t\t<div class=\"accordion-section active\">\n\t\t\t\t\t<div class=\"accordion-header\">\n\t\t\t\t\t\t<div class=\"accordion-title-wrapper\">\n\t\t\t\t\t\t\t<h6 class=\"accordion-title\">Varf\u00f6r ska jag best\u00e4lla fr\u00e5n dig?<\/h6>\t\t\t\t\t\t<\/div>\n\t\t\t\t\t\t\t\t\t\t\t\t\t<div class=\"accordion-icons\">\n\t\t\t\t\t\t\t\t<span\n\t\t\t\t\t\t\t\t\tclass=\"accordion-icon opened-icon\"><i class=\"far fa-angle-down\"><\/i><\/span>\n\t\t\t\t\t\t\t\t<span\n\t\t\t\t\t\t\t\t\tclass=\"accordion-icon closed-icon\"><i class=\"far fa-angle-up\"><\/i><\/span>\n\t\t\t\t\t\t\t<\/div>\n\t\t\t\t\t\t\t\t\t\t\t<\/div>\n\t\t\t\t\t<div class=\"accordion-content\">\n\t\t\t\t\t\t<p>Vi ser till att du kompletterar din outfit p\u00e5 ett lyxigt s\u00e4tt. Dessutom garanterar vi dig solglas\u00f6gon av h\u00f6gsta kvalitet till ett \u00f6verkomligt pris! Du kan betala oss i f\u00f6rskott eller i efterhand. Du har ocks\u00e5 alltid en 100% n\u00f6jd-garanti n\u00e4r du best\u00e4ller fr\u00e5n oss. Vi ser till att din best\u00e4llning paketeras korrekt och levereras s\u00e5 snart som m\u00f6jligt. Hos oss f\u00e5r du inte bara lyxiga solglas\u00f6gon utan \u00e4ven ett lyxigt glas\u00f6gonfodral, glas\u00f6gonduk och glas\u00f6gonp\u00e5se.<\/p>\t\t\t\t\t<\/div>\n\t\t\t\t<\/div>\n\t\t\t\t\t\t\t<div class=\"accordion-section\">\n\t\t\t\t\t<div class=\"accordion-header\">\n\t\t\t\t\t\t<div class=\"accordion-title-wrapper\">\n\t\t\t\t\t\t\t<h6 class=\"accordion-title\">Hur \u00e4r kvaliteten p\u00e5 solglas\u00f6gonen?<\/h6>\t\t\t\t\t\t<\/div>\n\t\t\t\t\t\t\t\t\t\t\t\t\t<div class=\"accordion-icons\">\n\t\t\t\t\t\t\t\t<span\n\t\t\t\t\t\t\t\t\tclass=\"accordion-icon opened-icon\"><i class=\"far fa-angle-down\"><\/i><\/span>\n\t\t\t\t\t\t\t\t<span\n\t\t\t\t\t\t\t\t\tclass=\"accordion-icon closed-icon\"><i class=\"far fa-angle-up\"><\/i><\/span>\n\t\t\t\t\t\t\t<\/div>\n\t\t\t\t\t\t\t\t\t\t\t<\/div>\n\t\t\t\t\t<div class=\"accordion-content\">\n\t\t\t\t\t\t<p>Alla v\u00e5ra solglas\u00f6gon \u00e4r av h\u00f6gsta kvalitet och har testats av oss i f\u00f6rv\u00e4g. Vi garanterar dig solglas\u00f6gon av h\u00f6g kvalitet som uppfyller dina f\u00f6rv\u00e4ntningar! Vi har \u00e4ven riktiga produktbilder\/filmer s\u00e5 att du kan se hur glas\u00f6gonen ser ut i verkligheten!<\/p>\t\t\t\t\t<\/div>\n\t\t\t\t<\/div>\n\t\t\t\t\t\t\t<div class=\"accordion-section\">\n\t\t\t\t\t<div class=\"accordion-header\">\n\t\t\t\t\t\t<div class=\"accordion-title-wrapper\">\n\t\t\t\t\t\t\t<h6 class=\"accordion-title\">N\u00e4r kommer min best\u00e4llning att levereras?<\/h6>\t\t\t\t\t\t<\/div>\n\t\t\t\t\t\t\t\t\t\t\t\t\t<div class=\"accordion-icons\">\n\t\t\t\t\t\t\t\t<span\n\t\t\t\t\t\t\t\t\tclass=\"accordion-icon opened-icon\"><i class=\"far fa-angle-down\"><\/i><\/span>\n\t\t\t\t\t\t\t\t<span\n\t\t\t\t\t\t\t\t\tclass=\"accordion-icon closed-icon\"><i class=\"far fa-angle-up\"><\/i><\/span>\n\t\t\t\t\t\t\t<\/div>\n\t\t\t\t\t\t\t\t\t\t\t<\/div>\n\t\t\t\t\t<div class=\"accordion-content\">\n\t\t\t\t\t\t<p>Vi g\u00f6r v\u00e5rt yttersta f\u00f6r att leverera din best\u00e4llning till dig s\u00e5 snart som m\u00f6jligt. Best\u00e4llningar som g\u00f6rs p\u00e5 arbetsdagar f\u00f6re kl. 15.00 skickas samma dag. Vi kan dock inte alltid f\u00f6lja detta, ibland finns inte produkter i lager och d\u00e5 kan leveransen av din best\u00e4llning ta lite l\u00e4ngre tid.<\/p>\t\t\t\t\t<\/div>\n\t\t\t\t<\/div>\n\t\t\t\t\t\t\t<div class=\"accordion-section\">\n\t\t\t\t\t<div class=\"accordion-header\">\n\t\t\t\t\t\t<div class=\"accordion-title-wrapper\">\n\t\t\t\t\t\t\t<h6 class=\"accordion-title\">Vem ska leverera paketet?<\/h6>\t\t\t\t\t\t<\/div>\n\t\t\t\t\t\t\t\t\t\t\t\t\t<div class=\"accordion-icons\">\n\t\t\t\t\t\t\t\t<span\n\t\t\t\t\t\t\t\t\tclass=\"accordion-icon opened-icon\"><i class=\"far fa-angle-down\"><\/i><\/span>\n\t\t\t\t\t\t\t\t<span\n\t\t\t\t\t\t\t\t\tclass=\"accordion-icon closed-icon\"><i class=\"far fa-angle-up\"><\/i><\/span>\n\t\t\t\t\t\t\t<\/div>\n\t\t\t\t\t\t\t\t\t\t\t<\/div>\n\t\t\t\t\t<div class=\"accordion-content\">\n\t\t\t\t\t\t<p>Alla v\u00e5ra leveranser hanteras av PostNL.<\/p>\t\t\t\t\t<\/div>\n\t\t\t\t<\/div>\n\t\t\t\t\t\t\t<div class=\"accordion-section\">\n\t\t\t\t\t<div class=\"accordion-header\">\n\t\t\t\t\t\t<div class=\"accordion-title-wrapper\">\n\t\t\t\t\t\t\t<h6 class=\"accordion-title\">Kan jag sp\u00e5ra f\u00f6rs\u00e4ndelsen?<\/h6>\t\t\t\t\t\t<\/div>\n\t\t\t\t\t\t\t\t\t\t\t\t\t<div class=\"accordion-icons\">\n\t\t\t\t\t\t\t\t<span\n\t\t\t\t\t\t\t\t\tclass=\"accordion-icon opened-icon\"><i class=\"far fa-angle-down\"><\/i><\/span>\n\t\t\t\t\t\t\t\t<span\n\t\t\t\t\t\t\t\t\tclass=\"accordion-icon closed-icon\"><i class=\"far fa-angle-up\"><\/i><\/span>\n\t\t\t\t\t\t\t<\/div>\n\t\t\t\t\t\t\t\t\t\t\t<\/div>\n\t\t\t\t\t<div class=\"accordion-content\">\n\t\t\t\t\t\t<p>Ja, det \u00e4r m\u00f6jligt. S\u00e5 fort vi har skickat din best\u00e4llning f\u00e5r du automatiskt ett mejl fr\u00e5n oss. Detta mejl inneh\u00e5ller en Track &amp; Trace-kod fr\u00e5n PostNL med vilken du enkelt kan sp\u00e5ra f\u00f6rs\u00e4ndelsen.<\/p>\t\t\t\t\t<\/div>\n\t\t\t\t<\/div>\n\t\t\t\t\t\t\t<div class=\"accordion-section\">\n\t\t\t\t\t<div class=\"accordion-header\">\n\t\t\t\t\t\t<div class=\"accordion-title-wrapper\">\n\t\t\t\t\t\t\t<h6 class=\"accordion-title\">Returnera en vara?<\/h6>\t\t\t\t\t\t<\/div>\n\t\t\t\t\t\t\t\t\t\t\t\t\t<div class=\"accordion-icons\">\n\t\t\t\t\t\t\t\t<span\n\t\t\t\t\t\t\t\t\tclass=\"accordion-icon opened-icon\"><i class=\"far fa-angle-down\"><\/i><\/span>\n\t\t\t\t\t\t\t\t<span\n\t\t\t\t\t\t\t\t\tclass=\"accordion-icon closed-icon\"><i class=\"far fa-angle-up\"><\/i><\/span>\n\t\t\t\t\t\t\t<\/div>\n\t\t\t\t\t\t\t\t\t\t\t<\/div>\n\t\t\t\t\t<div class=\"accordion-content\">\n\t\t\t\t\t\t<p>Inte n\u00f6jd med din produkt? Inga problem, du kan alltid returnera dina produkter p\u00e5 deluxevibe.nl. Inom 14 dagar efter att du mottagit din fullst\u00e4ndiga best\u00e4llning, v\u00e4nligen kontakta v\u00e5r kundtj\u00e4nst f\u00f6r att registrera din retur s\u00e5 att vi snabbt kan behandla den i v\u00e5rt system och ge dig pengarna tillbaka. Se till att du har ditt kund- och ordernummer till hands, d\u00e5 s\u00e4kerst\u00e4ller vi snabb handl\u00e4ggning!<\/p>\t\t\t\t\t<\/div>\n\t\t\t\t<\/div>\n\t\t\t\t\t\t\t<div class=\"accordion-section\">\n\t\t\t\t\t<div class=\"accordion-header\">\n\t\t\t\t\t\t<div class=\"accordion-title-wrapper\">\n\t\t\t\t\t\t\t<h6 class=\"accordion-title\">Vem betalar returfraktkostnaderna?<\/h6>\t\t\t\t\t\t<\/div>\n\t\t\t\t\t\t\t\t\t\t\t\t\t<div class=\"accordion-icons\">\n\t\t\t\t\t\t\t\t<span\n\t\t\t\t\t\t\t\t\tclass=\"accordion-icon opened-icon\"><i class=\"far fa-angle-down\"><\/i><\/span>\n\t\t\t\t\t\t\t\t<span\n\t\t\t\t\t\t\t\t\tclass=\"accordion-icon closed-icon\"><i class=\"far fa-angle-up\"><\/i><\/span>\n\t\t\t\t\t\t\t<\/div>\n\t\t\t\t\t\t\t\t\t\t\t<\/div>\n\t\t\t\t\t<div class=\"accordion-content\">\n\t\t\t\t\t\t<p>Fraktkostnaderna f\u00f6r din retur \u00e4r p\u00e5 din egen bekostnad. Du kan skicka ditt paket med valfri pakettj\u00e4nst. Vi rekommenderar att du skickar ditt paket med PostNL. Att skicka ett standardpaket kostar cirka 4,10 \u20ac fr\u00e5n Nederl\u00e4nderna och Belgien till v\u00e5r adress.<\/p>\t\t\t\t\t<\/div>\n\t\t\t\t<\/div>\n\t\t\t\t\t<\/div>\n\t\t\t\t\t\t<\/div>\n\t\t\t\t<\/div>\n\t\t\t\t\t<\/div>\n\t\t<\/div>\n\t\t\t\t\t<\/div>\n\t\t<\/section>\n\t\t\t\t<\/div>","protected":false},"excerpt":{"rendered":"<p>Waarom zou ik bij jullie bestellen? Wij zorgen ervoor dat je je outfit op een luxe manier compleet maakt. Daarnaast garanderen wij je topkwaliteit zonnebrillen tegen een betaalbare prijs! Je kunt bij ons vooraf en achteraf betalen. Ook heb je altijd 100% tevredenheidsgarantie als je bij ons bestelt. Wij zorgen ervoor dat jouw bestelling goed verpakt is en z.s.m wordt geleverd. Bij ons krijg je niet alleen een luxe zonnebril, maar ook een luxe brillenkoker, brillendoekje en brillenhoesje. Hoe is de kwaliteit van de zonnebrillen? Al onze zonnebrillen zijn van topkwaliteit en zijn door ons van tevoren getest. Wij garanderen je hoge kwaliteit zonnebrillen die naar je verwachtingen voldoen! Daarnaast hebben we ook echte productfoto&#8217;s\/video&#8217;s staan, zodat je kunt zien hoe een bril in het echt eruit ziet! Wanneer wordt mijn bestelling geleverd? Wij doen zorgvuldig ons best om de bestelling zo spoedig mogelijk bij u af te leveren. Bestellingen die op werkdagen v\u00f3\u00f3r 15:00 worden gedaan, proberen wij dezelfde dag nog te verzenden. Niet altijd lukt het ons echter om dit na te komen, soms zijn producten niet voorradig en dan kan de levering van uw bestelling iets langer duren. Door wie wordt het pakket bezorgd? Al onze leveringen worden verzorgd door PostNL. Kan ik de zending volgen? Ja dat kan. Zodra wij je bestelling hebben verzonden, ontvang je automatisch een mail van ons. In deze mail staat een Track &amp; Trace code van PostNL waarmee je de zending gemakkelijk kunt volgen. Een artikel retourneren? Niet tevreden met je product? Geen probleem, je kan altijd je producten retourneren bij deluxevibe.nl. Binnen 14 dagen na ontvangst van jouw volledige bestelling neem je contact op met onze klantenservice om je retour aan te melden zodat we deze snel kunnen verwerken in ons systeem en jou je geld terug kunnen geven. Zorg ervoor dat je jouw klant- en ordernummer bij de hand houdt, dan zorgen wij voor een snelle afhandeling! Door wie wordt de verzendkosten van de retour betaald? De verzendkosten voor je retour zijn voor eigen rekening. Je kunt jouw pakket versturen met alle gewenste pakketdiensten. Wij adviseren je om je pakket met PostNL te verzenden. Een standaard pakket versturen kost ongeveer \u20ac4.10 vanuit Nederland en Belgi\u00eb naar ons adres.<\/p>","protected":false},"author":1,"featured_media":0,"parent":0,"menu_order":0,"comment_status":"closed","ping_status":"closed","template":"","meta":{"footnotes":""},"class_list":["post-24235","page","type-page","status-publish","hentry","post-no-thumbnail"],"yoast_head":"<!-- This site is optimized with the Yoast SEO Premium plugin v20.12 (Yoast SEO v27.5) - https:\/\/yoast.com\/product\/yoast-seo-premium-wordpress\/ -->\n<title>VEELGESTELDE VRAGEN - deluxevibe.nl<\/title>\n<meta name=\"robots\" content=\"index, follow, max-snippet:-1, max-image-preview:large, max-video-preview:-1\" \/>\n<link rel=\"canonical\" href=\"https:\/\/deluxevibe.nl\/sv\/veelgestelde-vragen\/\" \/>\n<meta property=\"og:locale\" content=\"sv_SE\" \/>\n<meta property=\"og:type\" content=\"article\" \/>\n<meta property=\"og:title\" content=\"VEELGESTELDE VRAGEN\" \/>\n<meta property=\"og:description\" content=\"Waarom zou ik bij jullie bestellen? Wij zorgen ervoor dat je je outfit op een luxe manier compleet maakt. Daarnaast garanderen wij je topkwaliteit zonnebrillen tegen een betaalbare prijs! Je kunt bij ons vooraf en achteraf betalen. Ook heb je altijd 100% tevredenheidsgarantie als je bij ons bestelt. Wij zorgen ervoor dat jouw bestelling goed verpakt is en z.s.m wordt geleverd. Bij ons krijg je niet alleen een luxe zonnebril, maar ook een luxe brillenkoker, brillendoekje en brillenhoesje. Hoe is de kwaliteit van de zonnebrillen? Al onze zonnebrillen zijn van topkwaliteit en zijn door ons van tevoren getest. Wij garanderen je hoge kwaliteit zonnebrillen die naar je verwachtingen voldoen! Daarnaast hebben we ook echte productfoto&#8217;s\/video&#8217;s staan, zodat je kunt zien hoe een bril in het echt eruit ziet! Wanneer wordt mijn bestelling geleverd? Wij doen zorgvuldig ons best om de bestelling zo spoedig mogelijk bij u af te leveren. Bestellingen die op werkdagen v\u00f3\u00f3r 15:00 worden gedaan, proberen wij dezelfde dag nog te verzenden. Niet altijd lukt het ons echter om dit na te komen, soms zijn producten niet voorradig en dan kan de levering van uw bestelling iets langer duren. Door wie wordt het pakket bezorgd? Al onze leveringen worden verzorgd door PostNL. Kan ik de zending volgen? Ja dat kan. Zodra wij je bestelling hebben verzonden, ontvang je automatisch een mail van ons. In deze mail staat een Track &amp; Trace code van PostNL waarmee je de zending gemakkelijk kunt volgen. Een artikel retourneren? Niet tevreden met je product? Geen probleem, je kan altijd je producten retourneren bij deluxevibe.nl. Binnen 14 dagen na ontvangst van jouw volledige bestelling neem je contact op met onze klantenservice om je retour aan te melden zodat we deze snel kunnen verwerken in ons systeem en jou je geld terug kunnen geven. Zorg ervoor dat je jouw klant- en ordernummer bij de hand houdt, dan zorgen wij voor een snelle afhandeling! Door wie wordt de verzendkosten van de retour betaald? De verzendkosten voor je retour zijn voor eigen rekening. Je kunt jouw pakket versturen met alle gewenste pakketdiensten. Wij adviseren je om je pakket met PostNL te verzenden. Een standaard pakket versturen kost ongeveer \u20ac4.10 vanuit Nederland en Belgi\u00eb naar ons adres.\" \/>\n<meta property=\"og:url\" content=\"https:\/\/deluxevibe.nl\/sv\/veelgestelde-vragen\/\" \/>\n<meta property=\"og:site_name\" content=\"deluxevibe.nl\" \/>\n<meta property=\"article:modified_time\" content=\"2025-04-05T21:40:43+00:00\" \/>\n<meta name=\"twitter:card\" content=\"summary_large_image\" \/>\n<meta name=\"twitter:label1\" content=\"Ber\u00e4knad l\u00e4stid\" \/>\n\t<meta name=\"twitter:data1\" content=\"2 minuter\" \/>\n<script type=\"application\/ld+json\" class=\"yoast-schema-graph\">{\"@context\":\"https:\\\/\\\/schema.org\",\"@graph\":[{\"@type\":\"WebPage\",\"@id\":\"https:\\\/\\\/deluxevibe.nl\\\/veelgestelde-vragen\\\/\",\"url\":\"https:\\\/\\\/deluxevibe.nl\\\/veelgestelde-vragen\\\/\",\"name\":\"VEELGESTELDE VRAGEN - deluxevibe.nl\",\"isPartOf\":{\"@id\":\"https:\\\/\\\/deluxevibe.nl\\\/#website\"},\"datePublished\":\"2023-03-16T22:28:54+00:00\",\"dateModified\":\"2025-04-05T21:40:43+00:00\",\"breadcrumb\":{\"@id\":\"https:\\\/\\\/deluxevibe.nl\\\/veelgestelde-vragen\\\/#breadcrumb\"},\"inLanguage\":\"sv-SE\",\"potentialAction\":[{\"@type\":\"ReadAction\",\"target\":[\"https:\\\/\\\/deluxevibe.nl\\\/veelgestelde-vragen\\\/\"]}]},{\"@type\":\"BreadcrumbList\",\"@id\":\"https:\\\/\\\/deluxevibe.nl\\\/veelgestelde-vragen\\\/#breadcrumb\",\"itemListElement\":[{\"@type\":\"ListItem\",\"position\":1,\"name\":\"Home\",\"item\":\"https:\\\/\\\/deluxevibe.nl\\\/\"},{\"@type\":\"ListItem\",\"position\":2,\"name\":\"VEELGESTELDE VRAGEN\"}]},{\"@type\":\"WebSite\",\"@id\":\"https:\\\/\\\/deluxevibe.nl\\\/#website\",\"url\":\"https:\\\/\\\/deluxevibe.nl\\\/\",\"name\":\"deluxevibe.nl\",\"description\":\"Luxe zonnebrillen voor dames en heren\",\"potentialAction\":[{\"@type\":\"SearchAction\",\"target\":{\"@type\":\"EntryPoint\",\"urlTemplate\":\"https:\\\/\\\/deluxevibe.nl\\\/?s={search_term_string}\"},\"query-input\":{\"@type\":\"PropertyValueSpecification\",\"valueRequired\":true,\"valueName\":\"search_term_string\"}}],\"inLanguage\":\"sv-SE\"}]}<\/script>\n<!-- \/ Yoast SEO Premium plugin. -->","yoast_head_json":{"title":"VEELGESTELDE VRAGEN - deluxevibe.nl","robots":{"index":"index","follow":"follow","max-snippet":"max-snippet:-1","max-image-preview":"max-image-preview:large","max-video-preview":"max-video-preview:-1"},"canonical":"https:\/\/deluxevibe.nl\/sv\/veelgestelde-vragen\/","og_locale":"sv_SE","og_type":"article","og_title":"VEELGESTELDE VRAGEN","og_description":"Waarom zou ik bij jullie bestellen? Wij zorgen ervoor dat je je outfit op een luxe manier compleet maakt. Daarnaast garanderen wij je topkwaliteit zonnebrillen tegen een betaalbare prijs! Je kunt bij ons vooraf en achteraf betalen. Ook heb je altijd 100% tevredenheidsgarantie als je bij ons bestelt. Wij zorgen ervoor dat jouw bestelling goed verpakt is en z.s.m wordt geleverd. Bij ons krijg je niet alleen een luxe zonnebril, maar ook een luxe brillenkoker, brillendoekje en brillenhoesje. Hoe is de kwaliteit van de zonnebrillen? Al onze zonnebrillen zijn van topkwaliteit en zijn door ons van tevoren getest. Wij garanderen je hoge kwaliteit zonnebrillen die naar je verwachtingen voldoen! Daarnaast hebben we ook echte productfoto&#8217;s\/video&#8217;s staan, zodat je kunt zien hoe een bril in het echt eruit ziet! Wanneer wordt mijn bestelling geleverd? Wij doen zorgvuldig ons best om de bestelling zo spoedig mogelijk bij u af te leveren. Bestellingen die op werkdagen v\u00f3\u00f3r 15:00 worden gedaan, proberen wij dezelfde dag nog te verzenden. Niet altijd lukt het ons echter om dit na te komen, soms zijn producten niet voorradig en dan kan de levering van uw bestelling iets langer duren. Door wie wordt het pakket bezorgd? Al onze leveringen worden verzorgd door PostNL. Kan ik de zending volgen? Ja dat kan. Zodra wij je bestelling hebben verzonden, ontvang je automatisch een mail van ons. In deze mail staat een Track &amp; Trace code van PostNL waarmee je de zending gemakkelijk kunt volgen. Een artikel retourneren? Niet tevreden met je product? Geen probleem, je kan altijd je producten retourneren bij deluxevibe.nl. Binnen 14 dagen na ontvangst van jouw volledige bestelling neem je contact op met onze klantenservice om je retour aan te melden zodat we deze snel kunnen verwerken in ons systeem en jou je geld terug kunnen geven. Zorg ervoor dat je jouw klant- en ordernummer bij de hand houdt, dan zorgen wij voor een snelle afhandeling! Door wie wordt de verzendkosten van de retour betaald? De verzendkosten voor je retour zijn voor eigen rekening. Je kunt jouw pakket versturen met alle gewenste pakketdiensten. Wij adviseren je om je pakket met PostNL te verzenden. Een standaard pakket versturen kost ongeveer \u20ac4.10 vanuit Nederland en Belgi\u00eb naar ons adres.","og_url":"https:\/\/deluxevibe.nl\/sv\/veelgestelde-vragen\/","og_site_name":"deluxevibe.nl","article_modified_time":"2025-04-05T21:40:43+00:00","twitter_card":"summary_large_image","twitter_misc":{"Ber\u00e4knad l\u00e4stid":"2 minuter"},"schema":{"@context":"https:\/\/schema.org","@graph":[{"@type":"WebPage","@id":"https:\/\/deluxevibe.nl\/veelgestelde-vragen\/","url":"https:\/\/deluxevibe.nl\/veelgestelde-vragen\/","name":"VEELGESTELDE VRAGEN - deluxevibe.nl","isPartOf":{"@id":"https:\/\/deluxevibe.nl\/#website"},"datePublished":"2023-03-16T22:28:54+00:00","dateModified":"2025-04-05T21:40:43+00:00","breadcrumb":{"@id":"https:\/\/deluxevibe.nl\/veelgestelde-vragen\/#breadcrumb"},"inLanguage":"sv-SE","potentialAction":[{"@type":"ReadAction","target":["https:\/\/deluxevibe.nl\/veelgestelde-vragen\/"]}]},{"@type":"BreadcrumbList","@id":"https:\/\/deluxevibe.nl\/veelgestelde-vragen\/#breadcrumb","itemListElement":[{"@type":"ListItem","position":1,"name":"Home","item":"https:\/\/deluxevibe.nl\/"},{"@type":"ListItem","position":2,"name":"VEELGESTELDE VRAGEN"}]},{"@type":"WebSite","@id":"https:\/\/deluxevibe.nl\/#website","url":"https:\/\/deluxevibe.nl\/","name":"deluxevibe.nl","description":"Luxe zonnebrillen voor dames en heren","potentialAction":[{"@type":"SearchAction","target":{"@type":"EntryPoint","urlTemplate":"https:\/\/deluxevibe.nl\/?s={search_term_string}"},"query-input":{"@type":"PropertyValueSpecification","valueRequired":true,"valueName":"search_term_string"}}],"inLanguage":"sv-SE"}]}},"_links":{"self":[{"href":"https:\/\/deluxevibe.nl\/sv\/wp-json\/wp\/v2\/pages\/24235","targetHints":{"allow":["GET"]}}],"collection":[{"href":"https:\/\/deluxevibe.nl\/sv\/wp-json\/wp\/v2\/pages"}],"about":[{"href":"https:\/\/deluxevibe.nl\/sv\/wp-json\/wp\/v2\/types\/page"}],"author":[{"embeddable":true,"href":"https:\/\/deluxevibe.nl\/sv\/wp-json\/wp\/v2\/users\/1"}],"replies":[{"embeddable":true,"href":"https:\/\/deluxevibe.nl\/sv\/wp-json\/wp\/v2\/comments?post=24235"}],"version-history":[{"count":3,"href":"https:\/\/deluxevibe.nl\/sv\/wp-json\/wp\/v2\/pages\/24235\/revisions"}],"predecessor-version":[{"id":27451,"href":"https:\/\/deluxevibe.nl\/sv\/wp-json\/wp\/v2\/pages\/24235\/revisions\/27451"}],"wp:attachment":[{"href":"https:\/\/deluxevibe.nl\/sv\/wp-json\/wp\/v2\/media?parent=24235"}],"curies":[{"name":"wp","href":"https:\/\/api.w.org\/{rel}","templated":true}]}}