{"id":225,"date":"2023-03-16T14:38:34","date_gmt":"2023-03-16T13:38:34","guid":{"rendered":"https:\/\/deluxevibe.nl\/?product=premium-classic-vibe-brown-gold"},"modified":"2025-04-11T12:24:14","modified_gmt":"2025-04-11T10:24:14","slug":"premium-classic-vibe-brown-gold","status":"publish","type":"product","link":"https:\/\/deluxevibe.nl\/sv\/produkt\/premium-classic-vibe-brown-gold\/","title":{"rendered":"Premium klassisk vibe \u2013 Brun\/guld"},"content":{"rendered":"<div><span style=\"color: #ff2a00;\"><b data-mce-fragment=\"1\">OBS!\u00a0<\/b>G\u00e5r det inte att betala i efterhand?\u00a0<\/span>Kontrollera sedan att du inte har skrivit fel i ditt namn, adressuppgifter, telefonnummer och f\u00f6delsedatum. Dessutom kr\u00e4vs en korrekt e-postadress. \u00c4r dina uppgifter korrekta? D\u00e5 rekommenderar vi att du v\u00e4ljer iDeal som betalningsmetod!<\/div>\n<ul data-mce-fragment=\"1\">\n<li data-mce-fragment=\"1\">P\u00e5 De Luxe Vibe s\u00e4ljer vi endast solglas\u00f6gon fr\u00e5n<span data-mce-fragment=\"1\">\u00a0<\/span><strong data-mce-fragment=\"1\">h\u00f6gsta kvalitet!<\/strong><span data-mce-fragment=\"1\">\u00a0<\/span>Vi bryr oss om v\u00e5ra produkter och kunden och det \u00e4r d\u00e4rf\u00f6r vi ser till att v\u00e5ra solglas\u00f6gon endast \u00e4r gjorda av det b\u00e4sta materialet. Vi vill ocks\u00e5 att v\u00e5r kund ska vara n\u00f6jd med produkten och d\u00e4rf\u00f6r har vi n\u00f6jd-garanti p\u00e5 alla v\u00e5ra produkter. Vi kommer alltid att se till att du<span data-mce-fragment=\"1\">\u00a0<\/span><strong data-mce-fragment=\"1\">100% n\u00f6jd<\/strong><span data-mce-fragment=\"1\">\u00a0<\/span>\u00e4r med din best\u00e4llning! Bra kvalitet beh\u00f6ver dock inte vara dyrt. Det \u00e4r d\u00e4rf\u00f6r alla solglas\u00f6gon p\u00e5 De Luxe Vibe \u00e4r prisv\u00e4rda. P\u00e5 s\u00e5 s\u00e4tt kan alla njuta av solglas\u00f6gon av h\u00f6g kvalitet!<\/li>\n<\/ul>\n<ul data-mce-fragment=\"1\">\n<li data-mce-fragment=\"1\">Alla v\u00e5ra solglas\u00f6gon har ett<span data-mce-fragment=\"1\">\u00a0<\/span><strong data-mce-fragment=\"1\">unik design<\/strong>. Denna unika design s\u00e4kerst\u00e4ller f\u00f6rst och fr\u00e4mst att alla kan hitta solglas\u00f6gonen f\u00f6r honom eller henne h\u00e4r. Dessutom ser v\u00e5r design till att varje par solglas\u00f6gon har en...<span data-mce-fragment=\"1\">\u00a0<\/span><strong data-mce-fragment=\"1\">lyxigt utseende<\/strong><span data-mce-fragment=\"1\">\u00a0<\/span>har. P\u00e5 De Luxe Vibe vill vi ge varje kund m\u00f6jlighet till ett sofistikerat chic utseende. Det som ocks\u00e5 \u00e4r bra med v\u00e5ra solglas\u00f6gon \u00e4r att de alla kommer med UV400-skydd och en PC-lins. Detta s\u00e4kerst\u00e4ller att De Luxe Vibe solglas\u00f6gon inte bara ser lyxiga ut, utan att de ocks\u00e5 har fantastisk kvalitet.<\/li>\n<\/ul>\n<ul data-mce-fragment=\"1\">\n<li data-mce-fragment=\"1\">Solglas\u00f6gon med<span data-mce-fragment=\"1\">\u00a0<\/span><strong data-mce-fragment=\"1\">UV400 skydd<\/strong><span data-mce-fragment=\"1\">\u00a0<\/span>\u00e4r oerh\u00f6rt viktigt. Det betyder att v\u00e5ra solglas\u00f6gon kan blockera ultraviolett ljus. Anledningen till att detta ljus \u00e4r s\u00e5 farligt \u00e4r att du inte kan se det, men det kan orsaka blindhet. UV400-solglas\u00f6gonen fr\u00e5n De Luxe Vibe kommer att skydda dina \u00f6gon mot UV-skador och...<span data-mce-fragment=\"1\">\u00a0<\/span><strong data-mce-fragment=\"1\">h\u00e5ll dina \u00f6gon friska<\/strong>. Dessutom inneh\u00e5ller v\u00e5ra glas\u00f6gon en PC-lins (<span data-mce-fragment=\"1\">polykarbonatlinser)<\/span>. Detta f\u00f6r att l\u00e5ta ljus passera igenom, s\u00e5 att du fortfarande kan se allt fullt ut n\u00e4r du \u00e4r ute. Har \u00e4ven PC<span data-mce-fragment=\"1\">\u00a0<\/span>h\u00f6g h\u00e5rdhet, bra elektrisk isolering och kommer inte att f\u00f6rorena milj\u00f6n. Dessutom ett PC-objektiv\u00a0<strong data-mce-fragment=\"1\">bekv\u00e4mare att b\u00e4ra under l\u00e5ng tid.<\/strong><\/li>\n<\/ul>\n<h4 data-mce-fragment=\"1\"><strong data-mce-fragment=\"1\">Specifikationer:<\/strong><\/h4>\n<table data-mce-fragment=\"1\">\n<tbody data-mce-fragment=\"1\">\n<tr data-mce-fragment=\"1\">\n<td data-mce-fragment=\"1\">Skydd:<\/td>\n<td data-mce-fragment=\"1\">UV400 skydd<\/td>\n<\/tr>\n<tr data-mce-fragment=\"1\">\n<td data-mce-fragment=\"1\">\n<div data-mce-fragment=\"1\"><span data-mce-fragment=\"1\">Bredd:<\/span><\/div>\n<\/td>\n<td data-mce-fragment=\"1\">135 mm<\/td>\n<\/tr>\n<tr data-mce-fragment=\"1\">\n<td data-mce-fragment=\"1\">\n<div data-mce-fragment=\"1\"><span data-mce-fragment=\"1\">L\u00e4ngd:<\/span><\/div>\n<\/td>\n<td data-mce-fragment=\"1\">147 mm<\/td>\n<\/tr>\n<tr data-mce-fragment=\"1\">\n<td data-mce-fragment=\"1\">\n<div data-mce-fragment=\"1\">\n<div data-mce-fragment=\"1\"><\/div>\n<\/div>\n<div data-mce-fragment=\"1\"><span data-mce-fragment=\"1\">Rammaterial:<\/span><\/div>\n<\/td>\n<td data-mce-fragment=\"1\">Metall<\/td>\n<\/tr>\n<tr data-mce-fragment=\"1\">\n<td data-mce-fragment=\"1\">\n<div data-mce-fragment=\"1\"><span data-mce-fragment=\"1\">Linsmaterial:<\/span><\/div>\n<\/td>\n<td data-mce-fragment=\"1\">PC\u00a0<span data-mce-fragment=\"1\">(<\/span><span data-mce-fragment=\"1\">polykarbonatlinser)<\/span><\/td>\n<\/tr>\n<tr data-mce-fragment=\"1\">\n<td data-mce-fragment=\"1\">\n<div data-mce-fragment=\"1\"><span data-mce-fragment=\"1\">Linsh\u00f6jd:<\/span><\/div>\n<\/td>\n<td data-mce-fragment=\"1\">38 mm<\/td>\n<\/tr>\n<tr data-mce-fragment=\"1\">\n<td data-mce-fragment=\"1\">\n<div data-mce-fragment=\"1\">Linsbredd:<\/div>\n<\/td>\n<td data-mce-fragment=\"1\">58 mm<\/td>\n<\/tr>\n<tr data-mce-fragment=\"1\">\n<td data-mce-fragment=\"1\">N\u00e4sbrygga:<\/td>\n<td data-mce-fragment=\"1\">19 mm<\/td>\n<\/tr>\n<tr data-mce-fragment=\"1\">\n<td data-mce-fragment=\"1\">\n<div data-mce-fragment=\"1\">Vikt:<\/div>\n<\/td>\n<td data-mce-fragment=\"1\">23,2 gram<\/td>\n<\/tr>\n<\/tbody>\n<\/table>\n<h4 data-mce-fragment=\"1\"><img decoding=\"async\" src=\"https:\/\/cdn.shopify.com\/s\/files\/1\/0566\/3578\/5281\/files\/Premium_classic_vibe_productbeschrijving_maat_480x480.webp?v=1655575201\" alt=\"Zonnebrillen voor dames en heren\" data-mce-fragment=\"1\" \/><\/h4>\n<p data-mce-fragment=\"1\"><img decoding=\"async\" src=\"https:\/\/cdn.shopify.com\/s\/files\/1\/0566\/3578\/5281\/files\/Cases_zonnebrillen_1_480x480.webp?v=1655581910\" alt=\"Zonnebrillen voor dames en heren\" data-mce-fragment=\"1\" \/><\/p>","protected":false},"excerpt":{"rendered":"<p>\u2714\ufe0f Best\u00e4llt innan 16:00, levereras imorgon!<br data-start=\"191\" data-end=\"194\" \/>\u2714\ufe0f Enkel betalning i efterhand med Klarna!<br data-start=\"237\" data-end=\"240\" \/>\u2714\ufe0f Garanterat h\u00f6g kvalitet!<br data-start=\"275\" data-end=\"278\" \/>\u2714\ufe0f Inte n\u00f6jd = pengarna tillbaka!<br data-start=\"304\" data-end=\"307\" \/>\u2714\ufe0f Tv\u00e5 \u00e5rs garanti!<\/p>","protected":false},"featured_media":24621,"template":"","meta":[],"product_brand":[],"product_cat":[16,235,236,227],"product_tag":[17,18,19,20],"class_list":{"0":"post-225","1":"product","2":"type-product","3":"status-publish","4":"has-post-thumbnail","6":"product_cat-alle-zonnebrillen","7":"product_cat-dames-zonnebrillen","8":"product_cat-heren-zonnebrillen","9":"product_cat-premium-classic-vibe","10":"product_tag-betaalbare-zonnebrillen","11":"product_tag-dames-en-heren-zonnebrillen","12":"product_tag-luxe-zonnebrillen","13":"product_tag-zonnebrillen-voor-dames-en-heren","15":"first","16":"instock","17":"sale","18":"shipping-taxable","19":"purchasable","20":"product-type-simple"},"yoast_head":"<!-- This site is optimized with the Yoast SEO Premium plugin v20.12 (Yoast SEO v27.3) - https:\/\/yoast.com\/product\/yoast-seo-premium-wordpress\/ -->\n<title>Premium classic vibe - Brown\/gold - deluxevibe.nl<\/title>\n<meta name=\"robots\" content=\"index, follow, max-snippet:-1, max-image-preview:large, max-video-preview:-1\" \/>\n<link rel=\"canonical\" href=\"https:\/\/deluxevibe.nl\/sv\/produkt\/premium-classic-vibe-brown-gold\/\" \/>\n<meta property=\"og:locale\" content=\"sv_SE\" \/>\n<meta property=\"og:type\" content=\"article\" \/>\n<meta property=\"og:title\" content=\"Premium classic vibe - Brown\/gold\" \/>\n<meta property=\"og:description\" content=\"\u2714\ufe0f Voor 16:00 besteld, morgen thuisbezorgd!\u2714\ufe0f Gemakkelijk achteraf betalen met Klarna!\u2714\ufe0f Gegarandeerd van hoge kwaliteit!\u2714\ufe0f Niet goed = geld terug!\u2714\ufe0f Twee jaar garantie!\" \/>\n<meta property=\"og:url\" content=\"https:\/\/deluxevibe.nl\/sv\/produkt\/premium-classic-vibe-brown-gold\/\" \/>\n<meta property=\"og:site_name\" content=\"deluxevibe.nl\" \/>\n<meta property=\"article:modified_time\" content=\"2025-04-11T10:24:14+00:00\" \/>\n<meta property=\"og:image\" content=\"http:\/\/deluxevibe.nl\/files\/2023\/03\/Zonnebrillen-kopen-62.webp\" \/>\n\t<meta property=\"og:image:width\" content=\"800\" \/>\n\t<meta property=\"og:image:height\" content=\"800\" \/>\n\t<meta property=\"og:image:type\" content=\"image\/webp\" \/>\n<meta name=\"twitter:card\" content=\"summary_large_image\" \/>\n<meta name=\"twitter:label1\" content=\"Ber\u00e4knad l\u00e4stid\" \/>\n\t<meta name=\"twitter:data1\" content=\"3 minuter\" \/>\n<script type=\"application\/ld+json\" class=\"yoast-schema-graph\">{\"@context\":\"https:\\\/\\\/schema.org\",\"@graph\":[{\"@type\":\"WebPage\",\"@id\":\"https:\\\/\\\/deluxevibe.nl\\\/product\\\/premium-classic-vibe-brown-gold\\\/\",\"url\":\"https:\\\/\\\/deluxevibe.nl\\\/product\\\/premium-classic-vibe-brown-gold\\\/\",\"name\":\"Premium classic vibe - Brown\\\/gold - deluxevibe.nl\",\"isPartOf\":{\"@id\":\"https:\\\/\\\/deluxevibe.nl\\\/#website\"},\"primaryImageOfPage\":{\"@id\":\"https:\\\/\\\/deluxevibe.nl\\\/product\\\/premium-classic-vibe-brown-gold\\\/#primaryimage\"},\"image\":{\"@id\":\"https:\\\/\\\/deluxevibe.nl\\\/product\\\/premium-classic-vibe-brown-gold\\\/#primaryimage\"},\"thumbnailUrl\":\"https:\\\/\\\/deluxevibe.nl\\\/files\\\/2023\\\/03\\\/Zonnebrillen-kopen-62.webp\",\"datePublished\":\"2023-03-16T13:38:34+00:00\",\"dateModified\":\"2025-04-11T10:24:14+00:00\",\"breadcrumb\":{\"@id\":\"https:\\\/\\\/deluxevibe.nl\\\/product\\\/premium-classic-vibe-brown-gold\\\/#breadcrumb\"},\"inLanguage\":\"sv-SE\",\"potentialAction\":[{\"@type\":\"ReadAction\",\"target\":[\"https:\\\/\\\/deluxevibe.nl\\\/product\\\/premium-classic-vibe-brown-gold\\\/\"]}]},{\"@type\":\"ImageObject\",\"inLanguage\":\"sv-SE\",\"@id\":\"https:\\\/\\\/deluxevibe.nl\\\/product\\\/premium-classic-vibe-brown-gold\\\/#primaryimage\",\"url\":\"https:\\\/\\\/deluxevibe.nl\\\/files\\\/2023\\\/03\\\/Zonnebrillen-kopen-62.webp\",\"contentUrl\":\"https:\\\/\\\/deluxevibe.nl\\\/files\\\/2023\\\/03\\\/Zonnebrillen-kopen-62.webp\",\"width\":800,\"height\":800,\"caption\":\"Zonnebrillen kopen\"},{\"@type\":\"BreadcrumbList\",\"@id\":\"https:\\\/\\\/deluxevibe.nl\\\/product\\\/premium-classic-vibe-brown-gold\\\/#breadcrumb\",\"itemListElement\":[{\"@type\":\"ListItem\",\"position\":1,\"name\":\"Home\",\"item\":\"https:\\\/\\\/deluxevibe.nl\\\/\"},{\"@type\":\"ListItem\",\"position\":2,\"name\":\"Shop\",\"item\":\"https:\\\/\\\/deluxevibe.nl\\\/zonnebrillen-2\\\/\"},{\"@type\":\"ListItem\",\"position\":3,\"name\":\"Premium classic vibe &#8211; Brown\\\/gold\"}]},{\"@type\":\"WebSite\",\"@id\":\"https:\\\/\\\/deluxevibe.nl\\\/#website\",\"url\":\"https:\\\/\\\/deluxevibe.nl\\\/\",\"name\":\"deluxevibe.nl\",\"description\":\"Luxe zonnebrillen voor dames en heren\",\"potentialAction\":[{\"@type\":\"SearchAction\",\"target\":{\"@type\":\"EntryPoint\",\"urlTemplate\":\"https:\\\/\\\/deluxevibe.nl\\\/?s={search_term_string}\"},\"query-input\":{\"@type\":\"PropertyValueSpecification\",\"valueRequired\":true,\"valueName\":\"search_term_string\"}}],\"inLanguage\":\"sv-SE\"}]}<\/script>\n<!-- \/ Yoast SEO Premium plugin. -->","yoast_head_json":{"title":"Premium classic vibe - Brown\/gold - deluxevibe.nl","robots":{"index":"index","follow":"follow","max-snippet":"max-snippet:-1","max-image-preview":"max-image-preview:large","max-video-preview":"max-video-preview:-1"},"canonical":"https:\/\/deluxevibe.nl\/sv\/produkt\/premium-classic-vibe-brown-gold\/","og_locale":"sv_SE","og_type":"article","og_title":"Premium classic vibe - Brown\/gold","og_description":"\u2714\ufe0f Voor 16:00 besteld, morgen thuisbezorgd!\u2714\ufe0f Gemakkelijk achteraf betalen met Klarna!\u2714\ufe0f Gegarandeerd van hoge kwaliteit!\u2714\ufe0f Niet goed = geld terug!\u2714\ufe0f Twee jaar garantie!","og_url":"https:\/\/deluxevibe.nl\/sv\/produkt\/premium-classic-vibe-brown-gold\/","og_site_name":"deluxevibe.nl","article_modified_time":"2025-04-11T10:24:14+00:00","og_image":[{"width":800,"height":800,"url":"http:\/\/deluxevibe.nl\/files\/2023\/03\/Zonnebrillen-kopen-62.webp","type":"image\/webp"}],"twitter_card":"summary_large_image","twitter_misc":{"Ber\u00e4knad l\u00e4stid":"3 minuter"},"schema":{"@context":"https:\/\/schema.org","@graph":[{"@type":"WebPage","@id":"https:\/\/deluxevibe.nl\/product\/premium-classic-vibe-brown-gold\/","url":"https:\/\/deluxevibe.nl\/product\/premium-classic-vibe-brown-gold\/","name":"Premium classic vibe - Brown\/gold - deluxevibe.nl","isPartOf":{"@id":"https:\/\/deluxevibe.nl\/#website"},"primaryImageOfPage":{"@id":"https:\/\/deluxevibe.nl\/product\/premium-classic-vibe-brown-gold\/#primaryimage"},"image":{"@id":"https:\/\/deluxevibe.nl\/product\/premium-classic-vibe-brown-gold\/#primaryimage"},"thumbnailUrl":"https:\/\/deluxevibe.nl\/files\/2023\/03\/Zonnebrillen-kopen-62.webp","datePublished":"2023-03-16T13:38:34+00:00","dateModified":"2025-04-11T10:24:14+00:00","breadcrumb":{"@id":"https:\/\/deluxevibe.nl\/product\/premium-classic-vibe-brown-gold\/#breadcrumb"},"inLanguage":"sv-SE","potentialAction":[{"@type":"ReadAction","target":["https:\/\/deluxevibe.nl\/product\/premium-classic-vibe-brown-gold\/"]}]},{"@type":"ImageObject","inLanguage":"sv-SE","@id":"https:\/\/deluxevibe.nl\/product\/premium-classic-vibe-brown-gold\/#primaryimage","url":"https:\/\/deluxevibe.nl\/files\/2023\/03\/Zonnebrillen-kopen-62.webp","contentUrl":"https:\/\/deluxevibe.nl\/files\/2023\/03\/Zonnebrillen-kopen-62.webp","width":800,"height":800,"caption":"Zonnebrillen kopen"},{"@type":"BreadcrumbList","@id":"https:\/\/deluxevibe.nl\/product\/premium-classic-vibe-brown-gold\/#breadcrumb","itemListElement":[{"@type":"ListItem","position":1,"name":"Home","item":"https:\/\/deluxevibe.nl\/"},{"@type":"ListItem","position":2,"name":"Shop","item":"https:\/\/deluxevibe.nl\/zonnebrillen-2\/"},{"@type":"ListItem","position":3,"name":"Premium classic vibe &#8211; Brown\/gold"}]},{"@type":"WebSite","@id":"https:\/\/deluxevibe.nl\/#website","url":"https:\/\/deluxevibe.nl\/","name":"deluxevibe.nl","description":"Luxe zonnebrillen voor dames en heren","potentialAction":[{"@type":"SearchAction","target":{"@type":"EntryPoint","urlTemplate":"https:\/\/deluxevibe.nl\/?s={search_term_string}"},"query-input":{"@type":"PropertyValueSpecification","valueRequired":true,"valueName":"search_term_string"}}],"inLanguage":"sv-SE"}]}},"_links":{"self":[{"href":"https:\/\/deluxevibe.nl\/sv\/wp-json\/wp\/v2\/product\/225","targetHints":{"allow":["GET"]}}],"collection":[{"href":"https:\/\/deluxevibe.nl\/sv\/wp-json\/wp\/v2\/product"}],"about":[{"href":"https:\/\/deluxevibe.nl\/sv\/wp-json\/wp\/v2\/types\/product"}],"version-history":[{"count":2,"href":"https:\/\/deluxevibe.nl\/sv\/wp-json\/wp\/v2\/product\/225\/revisions"}],"predecessor-version":[{"id":27685,"href":"https:\/\/deluxevibe.nl\/sv\/wp-json\/wp\/v2\/product\/225\/revisions\/27685"}],"wp:featuredmedia":[{"embeddable":true,"href":"https:\/\/deluxevibe.nl\/sv\/wp-json\/wp\/v2\/media\/24621"}],"wp:attachment":[{"href":"https:\/\/deluxevibe.nl\/sv\/wp-json\/wp\/v2\/media?parent=225"}],"wp:term":[{"taxonomy":"product_brand","embeddable":true,"href":"https:\/\/deluxevibe.nl\/sv\/wp-json\/wp\/v2\/product_brand?post=225"},{"taxonomy":"product_cat","embeddable":true,"href":"https:\/\/deluxevibe.nl\/sv\/wp-json\/wp\/v2\/product_cat?post=225"},{"taxonomy":"product_tag","embeddable":true,"href":"https:\/\/deluxevibe.nl\/sv\/wp-json\/wp\/v2\/product_tag?post=225"}],"curies":[{"name":"wp","href":"https:\/\/api.w.org\/{rel}","templated":true}]}}